{"id":1617,"date":"2022-06-29T16:00:40","date_gmt":"2022-06-29T14:00:40","guid":{"rendered":"https:\/\/www.visitvarmland.com\/karlstad\/?page_id=1617"},"modified":"2024-06-04T20:35:52","modified_gmt":"2024-06-04T18:35:52","slug":"batbuss-i-karlstad","status":"publish","type":"page","link":"https:\/\/www.visitvarmland.com\/karlstad\/batbuss-i-karlstad\/","title":{"rendered":"B\u00e5tbuss i Karlstad"},"content":{"rendered":"\n<p>Vi vill g\u00f6ra det lite l\u00e4ttare f\u00f6r dig som g\u00e4st som vill \u00e5ka med b\u00e5tbussarna p\u00e5 Klar\u00e4lven och i V\u00e4nern. S\u00e5 vi har samlat de olika turerna h\u00e4r med lite tips om saker att b\u00e5de se och g\u00f6ra l\u00e4ngs v\u00e4gen. <\/p>\n\n\n\n<p>F\u00f6r aktuella tidtabeller rekommenderar vi att du alltid kollar av hos V\u00e4rmlandstrafik innan du \u00e5ker, hos dem kan du \u00e4ven k\u00f6pa f\u00f6rk\u00f6p p\u00e5 dina biljetter: <a rel=\"noreferrer noopener\" href=\"https:\/\/www.varmlandstrafik.se\/\" target=\"_blank\">https:\/\/www.varmlandstrafik.se\/<\/a><\/p>\n\n\n\n<p>Varmt v\u00e4lkommen ombord p\u00e5 b\u00e5tbussarna i Karlstad!<\/p>\n\n\n\n<div class=\"wp-block-group atheme-wrapper--full\"><div class=\"wp-block-group__inner-container is-layout-flow wp-block-group-is-layout-flow\">\n<div class=\"wp-block-columns is-layout-flex wp-container-core-columns-is-layout-9d6595d7 wp-block-columns-is-layout-flex\">\n<div class=\"wp-block-column is-layout-flow wp-block-column-is-layout-flow\">\n<div class=\"wp-block-atheme-component-cta atheme-wrapper\"><div class=\"atheme-components-cta--decoration-right\"><\/div><div class=\"atheme-components-cta--decoration-left\"><\/div><div class=\"atheme-components-cta\" style=\"height:600px;min-height:300px;background-image:url( https:\/\/www.visitvarmland.com\/karlstad\/wp-content\/uploads\/sites\/11\/2022\/05\/Mariebergsskogen-78-190712-Webbanpassad-Foto-Christine-Holm.jpg );background-size:cover;background-position:center center;background-attachment:scroll\"><div class=\"atheme-components-cta--overlay\"> <\/div><div class=\"atheme-components-cta--text\"><div><a href=\"https:\/\/www.visitvarmland.com\/karlstad\/tips-och-guider\/kort-battur-till-mariebergsskogens-manga-upplevelser\/\" target=\"_self\" rel=\"noopener\"><h3>B\u00e4sta s\u00e4ttet att bes\u00f6ka Mariebergsskogen<\/h3><p>Ta med hela familjen och bara njut<\/p><div class=\"atheme-components-cta--text-border\"><\/div><\/a><\/div><\/div><\/div><\/div>\n\n\n\n<div class=\"wp-block-atheme-component-cta atheme-wrapper\"><div class=\"atheme-components-cta--decoration-right\"><\/div><div class=\"atheme-components-cta--decoration-left\"><\/div><div class=\"atheme-components-cta\" style=\"height:600px;min-height:300px;background-image:url( https:\/\/www.visitvarmland.com\/karlstad\/wp-content\/uploads\/sites\/11\/2022\/06\/SaLange_MariaW_har-originalet.jpg );background-size:cover;background-position:center center;background-attachment:scroll\"><div class=\"atheme-components-cta--overlay\"> <\/div><div class=\"atheme-components-cta--text\"><div><a href=\"https:\/\/www.visitvarmland.com\/karlstad\/tips-och-guider\/hammaro-lillangshamnen-och-ett-unikt-fiskrokeri\/\" target=\"_self\" rel=\"noopener\"><h3>Ett unikt fisker\u00f6keri och restaurang<\/h3><p>Hit reser du med den vackraste b\u00e5tbussturen<\/p><div class=\"atheme-components-cta--text-border\"><\/div><\/a><\/div><\/div><\/div><\/div>\n<\/div>\n\n\n\n<div class=\"wp-block-column is-layout-flow wp-block-column-is-layout-flow\">\n<div class=\"wp-block-atheme-component-cta atheme-wrapper\"><div class=\"atheme-components-cta--decoration-right\"><\/div><div class=\"atheme-components-cta--decoration-left\"><\/div><div class=\"atheme-components-cta\" style=\"height:600px;min-height:300px;background-image:url( https:\/\/www.visitvarmland.com\/karlstad\/wp-content\/uploads\/sites\/11\/2023\/06\/DJI_1406-scaled-e1688041153134.jpg );background-size:cover;background-position:center center;background-attachment:scroll\"><div class=\"atheme-components-cta--overlay\"> <\/div><div class=\"atheme-components-cta--text\"><div><h3>Guidade rundturer med b\u00e5tbussen<\/h3><p>\u00c5k med och l\u00e4r dig mer om Karlstad, b\u00e5de historia och nutid<\/p><div class=\"atheme-components-cta--text-border\"><\/div><\/div><\/div><\/div><\/div>\n\n\n\n<div class=\"wp-block-atheme-component-cta atheme-wrapper\"><div class=\"atheme-components-cta--decoration-right\"><\/div><div class=\"atheme-components-cta--decoration-left\"><\/div><div class=\"atheme-components-cta\" style=\"height:600px;min-height:300px;background-image:url( https:\/\/www.visitvarmland.com\/karlstad\/wp-content\/uploads\/sites\/11\/2022\/07\/borgvik-kopiera.jpg );background-size:cover;background-position:center center;background-attachment:scroll\"><div class=\"atheme-components-cta--overlay\"> <\/div><div class=\"atheme-components-cta--text\"><div><a href=\"https:\/\/www.visitvarmland.com\/karlstad\/tips-och-guider\/lar-dig-om-industrins-historia-och-livet-langs-vanern-och-norsalven\/\" target=\"_self\" rel=\"noopener\"><h3>Nya vackra turer fyllda av historier<\/h3><p>\u00c5k fr\u00e5n V\u00e5lberg till Borgvik<\/p><div class=\"atheme-components-cta--text-border\"><\/div><\/a><\/div><\/div><\/div><\/div>\n<\/div>\n<\/div>\n<\/div><\/div>\n\n\n\n<div class=\"wp-block-group atheme-wrapper--full\"><div class=\"wp-block-group__inner-container is-layout-flow wp-block-group-is-layout-flow\">\n<div class=\"wp-block-columns is-layout-flex wp-container-core-columns-is-layout-9d6595d7 wp-block-columns-is-layout-flex\">\n<div class=\"wp-block-column is-layout-flow wp-block-column-is-layout-flow\">\n<div class=\"wp-block-atheme-component-cta atheme-wrapper\"><div class=\"atheme-components-cta--decoration-right\"><\/div><div class=\"atheme-components-cta--decoration-left\"><\/div><div class=\"atheme-components-cta\" style=\"height:600px;min-height:300px;background-image:url( https:\/\/www.visitvarmland.com\/karlstad\/wp-content\/uploads\/sites\/11\/2022\/06\/Vastra-Langholmen-132-210625-UtskriftsKlar-UtskriftSkarp-Foto-Christine-Holm-kopiera-e1657186867372.jpg );background-size:cover;background-position:center center;background-attachment:scroll\"><div class=\"atheme-components-cta--overlay\"> <\/div><div class=\"atheme-components-cta--text\"><div><a href=\"https:\/\/www.visitvarmland.com\/karlstad\/tips-och-guider\/ta-batbussen-till-nagra-av-vanerns-22-000-oar-for-bad-och-eller-vandring\/\" target=\"_self\" rel=\"noopener\"><h3>Bad- och vandringsm\u00f6jligeter i V\u00e4nersk\u00e4rg\u00e5rden<\/h3><p>Bes\u00f6k n\u00e5gra av V\u00e4nerns 22 000 kobbar och sk\u00e4r<\/p><div class=\"atheme-components-cta--text-border\"><\/div><\/a><\/div><\/div><\/div><\/div>\n<\/div>\n\n\n\n<div class=\"wp-block-column is-layout-flow wp-block-column-is-layout-flow\">\n<div class=\"wp-block-atheme-component-cta atheme-wrapper\"><div class=\"atheme-components-cta--decoration-right\"><\/div><div class=\"atheme-components-cta--decoration-left\"><\/div><div class=\"atheme-components-cta\" style=\"height:600px;min-height:300px;background-image:url( https:\/\/www.visitvarmland.com\/karlstad\/wp-content\/uploads\/sites\/11\/2022\/06\/218789604_928971474501390_2462590713874331422_n.jpg );background-size:cover;background-position:center center;background-attachment:scroll\"><div class=\"atheme-components-cta--overlay\"> <\/div><div class=\"atheme-components-cta--text\"><div><a href=\"https:\/\/www.visitvarmland.com\/karlstad\/tips-och-guider\/upptack-kristinehamns-vackra-skargard\/\" target=\"_self\" rel=\"noopener\"><h3>P\u00e5 \u00e4ventyr \u00f6sterut<\/h3><p>Uppt\u00e4ck Kristinehamns vackra sk\u00e4rg\u00e5rd<\/p><div class=\"atheme-components-cta--text-border\"><\/div><\/a><\/div><\/div><\/div><\/div>\n<\/div>\n<\/div>\n<\/div><\/div>\n\n\n\n<div class=\"wp-block-atheme-component-cta atheme-wrapper\"><div class=\"atheme-components-cta--decoration-right\"><\/div><div class=\"atheme-components-cta--decoration-left\"><\/div><div class=\"atheme-components-cta\" style=\"height:600px;min-height:300px;background-image:url( https:\/\/www.visitvarmland.com\/karlstad\/wp-content\/uploads\/sites\/11\/2023\/06\/20220614_145947-kopiera.jpg );background-size:cover;background-position:center center;background-attachment:scroll\"><div class=\"atheme-components-cta--overlay\"> <\/div><div class=\"atheme-components-cta--text\"><div><a href=\"https:\/\/www.visitvarmland.com\/karlstad\/tips-och-guider\/en-klaralvstur-med-manga-mojligheter-till-fikastopp\/\" target=\"_self\" rel=\"noopener\"><h3>Fikastopp med b\u00e5tbussen<\/h3><p>Flera trevliga caf\u00e9er l\u00e4ngs med Klar\u00e4lven<\/p><div class=\"atheme-components-cta--text-border\"><\/div><\/a><\/div><\/div><\/div><\/div>\n\n\n\n<p><\/p>\n","protected":false},"excerpt":{"rendered":"<p>Vi vill g\u00f6ra det lite l\u00e4ttare f\u00f6r dig som g\u00e4st som vill \u00e5ka med b\u00e5tbussarna p\u00e5 Klar\u00e4lven och i V\u00e4nern. S\u00e5 vi har samlat de olika turerna h\u00e4r med lite tips om saker att b\u00e5de se och g\u00f6ra l\u00e4ngs v\u00e4gen. F\u00f6r aktuella tidtabeller rekommenderar vi att du alltid kollar av hos V\u00e4rmlandstrafik innan du \u00e5ker, [&hellip;]<\/p>\n","protected":false},"author":14,"featured_media":0,"parent":0,"menu_order":0,"comment_status":"closed","ping_status":"closed","template":"","meta":{"_acf_changed":false,"footnotes":""},"class_list":["post-1617","page","type-page","status-publish","hentry"],"acf":[],"lang":"sv","translations":{"sv":1617},"pll_sync_post":[],"_links":{"self":[{"href":"https:\/\/www.visitvarmland.com\/karlstad\/wp-json\/wp\/v2\/pages\/1617","targetHints":{"allow":["GET"]}}],"collection":[{"href":"https:\/\/www.visitvarmland.com\/karlstad\/wp-json\/wp\/v2\/pages"}],"about":[{"href":"https:\/\/www.visitvarmland.com\/karlstad\/wp-json\/wp\/v2\/types\/page"}],"author":[{"embeddable":true,"href":"https:\/\/www.visitvarmland.com\/karlstad\/wp-json\/wp\/v2\/users\/14"}],"replies":[{"embeddable":true,"href":"https:\/\/www.visitvarmland.com\/karlstad\/wp-json\/wp\/v2\/comments?post=1617"}],"version-history":[{"count":34,"href":"https:\/\/www.visitvarmland.com\/karlstad\/wp-json\/wp\/v2\/pages\/1617\/revisions"}],"predecessor-version":[{"id":3405,"href":"https:\/\/www.visitvarmland.com\/karlstad\/wp-json\/wp\/v2\/pages\/1617\/revisions\/3405"}],"wp:attachment":[{"href":"https:\/\/www.visitvarmland.com\/karlstad\/wp-json\/wp\/v2\/media?parent=1617"}],"curies":[{"name":"wp","href":"https:\/\/api.w.org\/{rel}","templated":true}]}}