{"id":208,"date":"2021-05-11T14:57:29","date_gmt":"2021-05-11T12:57:29","guid":{"rendered":"https:\/\/www.visitvarmland.com\/karlstad\/?page_id=208"},"modified":"2024-10-27T18:09:36","modified_gmt":"2024-10-27T17:09:36","slug":"resa-hit","status":"publish","type":"page","link":"https:\/\/www.visitvarmland.com\/karlstad\/resa-hit\/","title":{"rendered":"Resa hit"},"content":{"rendered":"\n<div class=\"wp-block-atheme-component-cta atheme-wrapper--full\"><div class=\"atheme-components-cta--decoration-right\"><\/div><div class=\"atheme-components-cta--decoration-left\"><\/div><div class=\"atheme-components-cta\" style=\"height:600px;min-height:300px;background-image:url( https:\/\/www.visitvarmland.com\/karlstad\/wp-content\/uploads\/sites\/11\/2022\/09\/Karlstads-Kommun-Autumn-48-191013-UtskriftsKlar-UtskriftSkarp-Foto-Christine-Holm-kopiera.jpg );background-size:cover;background-position:center center;background-attachment:scroll\"><div class=\"atheme-components-cta--overlay\"> <\/div><div class=\"atheme-components-cta--text\"><div><h3>Resa till Karlstad<\/h3><p>Karlstad ligger geografiskt i mitten av en triangel mellan tre stora st\u00e4der. Avst\u00e5ndet fr\u00e5n Oslo \u00e4r 22 mil, fr\u00e5n G\u00f6teborg 25 mil och fr\u00e5n Stockholm \u00e4r det 30 mil.<\/p><div class=\"atheme-components-cta--text-border\"><\/div><\/div><\/div><\/div><\/div>\n\n\n\n<div class=\"wp-block-columns is-layout-flex wp-container-core-columns-is-layout-9d6595d7 wp-block-columns-is-layout-flex\">\n<div class=\"wp-block-column is-layout-flow wp-block-column-is-layout-flow\" style=\"flex-basis:33.33%\">\n<figure class=\"wp-block-image size-large is-resized\"><img loading=\"lazy\" decoding=\"async\" src=\"https:\/\/www.visitvarmland.com\/karlstad\/wp-content\/uploads\/sites\/11\/2021\/05\/tag-1024x1006.png\" alt=\"\" class=\"wp-image-2821\" width=\"119\" height=\"117\" srcset=\"https:\/\/www.visitvarmland.com\/app\/uploads\/sites\/11\/2021\/05\/tag-1024x1006.png 1024w, https:\/\/www.visitvarmland.com\/app\/uploads\/sites\/11\/2021\/05\/tag-300x295.png 300w, https:\/\/www.visitvarmland.com\/app\/uploads\/sites\/11\/2021\/05\/tag-768x754.png 768w, https:\/\/www.visitvarmland.com\/app\/uploads\/sites\/11\/2021\/05\/tag-1536x1509.png 1536w, https:\/\/www.visitvarmland.com\/app\/uploads\/sites\/11\/2021\/05\/tag-150x147.png 150w, https:\/\/www.visitvarmland.com\/app\/uploads\/sites\/11\/2021\/05\/tag-600x589.png 600w, https:\/\/www.visitvarmland.com\/app\/uploads\/sites\/11\/2021\/05\/tag.png 1735w\" sizes=\"auto, (max-width: 119px) 100vw, 119px\" \/><\/figure>\n<\/div>\n\n\n\n<div class=\"wp-block-column is-layout-flow wp-block-column-is-layout-flow\" style=\"flex-basis:66.66%\">\n<h3 class=\"wp-block-heading\"><strong>Med t\u00e5g<\/strong><\/h3>\n\n\n\n<p>Fr\u00e5n G\u00f6teborg tar det 2,5 timmar med snabbt\u00e5g till Karlstad och fr\u00e5n Oslo tar det 3 timmar och fr\u00e5n Stockholm 3 timmar. Centralstationen ligger centralt och du n\u00e5r drygt 1 000 hotellrum inom 12 minuters promenadv\u00e4g fr\u00e5n stationen.<\/p>\n<\/div>\n<\/div>\n\n\n\n<div class=\"wp-block-columns is-layout-flex wp-container-core-columns-is-layout-9d6595d7 wp-block-columns-is-layout-flex\">\n<div class=\"wp-block-column is-layout-flow wp-block-column-is-layout-flow\" style=\"flex-basis:33.33%\">\n<figure class=\"wp-block-image size-large is-resized\"><img loading=\"lazy\" decoding=\"async\" src=\"https:\/\/www.visitvarmland.com\/karlstad\/wp-content\/uploads\/sites\/11\/2021\/05\/bus-1024x1006.png\" alt=\"\" class=\"wp-image-2822\" width=\"118\" height=\"116\" srcset=\"https:\/\/www.visitvarmland.com\/app\/uploads\/sites\/11\/2021\/05\/bus-1024x1006.png 1024w, https:\/\/www.visitvarmland.com\/app\/uploads\/sites\/11\/2021\/05\/bus-300x295.png 300w, https:\/\/www.visitvarmland.com\/app\/uploads\/sites\/11\/2021\/05\/bus-768x754.png 768w, https:\/\/www.visitvarmland.com\/app\/uploads\/sites\/11\/2021\/05\/bus-1536x1509.png 1536w, https:\/\/www.visitvarmland.com\/app\/uploads\/sites\/11\/2021\/05\/bus-150x147.png 150w, https:\/\/www.visitvarmland.com\/app\/uploads\/sites\/11\/2021\/05\/bus-600x589.png 600w, https:\/\/www.visitvarmland.com\/app\/uploads\/sites\/11\/2021\/05\/bus.png 1735w\" sizes=\"auto, (max-width: 118px) 100vw, 118px\" \/><\/figure>\n<\/div>\n\n\n\n<div class=\"wp-block-column is-layout-flow wp-block-column-is-layout-flow\" style=\"flex-basis:66.66%\">\n<h3 class=\"wp-block-heading\">Med buss<\/h3>\n\n\n\n<p>Till Karlstad med expressbuss kan du komma med bland andra Bus4You och Flixbus. I Karlstad och i V\u00e4rmland \u00e5ker du med V\u00e4rmlandstrafik.<\/p>\n<\/div>\n<\/div>\n\n\n\n<div class=\"wp-block-columns is-layout-flex wp-container-core-columns-is-layout-9d6595d7 wp-block-columns-is-layout-flex\">\n<div class=\"wp-block-column is-layout-flow wp-block-column-is-layout-flow\" style=\"flex-basis:33.33%\">\n<figure class=\"wp-block-image size-large is-resized\"><img loading=\"lazy\" decoding=\"async\" src=\"https:\/\/www.visitvarmland.com\/karlstad\/wp-content\/uploads\/sites\/11\/2021\/05\/car-1024x1006.png\" alt=\"\" class=\"wp-image-2823\" width=\"118\" height=\"116\" srcset=\"https:\/\/www.visitvarmland.com\/app\/uploads\/sites\/11\/2021\/05\/car-1024x1006.png 1024w, https:\/\/www.visitvarmland.com\/app\/uploads\/sites\/11\/2021\/05\/car-300x295.png 300w, https:\/\/www.visitvarmland.com\/app\/uploads\/sites\/11\/2021\/05\/car-768x754.png 768w, https:\/\/www.visitvarmland.com\/app\/uploads\/sites\/11\/2021\/05\/car-1536x1509.png 1536w, https:\/\/www.visitvarmland.com\/app\/uploads\/sites\/11\/2021\/05\/car-150x147.png 150w, https:\/\/www.visitvarmland.com\/app\/uploads\/sites\/11\/2021\/05\/car-600x589.png 600w, https:\/\/www.visitvarmland.com\/app\/uploads\/sites\/11\/2021\/05\/car.png 1735w\" sizes=\"auto, (max-width: 118px) 100vw, 118px\" \/><\/figure>\n<\/div>\n\n\n\n<div class=\"wp-block-column is-layout-flow wp-block-column-is-layout-flow\" style=\"flex-basis:66.66%\">\n<h3 class=\"wp-block-heading\">Med bil<\/h3>\n\n\n\n<p>Tar du bilen fr\u00e5n Stockholm eller Oslo \u00e4r det E18 som g\u00e4ller f\u00f6r att komma hit. \u00c5ker du fr\u00e5n G\u00f6teborg s\u00e5 finns E45 och E6 att v\u00e4lja p\u00e5.<\/p>\n<\/div>\n<\/div>\n\n\n\n<div class=\"wp-block-columns is-layout-flex wp-container-core-columns-is-layout-9d6595d7 wp-block-columns-is-layout-flex\">\n<div class=\"wp-block-column is-layout-flow wp-block-column-is-layout-flow\" style=\"flex-basis:33.33%\">\n<figure class=\"wp-block-image size-large is-resized\"><img loading=\"lazy\" decoding=\"async\" src=\"https:\/\/www.visitvarmland.com\/karlstad\/wp-content\/uploads\/sites\/11\/2021\/05\/airplane-1024x1006.png\" alt=\"\" class=\"wp-image-2824\" width=\"122\" height=\"119\" srcset=\"https:\/\/www.visitvarmland.com\/app\/uploads\/sites\/11\/2021\/05\/airplane-1024x1006.png 1024w, https:\/\/www.visitvarmland.com\/app\/uploads\/sites\/11\/2021\/05\/airplane-300x295.png 300w, https:\/\/www.visitvarmland.com\/app\/uploads\/sites\/11\/2021\/05\/airplane-768x754.png 768w, https:\/\/www.visitvarmland.com\/app\/uploads\/sites\/11\/2021\/05\/airplane-1536x1509.png 1536w, https:\/\/www.visitvarmland.com\/app\/uploads\/sites\/11\/2021\/05\/airplane-150x147.png 150w, https:\/\/www.visitvarmland.com\/app\/uploads\/sites\/11\/2021\/05\/airplane-600x589.png 600w, https:\/\/www.visitvarmland.com\/app\/uploads\/sites\/11\/2021\/05\/airplane.png 1735w\" sizes=\"auto, (max-width: 122px) 100vw, 122px\" \/><\/figure>\n<\/div>\n\n\n\n<div class=\"wp-block-column is-layout-flow wp-block-column-is-layout-flow\" style=\"flex-basis:66.66%\">\n<h3 class=\"wp-block-heading\">Med flyg<\/h3>\n\n\n\n<p>Karlstad Airport ligger 17 km utanf\u00f6r Karlstads centrum och d\u00e4r g\u00e5r det linjeflyg mellan Karlstad och Arlanda i Stockholm.<br><\/p>\n<\/div>\n<\/div>\n\n\n\n<h2 class=\"wp-block-heading\">Parkering i Karlstad<\/h2>\n\n\n\n<p>H\u00e4r har vi samlat nyttiga l\u00e4nkar d\u00e4r du kan l\u00e4sa om hur du parkerar med bil, lastbil, buss och motorcykel i Karlstad samt var parkeringshusen i centrum finns.<\/p>\n\n\n\n<p><a href=\"https:\/\/karlstad.se\/Trafik-och-resor\/Trafik-och-gator\/Parkering-av-fordon\/\" target=\"_blank\" rel=\"noreferrer noopener\">https:\/\/karlstad.se\/Trafik-och-resor\/Trafik-och-gator\/Parkering-av-fordon\/<\/a><\/p>\n\n\n\n<p>H\u00e4r kan du se var i Karlstad du hittar st\u00e4llplatser d\u00e4r du kan parkera med din husbil f\u00f6r b\u00e5de korttids- och l\u00e5ngtidsparkering.<\/p>\n\n\n\n<p><a href=\"https:\/\/karlstad.se\/Trafik-och-resor\/Trafik-och-gator\/Parkering-av-fordon\/parkering-for-husbil\/\" target=\"_blank\" rel=\"noreferrer noopener\">https:\/\/karlstad.se\/Trafik-och-resor\/Trafik-och-gator\/Parkering-av-fordon\/parkering-for-husbil\/<\/a><\/p>\n\n\n\n<p>H\u00e4r kan du se var man parkerar en turistbuss i Karlstad. Det finns upp till ett 30-tal platser p\u00e5 kommunal mark varav ca 15 i centrala Karlstad.<\/p>\n\n\n\n<p><a href=\"https:\/\/karlstad.se\/Trafik-och-resor\/Trafik-och-gator\/Parkering-av-fordon\/parkering-turistbussar\/\" target=\"_blank\" rel=\"noreferrer noopener\">https:\/\/karlstad.se\/Trafik-och-resor\/Trafik-och-gator\/Parkering-av-fordon\/parkering-turistbussar\/<\/a><\/p>\n","protected":false},"excerpt":{"rendered":"<p>Med t\u00e5g Fr\u00e5n G\u00f6teborg tar det 2,5 timmar med snabbt\u00e5g till Karlstad och fr\u00e5n Oslo tar det 3 timmar och fr\u00e5n Stockholm 3 timmar. Centralstationen ligger centralt och du n\u00e5r drygt 1 000 hotellrum inom 12 minuters promenadv\u00e4g fr\u00e5n stationen. Med buss Till Karlstad med expressbuss kan du komma med bland andra Bus4You och Flixbus. [&hellip;]<\/p>\n","protected":false},"author":383,"featured_media":0,"parent":0,"menu_order":0,"comment_status":"closed","ping_status":"closed","template":"","meta":{"_acf_changed":false,"footnotes":""},"class_list":["post-208","page","type-page","status-publish","hentry"],"acf":[],"lang":"sv","translations":{"sv":208},"pll_sync_post":[],"_links":{"self":[{"href":"https:\/\/www.visitvarmland.com\/karlstad\/wp-json\/wp\/v2\/pages\/208","targetHints":{"allow":["GET"]}}],"collection":[{"href":"https:\/\/www.visitvarmland.com\/karlstad\/wp-json\/wp\/v2\/pages"}],"about":[{"href":"https:\/\/www.visitvarmland.com\/karlstad\/wp-json\/wp\/v2\/types\/page"}],"author":[{"embeddable":true,"href":"https:\/\/www.visitvarmland.com\/karlstad\/wp-json\/wp\/v2\/users\/383"}],"replies":[{"embeddable":true,"href":"https:\/\/www.visitvarmland.com\/karlstad\/wp-json\/wp\/v2\/comments?post=208"}],"version-history":[{"count":32,"href":"https:\/\/www.visitvarmland.com\/karlstad\/wp-json\/wp\/v2\/pages\/208\/revisions"}],"predecessor-version":[{"id":3229,"href":"https:\/\/www.visitvarmland.com\/karlstad\/wp-json\/wp\/v2\/pages\/208\/revisions\/3229"}],"wp:attachment":[{"href":"https:\/\/www.visitvarmland.com\/karlstad\/wp-json\/wp\/v2\/media?parent=208"}],"curies":[{"name":"wp","href":"https:\/\/api.w.org\/{rel}","templated":true}]}}