{"id":503,"date":"2021-09-24T08:54:27","date_gmt":"2021-09-24T06:54:27","guid":{"rendered":"https:\/\/www.visitvarmland.com\/karlstad\/?page_id=503"},"modified":"2024-06-04T20:35:52","modified_gmt":"2024-06-04T18:35:52","slug":"kontakt-karlstad","status":"publish","type":"page","link":"https:\/\/www.visitvarmland.com\/karlstad\/kontakt-karlstad\/","title":{"rendered":"Kontakt Karlstad"},"content":{"rendered":"\n<h2 class=\"wp-block-heading\">Karlstads kommuns Kontaktcenter <\/h2>\n\n\n\n<p>F\u00f6r mer allm\u00e4nna fr\u00e5gor kan Kontaktcenter antingen svara dig eller v\u00e4gleda dig till r\u00e4tt person eller verksamhet. <br>Telefon: 054-540 00 00<br>E-post: <a href=\"mailto:karlstadskommun@karlstad.se\">karlstadskommun@karlstad.se<\/a><br>\u00d6ppettider: M\u00e5ndag till fredag 08.00-16.30<\/p>\n","protected":false},"excerpt":{"rendered":"<p>Karlstads kommuns Kontaktcenter F\u00f6r mer allm\u00e4nna fr\u00e5gor kan Kontaktcenter antingen svara dig eller v\u00e4gleda dig till r\u00e4tt person eller verksamhet. Telefon: 054-540 00 00E-post: karlstadskommun@karlstad.se\u00d6ppettider: M\u00e5ndag till fredag 08.00-16.30<\/p>\n","protected":false},"author":14,"featured_media":0,"parent":0,"menu_order":0,"comment_status":"closed","ping_status":"closed","template":"","meta":{"_acf_changed":false,"footnotes":""},"class_list":["post-503","page","type-page","status-publish","hentry"],"acf":[],"lang":"sv","translations":{"sv":503},"pll_sync_post":[],"_links":{"self":[{"href":"https:\/\/www.visitvarmland.com\/karlstad\/wp-json\/wp\/v2\/pages\/503","targetHints":{"allow":["GET"]}}],"collection":[{"href":"https:\/\/www.visitvarmland.com\/karlstad\/wp-json\/wp\/v2\/pages"}],"about":[{"href":"https:\/\/www.visitvarmland.com\/karlstad\/wp-json\/wp\/v2\/types\/page"}],"author":[{"embeddable":true,"href":"https:\/\/www.visitvarmland.com\/karlstad\/wp-json\/wp\/v2\/users\/14"}],"replies":[{"embeddable":true,"href":"https:\/\/www.visitvarmland.com\/karlstad\/wp-json\/wp\/v2\/comments?post=503"}],"version-history":[{"count":21,"href":"https:\/\/www.visitvarmland.com\/karlstad\/wp-json\/wp\/v2\/pages\/503\/revisions"}],"predecessor-version":[{"id":1476,"href":"https:\/\/www.visitvarmland.com\/karlstad\/wp-json\/wp\/v2\/pages\/503\/revisions\/1476"}],"wp:attachment":[{"href":"https:\/\/www.visitvarmland.com\/karlstad\/wp-json\/wp\/v2\/media?parent=503"}],"curies":[{"name":"wp","href":"https:\/\/api.w.org\/{rel}","templated":true}]}}