{"id":789,"date":"2021-10-05T14:38:00","date_gmt":"2021-10-05T12:38:00","guid":{"rendered":"https:\/\/www.visitvarmland.com\/karlstad\/?page_id=789"},"modified":"2024-06-04T20:35:52","modified_gmt":"2024-06-04T18:35:52","slug":"marknadskanaler-i-karlstad","status":"publish","type":"page","link":"https:\/\/www.visitvarmland.com\/karlstad\/marknadskanaler-i-karlstad\/","title":{"rendered":"Marknadskanaler i Karlstad"},"content":{"rendered":"\n<h2 class=\"wp-block-heading\">Webbplats med turistinformation<\/h2>\n\n\n\n<p>Det \u00e4r webbplatsen som du befinner dig p\u00e5 just nu och som inneh\u00e5ller aktiviteter, boende, sev\u00e4rdheter och evenemang men ocks\u00e5 redaktionellt material. <\/p>\n\n\n\n<p>Vill du lyfta n\u00e5got h\u00e4r s\u00e5 kontakta <a href=\"mailto:jonas.persson2@karlstad.se\">jonas.persson2@karlstad.se<\/a> <\/p>\n\n\n\n<h2 class=\"wp-block-heading\">Facebook <\/h2>\n\n\n\n<p>Visit Karlstad har en sida p\u00e5 Facebook som representerar Karlstadsregionen men med fokus p\u00e5 Karlstad. D\u00e4r tipsar vi bland annat om evenemang och aktiviteter. <br><a href=\"https:\/\/www.facebook.com\/visitkarlstad\/\" target=\"_blank\" rel=\"noreferrer noopener\">https:\/\/www.facebook.com\/visitkarlstad\/<\/a><\/p>\n\n\n\n<p>Vill du lyfta ett evenemang p\u00e5 Facebook kontakta <a href=\"mailto:maria.ostling@karlstad.se\">maria.ostling@karlstad.se<\/a> <\/p>\n\n\n\n<h2 class=\"wp-block-heading\">Instagram <\/h2>\n\n\n\n<p>Visit Karlstad har ocks\u00e5 ett konto p\u00e5 Instagram som representerar Karlstadsregionen men med fokus p\u00e5 Karlstad. H\u00e4r kan du se m\u00e5nga vackra bilder fr\u00e5n v\u00e5r region men \u00e4ven f\u00e5 tips om smultronst\u00e4llen.<br><a href=\"https:\/\/www.instagram.com\/visitkarlstad\/\" target=\"_blank\" rel=\"noreferrer noopener\">https:\/\/www.instagram.com\/visitkarlstad\/<\/a><\/p>\n\n\n\n<p>Ansvarig f\u00f6r Instagram \u00e4r <a href=\"mailto:maria.ostling@karlstad.se\">maria.ostling@karlstad.se<\/a><\/p>\n\n\n\n<h2 class=\"wp-block-heading\">Bes\u00f6ksserviceplatser f\u00f6r Karlstads g\u00e4ster<\/h2>\n\n\n\n<p>1 september 2018 st\u00e4ngde turistbyr\u00e5n i Karlstad. F\u00f6r att b\u00e4ttre n\u00e5 ut till v\u00e5ra g\u00e4ster har vi satsat p\u00e5 att skapa s\u00e5 kallade bes\u00f6ksserviceplatser runt omkring i Karlstad. Dessa platser finns p\u00e5 hotell, museum, aff\u00e4rer och bes\u00f6ksm\u00e5l. D\u00e4r kan v\u00e5ra bes\u00f6kare h\u00e4mta olika trycksaker och f\u00e5 tips av de som jobbar d\u00e4r. Idag finns det 28 stycken bes\u00f6ksserviceplatser runt omkring i Karlstad. <\/p>\n\n\n\n<p>En fullst\u00e4ndig lista med kontaktinformation kan du hitta h\u00e4r: <a href=\"https:\/\/www.visitvarmland.com\/karlstad\/besoksinfo\/\">https:\/\/www.visitvarmland.com\/karlstad\/besoksinfo\/<br><\/a><br>Har du fr\u00e5gor kring v\u00e5rt koncept med bes\u00f6ksserviceplatser s\u00e5 kan du kontakta <a href=\"mailto:maria.ostling@karlstad.se\">maria.ostling@karlstad.se<\/a> <\/p>\n\n\n\n<h2 class=\"wp-block-heading\">Marknadsf\u00f6ra evenemang via turistdatabasen <\/h2>\n\n\n\n<p>Har du ett evenemang som du vill marknadsf\u00f6ra kan du fylla i ett formul\u00e4r p\u00e5 webben och ocks\u00e5 bifoga bilder. D\u00e5 publicerar vi sedan evenemanget i en databas som g\u00f6r att evenemanget visas h\u00e4r p\u00e5 visitvarmland.com och \u00e4ven i evenemangskalendern p\u00e5 karlstad.se.<br><a href=\"https:\/\/karlstad.se\/uppleva-och-gora\/evenemang\/tipsa-om-eget-evenemang\" target=\"_blank\" rel=\"noreferrer noopener\">https:\/\/karlstad.se\/uppleva-och-gora\/evenemang\/tipsa-om-eget-evenemang<\/a><br><br>Beh\u00f6ver du hj\u00e4lp s\u00e5 kan du kontakta <a href=\"mailto:jonas.persson2@karlstad.se\">jonas.persson2@karlstad.se<\/a> <\/p>\n\n\n\n<h2 class=\"wp-block-heading\">Digitala skyltar l\u00e4ngs med E-18 <\/h2>\n\n\n\n<p>Vi har \u00e4ven tv\u00e5 digitala skyltar som sitter bredvid E-18 p\u00e5 v\u00e4g in till Karlstad b\u00e5de v\u00e4ster och \u00f6ster ifr\u00e5n. D\u00e4r lyfter vi ett urval av de st\u00f6rre kommande evenemangen som anses vara reseanledningar till Karlstad.<br><br>Vill du lyfta ett evenemang p\u00e5 skyltarna kontakta <a href=\"mailto:maria.ostling@karlstad.se\">maria.ostling@karlstad.se<\/a><\/p>\n\n\n\n<h2 class=\"wp-block-heading\">Kartor \u00f6ver Karlstad<\/h2>\n\n\n\n<p>Varje \u00e5r produceras tv\u00e5 olika kartor f\u00f6r Karlstads del. Det finns en mer helt\u00e4ckande Karlstadskarta och en mindre centrumkarta. De inneh\u00e5ller information p\u00e5 svenska och engelska. <br><br>Vill du best\u00e4lla kartor kontakta <a href=\"mailto:jonas.persson2@karlstad.se\">jonas.persson2@karlstad.se<\/a><\/p>\n","protected":false},"excerpt":{"rendered":"<p>Webbplats med turistinformation Det \u00e4r webbplatsen som du befinner dig p\u00e5 just nu och som inneh\u00e5ller aktiviteter, boende, sev\u00e4rdheter och evenemang men ocks\u00e5 redaktionellt material. Vill du lyfta n\u00e5got h\u00e4r s\u00e5 kontakta jonas.persson2@karlstad.se Facebook Visit Karlstad har en sida p\u00e5 Facebook som representerar Karlstadsregionen men med fokus p\u00e5 Karlstad. D\u00e4r tipsar vi bland annat om [&hellip;]<\/p>\n","protected":false},"author":14,"featured_media":0,"parent":0,"menu_order":0,"comment_status":"closed","ping_status":"closed","template":"","meta":{"_acf_changed":false,"footnotes":""},"class_list":["post-789","page","type-page","status-publish","hentry"],"acf":[],"lang":"sv","translations":{"sv":789},"pll_sync_post":[],"_links":{"self":[{"href":"https:\/\/www.visitvarmland.com\/karlstad\/wp-json\/wp\/v2\/pages\/789","targetHints":{"allow":["GET"]}}],"collection":[{"href":"https:\/\/www.visitvarmland.com\/karlstad\/wp-json\/wp\/v2\/pages"}],"about":[{"href":"https:\/\/www.visitvarmland.com\/karlstad\/wp-json\/wp\/v2\/types\/page"}],"author":[{"embeddable":true,"href":"https:\/\/www.visitvarmland.com\/karlstad\/wp-json\/wp\/v2\/users\/14"}],"replies":[{"embeddable":true,"href":"https:\/\/www.visitvarmland.com\/karlstad\/wp-json\/wp\/v2\/comments?post=789"}],"version-history":[{"count":26,"href":"https:\/\/www.visitvarmland.com\/karlstad\/wp-json\/wp\/v2\/pages\/789\/revisions"}],"predecessor-version":[{"id":2602,"href":"https:\/\/www.visitvarmland.com\/karlstad\/wp-json\/wp\/v2\/pages\/789\/revisions\/2602"}],"wp:attachment":[{"href":"https:\/\/www.visitvarmland.com\/karlstad\/wp-json\/wp\/v2\/media?parent=789"}],"curies":[{"name":"wp","href":"https:\/\/api.w.org\/{rel}","templated":true}]}}