{"id":2,"date":"2021-03-17T14:54:30","date_gmt":"2021-03-17T13:54:30","guid":{"rendered":"https:\/\/visitvarmland-webb.test\/kristinehamn\/?page_id=2"},"modified":"2026-04-07T11:55:28","modified_gmt":"2026-04-07T09:55:28","slug":"kristinehamns-turistbyra","status":"publish","type":"page","link":"https:\/\/www.visitvarmland.com\/kristinehamn\/kristinehamns-turistbyra\/","title":{"rendered":"Kristinehamns turistbyr\u00e5"},"content":{"rendered":"\n<h3 class=\"wp-block-heading\">V\u00e4lkommen till m\u00f6tesplatsen som har \u00f6ppet sex dagar i veckan \u00e5ret runt. <\/h3>\n\n\n\n<p>P\u00e5 turistbyr\u00e5n f\u00e5r du tips om Kristinehamn, V\u00e4rmland och V\u00e4nern. H\u00e4r kan du ladda telefonen, anv\u00e4nda gratis WIFI eller BigPad. Vi har ocks\u00e5 broschyrer, kartor, b\u00f6cker, souvenirer, presenter, lokalt hantverk, vykort, frim\u00e4rken samt biljetter till evenemang samt b\u00e5t- och bussresor.<\/p>\n\n\n<div class=\"wp-block-image is-style-default\">\n<figure class=\"aligncenter size-thumbnail\"><img loading=\"lazy\" decoding=\"async\" width=\"150\" height=\"150\" src=\"https:\/\/www.visitvarmland.com\/kristinehamn\/wp-content\/uploads\/sites\/13\/2024\/01\/Tourist-Center-G-150x150.png\" alt=\"\" class=\"wp-image-5503\" srcset=\"https:\/\/www.visitvarmland.com\/app\/uploads\/sites\/13\/2024\/01\/Tourist-Center-G-150x150.png 150w, https:\/\/www.visitvarmland.com\/app\/uploads\/sites\/13\/2024\/01\/Tourist-Center-G-768x775.png 768w, https:\/\/www.visitvarmland.com\/app\/uploads\/sites\/13\/2024\/01\/Tourist-Center-G-12x12.png 12w, https:\/\/www.visitvarmland.com\/app\/uploads\/sites\/13\/2024\/01\/Tourist-Center-G.png 954w\" sizes=\"auto, (max-width: 150px) 100vw, 150px\" \/><\/figure><\/div>\n\n\n<div class=\"wp-block-atheme-component-facts atheme-wrapper\"><div class=\"atheme-facts\"><h3>Kontakta oss:<\/h3><p>Telefon: 0550 &#8211; 881 87<br>E-post: turist@kristinehamn.se<br>Adress: S\u00f6dra Torget 3, 681 31 Kristinehamn<\/p><\/div><\/div>\n\n\n\n<figure class=\"wp-block-image size-large\"><img loading=\"lazy\" decoding=\"async\" width=\"1024\" height=\"614\" src=\"https:\/\/www.visitvarmland.com\/app\/uploads\/sites\/13\/2025\/10\/Gruppbild-Turism_WEB-1-1024x614.jpg\" alt=\"\" class=\"wp-image-9036\" srcset=\"https:\/\/www.visitvarmland.com\/app\/uploads\/sites\/13\/2025\/10\/Gruppbild-Turism_WEB-1-1024x614.jpg 1024w, https:\/\/www.visitvarmland.com\/app\/uploads\/sites\/13\/2025\/10\/Gruppbild-Turism_WEB-1-300x180.jpg 300w, https:\/\/www.visitvarmland.com\/app\/uploads\/sites\/13\/2025\/10\/Gruppbild-Turism_WEB-1-768x461.jpg 768w, https:\/\/www.visitvarmland.com\/app\/uploads\/sites\/13\/2025\/10\/Gruppbild-Turism_WEB-1-150x90.jpg 150w, https:\/\/www.visitvarmland.com\/app\/uploads\/sites\/13\/2025\/10\/Gruppbild-Turism_WEB-1-600x360.jpg 600w, https:\/\/www.visitvarmland.com\/app\/uploads\/sites\/13\/2025\/10\/Gruppbild-Turism_WEB-1.jpg 1500w\" sizes=\"auto, (max-width: 1024px) 100vw, 1024px\" \/><\/figure>\n\n\n\n<div style=\"height:27px\" aria-hidden=\"true\" class=\"wp-block-spacer\"><\/div>\n\n\n\n<h3 class=\"wp-block-heading\">\u00d6ppettider 2026<\/h3>\n\n\n\n<p><strong>1 januari &#8211; 26 april &amp; 28 september &#8211; 31 december<\/strong><br>Vardagar 12.30-16.00 <br>L\u00f6rdagar 11.00-14.00<br>Ut\u00f6ver ordinarie \u00f6ppettider n\u00e5r du \u00e4ven turistbyr\u00e5n p\u00e5 telefon f\u00f6r allm\u00e4nna fr\u00e5gor mellan 11.00-12.00.<\/p>\n\n\n\n<p><strong>27 april &#8211; 17 maj &amp; 31 augusti &#8211; 27 september<\/strong><br>Vardagar 11.00-16.00, (lunchst\u00e4ngt 12.30-13.15)<br>L\u00f6rdagar 11.00-14.00<\/p>\n\n\n\n<p><strong>18 maj &#8211; 14 juni &amp; 17 augusti &#8211; 30 augusti<\/strong><br>Vardagar 11.00-17.00<br>L\u00f6rdagar 11.00-14.00<\/p>\n\n\n\n<p><strong>15 juni &#8211; 16 augusti<\/strong><br>Vardagar 10.00-17.00<br>L\u00f6rdagar 10.00-14.00<br><\/p>\n\n\n\n<div class=\"wp-block-atheme-component-facts atheme-wrapper\"><div class=\"atheme-facts\"><h3>Avvikande \u00f6ppettider<\/h3><p>L\u00e5ngfredag \u00f6ppet 10-13<br><br><strong>St\u00e4ngt:<\/strong> 19\/3, P\u00e5skafton, p\u00e5skdagen, Annandag P\u00e5sk, 1 maj, Kristi Himmelf\u00e4rdsdag, 6 juni, midsommarafton, midsommardagen, 24-26 december och 31 december &#8211; 1\/1 2027  <br><br>Med reservation f\u00f6r \u00e4ndringar<\/p><\/div><\/div>\n\n\n\n<div style=\"height:27px\" aria-hidden=\"true\" class=\"wp-block-spacer\"><\/div>\n\n\n<div class=\"wp-block-image\">\n<figure class=\"aligncenter size-thumbnail\"><img loading=\"lazy\" decoding=\"async\" width=\"150\" height=\"150\" src=\"https:\/\/www.visitvarmland.com\/app\/uploads\/sites\/13\/2026\/04\/InfoPoint-150x150.png\" alt=\"\" class=\"wp-image-9813\" srcset=\"https:\/\/www.visitvarmland.com\/app\/uploads\/sites\/13\/2026\/04\/InfoPoint-150x150.png 150w, https:\/\/www.visitvarmland.com\/app\/uploads\/sites\/13\/2026\/04\/InfoPoint-768x775.png 768w, https:\/\/www.visitvarmland.com\/app\/uploads\/sites\/13\/2026\/04\/InfoPoint.png 954w\" sizes=\"auto, (max-width: 150px) 100vw, 150px\" \/><\/figure><\/div>\n\n\n<div style=\"height:27px\" aria-hidden=\"true\" class=\"wp-block-spacer\"><\/div>\n\n\n\n<h2 class=\"wp-block-heading\">InfoPoints<\/h2>\n\n\n\n<p>F\u00f6rutom turistbyr\u00e5n finns det InfoPoints i Kristinehamn. D\u00e4r kan du hitta broschyrer, kartor och f\u00e5 enklare information av personalen p\u00e5 plats. <\/p>\n\n\n\n<p><strong><a href=\"https:\/\/firstcamp.se\/destinationer\/herrgardsliv-kristinehamn\" target=\"_blank\" rel=\"noopener\">First Camp Herrg\u00e5rdsliv<\/a><\/strong><br>Presterudsall\u00e9n 2<br>0550-102 80<br><\/p>\n\n\n\n<p>Du kan \u00e4ven hitta aktuell bes\u00f6ksguide och Kristinehamnskarta p\u00e5 boenden och andra bes\u00f6ksm\u00e5l runt om i kommunen.<\/p>\n\n\n\n<div class=\"wp-block-atheme-component-action-button atheme-wrapper--action-button-single\"><a href=\"https:\/\/www.visitvarmland.com\/kristinehamn\/en\/ladda-ner-broschyrer-2\/\" target=\"_self\" class=\"a-action a-action--link\" rel=\"noopener\"><span>Ladda ner eller best\u00e4ll broschyrer<\/span><\/a><\/div>\n\n\n\n<p>Kristinehamns turistbyr\u00e5 \u00e4r en del av kommunala bolaget <a href=\"https:\/\/www.kristinehamn.se\/foretagare\/\" target=\"_blank\" rel=\"noopener\">N\u00e4rsam<\/a><\/p>\n\n\n\n<p><\/p>\n","protected":false},"excerpt":{"rendered":"<p>V\u00e4lkommen till m\u00f6tesplatsen som har \u00f6ppet sex dagar i veckan \u00e5ret runt. P\u00e5 turistbyr\u00e5n f\u00e5r du tips om Kristinehamn, V\u00e4rmland och V\u00e4nern. H\u00e4r kan du ladda telefonen, anv\u00e4nda gratis WIFI eller BigPad. Vi har ocks\u00e5 broschyrer, kartor, b\u00f6cker, souvenirer, presenter, lokalt hantverk, vykort, frim\u00e4rken samt biljetter till evenemang samt b\u00e5t- och bussresor. \u00d6ppettider 2026 1 [&hellip;]<\/p>\n","protected":false},"author":383,"featured_media":0,"parent":0,"menu_order":0,"comment_status":"closed","ping_status":"open","template":"","meta":{"_acf_changed":false,"footnotes":""},"class_list":["post-2","page","type-page","status-publish","hentry"],"acf":[],"lang":"sv","translations":{"sv":2,"en":5560},"pll_sync_post":[],"_links":{"self":[{"href":"https:\/\/www.visitvarmland.com\/kristinehamn\/wp-json\/wp\/v2\/pages\/2","targetHints":{"allow":["GET"]}}],"collection":[{"href":"https:\/\/www.visitvarmland.com\/kristinehamn\/wp-json\/wp\/v2\/pages"}],"about":[{"href":"https:\/\/www.visitvarmland.com\/kristinehamn\/wp-json\/wp\/v2\/types\/page"}],"author":[{"embeddable":true,"href":"https:\/\/www.visitvarmland.com\/kristinehamn\/wp-json\/wp\/v2\/users\/383"}],"replies":[{"embeddable":true,"href":"https:\/\/www.visitvarmland.com\/kristinehamn\/wp-json\/wp\/v2\/comments?post=2"}],"version-history":[{"count":9,"href":"https:\/\/www.visitvarmland.com\/kristinehamn\/wp-json\/wp\/v2\/pages\/2\/revisions"}],"predecessor-version":[{"id":9820,"href":"https:\/\/www.visitvarmland.com\/kristinehamn\/wp-json\/wp\/v2\/pages\/2\/revisions\/9820"}],"wp:attachment":[{"href":"https:\/\/www.visitvarmland.com\/kristinehamn\/wp-json\/wp\/v2\/media?parent=2"}],"curies":[{"name":"wp","href":"https:\/\/api.w.org\/{rel}","templated":true}]}}