{"id":207,"date":"2021-05-19T12:42:31","date_gmt":"2021-05-19T10:42:31","guid":{"rendered":"https:\/\/www.visitvarmland.com\/kristinehamn\/?page_id=207"},"modified":"2025-03-19T15:59:42","modified_gmt":"2025-03-19T14:59:42","slug":"resa-hit","status":"publish","type":"page","link":"https:\/\/www.visitvarmland.com\/kristinehamn\/resa-hit\/","title":{"rendered":"Resa hit"},"content":{"rendered":"\n<div class=\"wp-block-atheme-component-cta atheme-wrapper--full\"><div class=\"atheme-components-cta--decoration-right\"><\/div><div class=\"atheme-components-cta--decoration-left\"><\/div><div class=\"atheme-components-cta\" style=\"height:536px;min-height:300px;background-image:url( https:\/\/www.visitvarmland.com\/kristinehamn\/wp-content\/uploads\/sites\/13\/2022\/08\/FaysVision-1-of-1-10.jpg );background-size:cover;background-position:center center;background-repeat:no-repeat;background-attachment:scroll\"><div class=\"atheme-components-cta--overlay\" style=\"background-color:rgb(0,0,0);opacity:0\"> <\/div><div class=\"atheme-components-cta--text\"><div><h3>Res till Kristinehamn<\/h3><p>H\u00e4r hittar du information hur du tar dig till V\u00e4rml\u00e4ndska Kristinehamn vid V\u00e4nerns strand och hur du reser inom kommunen.<\/p><div class=\"atheme-components-cta--text-border\"><\/div><\/div><\/div><\/div><\/div>\n\n\n\n<div class=\"wp-block-columns is-layout-flex wp-container-core-columns-is-layout-9d6595d7 wp-block-columns-is-layout-flex\">\n<div class=\"wp-block-column is-layout-flow wp-block-column-is-layout-flow\" style=\"flex-basis:33.33%\">\n<figure class=\"wp-block-image size-large is-resized is-style-default\"><img loading=\"lazy\" decoding=\"async\" width=\"1024\" height=\"1006\" src=\"https:\/\/www.visitvarmland.com\/kristinehamn\/wp-content\/uploads\/sites\/13\/2021\/05\/car-1024x1006.png\" alt=\"\" class=\"wp-image-208\" srcset=\"https:\/\/www.visitvarmland.com\/app\/uploads\/sites\/13\/2021\/05\/car-1024x1006.png 1024w, https:\/\/www.visitvarmland.com\/app\/uploads\/sites\/13\/2021\/05\/car-300x295.png 300w, https:\/\/www.visitvarmland.com\/app\/uploads\/sites\/13\/2021\/05\/car-768x754.png 768w, https:\/\/www.visitvarmland.com\/app\/uploads\/sites\/13\/2021\/05\/car-1536x1509.png 1536w, https:\/\/www.visitvarmland.com\/app\/uploads\/sites\/13\/2021\/05\/car-150x147.png 150w, https:\/\/www.visitvarmland.com\/app\/uploads\/sites\/13\/2021\/05\/car-600x589.png 600w, https:\/\/www.visitvarmland.com\/app\/uploads\/sites\/13\/2021\/05\/car.png 1735w\" sizes=\"auto, (max-width: 1024px) 100vw, 1024px\" \/><\/figure>\n<\/div>\n\n\n\n<div class=\"wp-block-column is-layout-flow wp-block-column-is-layout-flow\" style=\"flex-basis:66.66%\">\n<h3 class=\"wp-block-heading\">Med bil<\/h3>\n\n\n\n<p>I Kristinehamn \u00e4r det n\u00e4ra till allt, inte bara vattnet. Det \u00e4r bara 25 mil till Stockholm, G\u00f6teborg och Oslo. Kommer du med bilen kommer du antagligen p\u00e5 E18 eller p\u00e5 riksv\u00e4g 26 som korsas i Kristinehamn. V\u00e4lkommen hit!<br>Var ska du parkera bilen? Studera g\u00e4rna <a href=\"https:\/\/khamn.maps.arcgis.com\/apps\/webappviewer\/index.html?appid=876c70fb0d6e4643936e5c7b714ae6fe&amp;extent=1568210.5426%2C8246771.1198%2C1572796.7643%2C8249267.2665%2C102100\" target=\"_blank\" rel=\"noopener\">parkeringskartan<\/a> som finns p\u00e5 Kristinehamns kommuns sida.<\/p>\n<\/div>\n<\/div>\n\n\n\n<div class=\"wp-block-columns is-layout-flex wp-container-core-columns-is-layout-9d6595d7 wp-block-columns-is-layout-flex\">\n<div class=\"wp-block-column is-layout-flow wp-block-column-is-layout-flow\" style=\"flex-basis:33.33%\">\n<figure class=\"wp-block-image size-large is-resized is-style-default\"><img loading=\"lazy\" decoding=\"async\" width=\"1024\" height=\"1006\" src=\"https:\/\/www.visitvarmland.com\/kristinehamn\/wp-content\/uploads\/sites\/13\/2021\/05\/airplane-1024x1006.png\" alt=\"\" class=\"wp-image-209\" srcset=\"https:\/\/www.visitvarmland.com\/app\/uploads\/sites\/13\/2021\/05\/airplane-1024x1006.png 1024w, https:\/\/www.visitvarmland.com\/app\/uploads\/sites\/13\/2021\/05\/airplane-300x295.png 300w, https:\/\/www.visitvarmland.com\/app\/uploads\/sites\/13\/2021\/05\/airplane-768x754.png 768w, https:\/\/www.visitvarmland.com\/app\/uploads\/sites\/13\/2021\/05\/airplane-1536x1509.png 1536w, https:\/\/www.visitvarmland.com\/app\/uploads\/sites\/13\/2021\/05\/airplane-150x147.png 150w, https:\/\/www.visitvarmland.com\/app\/uploads\/sites\/13\/2021\/05\/airplane-600x589.png 600w, https:\/\/www.visitvarmland.com\/app\/uploads\/sites\/13\/2021\/05\/airplane.png 1735w\" sizes=\"auto, (max-width: 1024px) 100vw, 1024px\" \/><\/figure>\n<\/div>\n\n\n\n<div class=\"wp-block-column is-layout-flow wp-block-column-is-layout-flow\" style=\"flex-basis:66.66%\">\n<h3 class=\"wp-block-heading\"><strong>Med flyg<\/strong><\/h3>\n\n\n\n<p>Inom 45 minuter n\u00e5r du tv\u00e5 flygplatser. Fr\u00e5n&nbsp;<a rel=\"noreferrer noopener\" href=\"http:\/\/ksdarprt.se\/\" target=\"_blank\">Karlstad Airport<\/a>&nbsp;g\u00e5r linjeflyg till Stockholm-Arlanda. Dessutom flyger flera charterbolag fr\u00e5n Karlstad. \u00c4ven <a rel=\"noreferrer noopener\" href=\"http:\/\/www.orebroairport.se\/\" target=\"_blank\">\u00d6rebro Airport<\/a>&nbsp;erbjuder charterresor till olika destinationer runt om i v\u00e4rlden.<\/p>\n<\/div>\n<\/div>\n\n\n\n<div class=\"wp-block-columns is-layout-flex wp-container-core-columns-is-layout-9d6595d7 wp-block-columns-is-layout-flex\">\n<div class=\"wp-block-column is-layout-flow wp-block-column-is-layout-flow\" style=\"flex-basis:33.33%\">\n<figure class=\"wp-block-image size-large is-resized is-style-default\"><img loading=\"lazy\" decoding=\"async\" width=\"1024\" height=\"1006\" src=\"https:\/\/www.visitvarmland.com\/kristinehamn\/wp-content\/uploads\/sites\/13\/2021\/05\/boat-1024x1006.png\" alt=\"\" class=\"wp-image-210\" srcset=\"https:\/\/www.visitvarmland.com\/app\/uploads\/sites\/13\/2021\/05\/boat-1024x1006.png 1024w, https:\/\/www.visitvarmland.com\/app\/uploads\/sites\/13\/2021\/05\/boat-300x295.png 300w, https:\/\/www.visitvarmland.com\/app\/uploads\/sites\/13\/2021\/05\/boat-768x754.png 768w, https:\/\/www.visitvarmland.com\/app\/uploads\/sites\/13\/2021\/05\/boat-1536x1509.png 1536w, https:\/\/www.visitvarmland.com\/app\/uploads\/sites\/13\/2021\/05\/boat-150x147.png 150w, https:\/\/www.visitvarmland.com\/app\/uploads\/sites\/13\/2021\/05\/boat-600x589.png 600w, https:\/\/www.visitvarmland.com\/app\/uploads\/sites\/13\/2021\/05\/boat.png 1735w\" sizes=\"auto, (max-width: 1024px) 100vw, 1024px\" \/><\/figure>\n<\/div>\n\n\n\n<div class=\"wp-block-column is-layout-flow wp-block-column-is-layout-flow\" style=\"flex-basis:66.66%\">\n<h3 class=\"wp-block-heading\">Med b\u00e5t<\/h3>\n\n\n\n<p>Kommer du till Kristinehamn med b\u00e5t finns det tv\u00e5 g\u00e4sthamnar, en central och en l\u00e4ngs med V\u00e5l\u00f6sundet samt m\u00e5nga fina naturhamnar. I V\u00e4nern finns \u00f6ver 22 000 \u00f6ar och kobbar. Har du inte egen b\u00e5t finns det \u00e4nd\u00e5 stora m\u00f6jligheter att komma ut p\u00e5 vattnet. Sommartid g\u00e5r b\u00e5tturer som&nbsp;tar dig till flera platser i sk\u00e4rg\u00e5rden. Du kan \u00e4ven hyra b\u00e5t eller kajak l\u00e4ngs V\u00e5l\u00f6sundsv\u00e4gen. L\u00e4s mer om sk\u00e4rg\u00e5rden genom att klicka&nbsp;<a href=\"https:\/\/www.visitkristinehamn.se\/sv\/batturer-pa-vanern\" target=\"_blank\" rel=\"noopener\">h\u00e4r<\/a>.<\/p>\n<\/div>\n<\/div>\n\n\n\n<div class=\"wp-block-columns is-layout-flex wp-container-core-columns-is-layout-9d6595d7 wp-block-columns-is-layout-flex\">\n<div class=\"wp-block-column is-layout-flow wp-block-column-is-layout-flow\" style=\"flex-basis:33.33%\">\n<figure class=\"wp-block-image size-large is-resized is-style-default\"><img loading=\"lazy\" decoding=\"async\" width=\"1024\" height=\"1006\" src=\"https:\/\/www.visitvarmland.com\/kristinehamn\/wp-content\/uploads\/sites\/13\/2021\/05\/bus-1024x1006.png\" alt=\"\" class=\"wp-image-211\" srcset=\"https:\/\/www.visitvarmland.com\/app\/uploads\/sites\/13\/2021\/05\/bus-1024x1006.png 1024w, https:\/\/www.visitvarmland.com\/app\/uploads\/sites\/13\/2021\/05\/bus-300x295.png 300w, https:\/\/www.visitvarmland.com\/app\/uploads\/sites\/13\/2021\/05\/bus-768x754.png 768w, https:\/\/www.visitvarmland.com\/app\/uploads\/sites\/13\/2021\/05\/bus-1536x1509.png 1536w, https:\/\/www.visitvarmland.com\/app\/uploads\/sites\/13\/2021\/05\/bus-150x147.png 150w, https:\/\/www.visitvarmland.com\/app\/uploads\/sites\/13\/2021\/05\/bus-600x589.png 600w, https:\/\/www.visitvarmland.com\/app\/uploads\/sites\/13\/2021\/05\/bus.png 1735w\" sizes=\"auto, (max-width: 1024px) 100vw, 1024px\" \/><\/figure>\n<\/div>\n\n\n\n<div class=\"wp-block-column is-layout-flow wp-block-column-is-layout-flow\" style=\"flex-basis:66.66%\">\n<h3 class=\"wp-block-heading\">Med buss<\/h3>\n\n\n\n<p>I Kristinehamn och i V\u00e4rmland \u00e5ker du med&nbsp;<a href=\"https:\/\/www.varmlandstrafik.se\/\" target=\"_blank\" rel=\"noreferrer noopener\">V\u00e4rmlandstrafik.<\/a>&nbsp;Flera bussbolag trafikerar \u00e4ven V\u00e4rmland med expressbussar, exempelvis&nbsp;<a href=\"https:\/\/www.bus4you.se\/#!\/\" target=\"_blank\" rel=\"noreferrer noopener\">Nettbuss\/Bus4You&nbsp;<\/a>och&nbsp;<a href=\"http:\/\/www.flixbus.se\/\" target=\"_blank\" rel=\"noreferrer noopener\">Flixbus\/Swebuss<\/a>.<br><br>Vill du som grupp resa till Kristinehamn och vill ha offerter kan du via denna sajt <a href=\"https:\/\/www.bokabuss.nu\/\" data-type=\"URL\" data-id=\"https:\/\/www.bokabuss.nu\/\" target=\"_blank\" rel=\"noreferrer noopener\">bokabuss.se<\/a> g\u00f6ra en f\u00f6rfr\u00e5gan och enkelt f\u00e5 flera erbjudanden d\u00e4r du v\u00e4ljer den bussbolag du tycker har den b\u00e4sta offerten f\u00f6r dig. Vill du anv\u00e4nda dig av en lokal akt\u00f6r fr\u00e5n Kristinehamn kan du kontakta <a href=\"https:\/\/vanerbuss.se\/\" data-type=\"URL\" data-id=\"https:\/\/vanerbuss.se\/\" target=\"_blank\" rel=\"noreferrer noopener\">V\u00e4nerbuss<\/a> eller <a href=\"https:\/\/www.charterbuss.se\/\" data-type=\"URL\" data-id=\"https:\/\/www.charterbuss.se\/\" target=\"_blank\" rel=\"noreferrer noopener\">Charterbuss<\/a>.<\/p>\n<\/div>\n<\/div>\n\n\n\n<div class=\"wp-block-columns is-layout-flex wp-container-core-columns-is-layout-9d6595d7 wp-block-columns-is-layout-flex\">\n<div class=\"wp-block-column is-layout-flow wp-block-column-is-layout-flow\" style=\"flex-basis:33.33%\">\n<figure class=\"wp-block-image size-large is-resized is-style-default\"><img loading=\"lazy\" decoding=\"async\" width=\"1024\" height=\"1006\" src=\"https:\/\/www.visitvarmland.com\/kristinehamn\/wp-content\/uploads\/sites\/13\/2021\/06\/tag-1024x1006.png\" alt=\"\" class=\"wp-image-425\" srcset=\"https:\/\/www.visitvarmland.com\/app\/uploads\/sites\/13\/2021\/06\/tag-1024x1006.png 1024w, https:\/\/www.visitvarmland.com\/app\/uploads\/sites\/13\/2021\/06\/tag-300x295.png 300w, https:\/\/www.visitvarmland.com\/app\/uploads\/sites\/13\/2021\/06\/tag-768x754.png 768w, https:\/\/www.visitvarmland.com\/app\/uploads\/sites\/13\/2021\/06\/tag-1536x1509.png 1536w, https:\/\/www.visitvarmland.com\/app\/uploads\/sites\/13\/2021\/06\/tag-150x147.png 150w, https:\/\/www.visitvarmland.com\/app\/uploads\/sites\/13\/2021\/06\/tag-600x589.png 600w, https:\/\/www.visitvarmland.com\/app\/uploads\/sites\/13\/2021\/06\/tag.png 1735w\" sizes=\"auto, (max-width: 1024px) 100vw, 1024px\" \/><\/figure>\n<\/div>\n\n\n\n<div class=\"wp-block-column is-layout-flow wp-block-column-is-layout-flow\" style=\"flex-basis:66.66%\">\n<h3 class=\"wp-block-heading\">Med t\u00e5g<\/h3>\n\n\n\n<p>J\u00e4rnv\u00e4gsstationen\/Resecentrum ligger centralt i Kristinehamn. Hit kommer du med t\u00e5g b\u00e5de fr\u00e5n Stockholm, G\u00f6teborg och Oslo.\u00a0SJ&#8217;s X2000 t\u00e5g tar dig fr\u00e5n Stockholm till Kristinehamn p\u00e5 lite mer \u00e4n tv\u00e5 timmar. <a href=\"https:\/\/www.tagakeriet.se\/\" target=\"_blank\" rel=\"noreferrer noopener\">T\u00e5gab<\/a> fr\u00e5n G\u00f6teborg till Kristinehamn p\u00e5 tv\u00e5 och en halv timme. Inom V\u00e4rmland \u00e5ker du med <a href=\"https:\/\/www.varmlandstrafik.se\/\" target=\"_blank\" rel=\"noreferrer noopener\">V\u00e4rmlandstrafik<\/a>. Du bokar din t\u00e5gresa online p\u00e5 <a href=\"https:\/\/www.sj.se\/#\/\" target=\"_blank\" rel=\"noreferrer noopener\">SJ.se<\/a>.\u00a0Ombord p\u00e5 V\u00e4rmlandstrafikens t\u00e5g kan du k\u00f6pa din biljett med kort. <br><a href=\"https:\/\/res.inlandsbanan.se\/tidtabeller\" target=\"_blank\" rel=\"noreferrer noopener\">Inlandsbanan<\/a> startar i Kristinehamn. 2025:<br>F\u00f6ljande dagar k\u00f6r vi Kristinehamn \u2013 Mora -Kristinehamn. T\u00e5gen g\u00e5r via Kil p\u00e5 tillbakav\u00e4gen. <br><br><strong>18, 19, 25 , 26 juni &amp; 2, 3, 4, 9 , 10 , 11 juli<\/strong><br>Avg. Kristinehamn 08:34, Ank. Mora cirka 13:00\u00a0\u00a0<br>Avg. Mora cirka 13:40, Ank. Kristinehamn 18:38<\/p>\n\n\n\n<p><strong>22, 29 juni &amp; 6 , 13 juli<\/strong><br>Avg. Kristinehamn 06:55, Ank. Mora 12:10\u00a0\u00a0<br>Avg. Mora 12:57, Ank. Kristinehamn 18:36<\/p>\n<\/div>\n<\/div>\n\n\n\n<div class=\"wp-block-columns is-layout-flex wp-container-core-columns-is-layout-9d6595d7 wp-block-columns-is-layout-flex\">\n<div class=\"wp-block-column is-layout-flow wp-block-column-is-layout-flow\" style=\"flex-basis:33.33%\">\n<figure class=\"wp-block-image size-large is-resized is-style-default\"><img loading=\"lazy\" decoding=\"async\" width=\"1024\" height=\"1006\" src=\"https:\/\/www.visitvarmland.com\/kristinehamn\/wp-content\/uploads\/sites\/13\/2021\/05\/cycle-1024x1006.png\" alt=\"\" class=\"wp-image-212\" srcset=\"https:\/\/www.visitvarmland.com\/app\/uploads\/sites\/13\/2021\/05\/cycle-1024x1006.png 1024w, https:\/\/www.visitvarmland.com\/app\/uploads\/sites\/13\/2021\/05\/cycle-300x295.png 300w, https:\/\/www.visitvarmland.com\/app\/uploads\/sites\/13\/2021\/05\/cycle-768x754.png 768w, https:\/\/www.visitvarmland.com\/app\/uploads\/sites\/13\/2021\/05\/cycle-1536x1509.png 1536w, https:\/\/www.visitvarmland.com\/app\/uploads\/sites\/13\/2021\/05\/cycle-150x147.png 150w, https:\/\/www.visitvarmland.com\/app\/uploads\/sites\/13\/2021\/05\/cycle-600x589.png 600w, https:\/\/www.visitvarmland.com\/app\/uploads\/sites\/13\/2021\/05\/cycle.png 1735w\" sizes=\"auto, (max-width: 1024px) 100vw, 1024px\" \/><\/figure>\n<\/div>\n\n\n\n<div class=\"wp-block-column is-layout-flow wp-block-column-is-layout-flow\" style=\"flex-basis:66.66%\">\n<h3 class=\"wp-block-heading\">P\u00e5 cykel<\/h3>\n\n\n\n<p>Att cykla till Kristinehamn \u00e4r kanske inte det vanligaste, men allt fler g\u00f6r det som en del av sin semester. H\u00e4r finns tv\u00e5 campingplatser d\u00e4r du kan bo i stuga eller medhavt t\u00e4lt. Klicka&nbsp;<a href=\"https:\/\/www.visitvarmland.com\/boende?municipalities=kristinehamn\">h\u00e4r<\/a>&nbsp;f\u00f6r att l\u00e4sa om de boende som finns i Kristinehamn.<br><br>N\u00e4r du v\u00e4l \u00e4r h\u00e4r finns goda m\u00f6jligheter till fina upplevelser fr\u00e5n cykelsadeln. Vill du cykla p\u00e5 asfalt finns cykelbanor&nbsp;och speciellt trevligt \u00e4r det att cykla l\u00e4ngs strandkanten till Picasso eller \u00d6sterviks kapell. <br>Den \u00e4ventyrlige kan testa <a href=\"https:\/\/www.kristinehamn.se\/kultur-och-fritid\/motion-lek-och-idrott2\/cykelparker-och-cykelleder\/\" target=\"_blank\" rel=\"noreferrer noopener\">moutainbikelederna<\/a>, se nedan eller varf\u00f6r inte cykla <a href=\"https:\/\/www.lakevanern.se\/upplev-vanern\/se-gora\/cykling\/vanerleden\/\" target=\"_blank\" rel=\"noreferrer noopener\">V\u00e4nern runt<\/a>. En del av den nationella cykelleden V\u00e4nerleden g\u00e5r igenom Kristinehamn. L\u00e4s mer om att cykla i Kristinehamn <a href=\"https:\/\/www.visitvarmland.com\/kristinehamn\/tips-och-guider\/cyklaikristinehamn\/\" data-type=\"URL\" data-id=\"https:\/\/www.visitvarmland.com\/kristinehamn\/tips-och-guider\/cyklaikristinehamn\/\">h\u00e4r<\/a>.  <\/p>\n\n\n\n    <div class=\"cards-section-top\">\n                <h2>Mountainbike<\/h2>\n        <a class=\"a-button\" href=\"https:\/\/visitvarmland.com\/kristinehamn\/aktiviteter?categories=aktiviteter%2Fcykla\">Cykla<\/a>\n    <\/div>\n    <section class=\"cards-section-wrapper\">\n        <div class=\"cards-section-slide\">\n            <!-- Card wrapper -->\n<article class=\"a-card a-card--turid\" link-finder     >\n                <div class=\"a-card__image a-card--turid__image\">\n                <div class=\"bg-img\" style=\"background-image:url(https:\/\/img.turid.visitvarmland.com\/8e91b5f9-3395-4769-992a-dd2774c8196b\/16214150-back-of-a-mtb-cyclist-competing-in-the-forests-at-lida.jpg?q=80&#038;fit=crop&#038;w=300&#038;h=210&#038;v=1&#038;);\"><\/div>\n            <\/div>\n                        <h2 class=\"a-card__title a-card--turid__title\"><a href=\"https:\/\/www.visitvarmland.com\/kristinehamn\/aktiviteter\/cykla\/leder-2\/hultet-mountainbikeled\" data-no-translation>Hultet Mountainbikeled<\/a><\/h2>\n                        <div class=\"a-card__content a-card--turid__content\">Cykla 12 km genom grusv\u00e4gar, upp till h\u00f6jden&hellip;<\/div>\n                        <div class=\"a-card__bottom-wrapper a-card--turid__bottom-wrapper\" style=\"background-image:url();\">                            <div class=\"a-card__favorite a-card--turid__favorite\"><i class=\"fal fa-heart\"><\/i><\/div>\n                        <div class=\"a-card__tag a-card--turid__tag\"><!-- Button wrapper -->\n\n<a class=\"a-tag a-tag--small\" href=\"https:\/\/www.visitvarmland.com\/aktiviteter\/cykla\/leder-2\" target=\"_self\">\n    <span class='a-card--divider'>Leder<\/span>\n    <\/a><\/div>\n                        <\/div>\n            <\/article><!-- Card wrapper -->\n<article class=\"a-card a-card--turid\" link-finder     >\n                <div class=\"a-card__image a-card--turid__image\">\n                <div class=\"bg-img\" style=\"background-image:url(https:\/\/img.turid.visitvarmland.com\/14f35f88-597e-46e7-a99a-83d1970e0637\/foto-roger-borgelid-visit-varmland-mtb-i2-tunnel-allen-12.jpg?q=80&#038;fit=crop&#038;w=300&#038;h=210&#038;v=1&#038;);\"><\/div>\n            <\/div>\n                        <h2 class=\"a-card__title a-card--turid__title\"><a href=\"https:\/\/www.visitvarmland.com\/kristinehamn\/aktiviteter\/cykla\/leder-2\/bjorkvallen-mountainbikeled\" data-no-translation>Bj\u00f6rkvallen Mountainbikeled<\/a><\/h2>\n                        <div class=\"a-card__content a-card--turid__content\">Cykla 12 km p\u00e5 en l\u00e4tt MTB led&hellip;<\/div>\n                        <div class=\"a-card__bottom-wrapper a-card--turid__bottom-wrapper\" style=\"background-image:url();\">                            <div class=\"a-card__favorite a-card--turid__favorite\"><i class=\"fal fa-heart\"><\/i><\/div>\n                        <div class=\"a-card__tag a-card--turid__tag\"><!-- Button wrapper -->\n\n<a class=\"a-tag a-tag--small\" href=\"https:\/\/www.visitvarmland.com\/aktiviteter\/cykla\/leder-2\" target=\"_self\">\n    <span class='a-card--divider'>Leder<\/span>\n    <\/a><\/div>\n                        <\/div>\n            <\/article><!-- Card wrapper -->\n<article class=\"a-card a-card--turid\" link-finder     >\n                <div class=\"a-card__image a-card--turid__image\">\n                <div class=\"bg-img\" style=\"background-image:url(https:\/\/img.turid.visitvarmland.com\/599cebee-0701-4964-9ad7-f9f28649430e\/linnea-palmqvist-7.jpg?q=80&#038;fit=crop&#038;w=300&#038;h=210&#038;v=1&#038;);\"><\/div>\n            <\/div>\n                        <h2 class=\"a-card__title a-card--turid__title\"><a href=\"https:\/\/www.visitvarmland.com\/kristinehamn\/aktiviteter\/cykla\/leder-2\/mtb-mountainbikeled\" data-no-translation>MTB Mountainbikeled<\/a><\/h2>\n                        <div class=\"a-card__content a-card--turid__content\">Cykla 8 km p\u00e5 l\u00e4tt bana med inslag&hellip;<\/div>\n                        <div class=\"a-card__bottom-wrapper a-card--turid__bottom-wrapper\" style=\"background-image:url();\">                            <div class=\"a-card__favorite a-card--turid__favorite\"><i class=\"fal fa-heart\"><\/i><\/div>\n                        <div class=\"a-card__tag a-card--turid__tag\"><!-- Button wrapper -->\n\n<a class=\"a-tag a-tag--small\" href=\"https:\/\/www.visitvarmland.com\/aktiviteter\/cykla\/leder-2\" target=\"_self\">\n    <span class='a-card--divider'>Leder<\/span>\n    <\/a><\/div>\n                        <\/div>\n            <\/article><!-- Card wrapper -->\n<article class=\"a-card a-card--turid\" link-finder     >\n                <div class=\"a-card__image a-card--turid__image\">\n                <div class=\"bg-img\" style=\"background-image:url(https:\/\/img.turid.visitvarmland.com\/12d392fd-82df-4ad2-8702-984149acad90\/foto-roger-borgelid-visit-varmland-mtb-i2-angen-paus-skratt-01.jpg?q=80&#038;fit=crop&#038;w=300&#038;h=210&#038;v=1&#038;);\"><\/div>\n            <\/div>\n                        <h2 class=\"a-card__title a-card--turid__title\"><a href=\"https:\/\/www.visitvarmland.com\/kristinehamn\/aktiviteter\/cykla\/leder-2\/krck-banan-mountainbikeled-2\" data-no-translation>KRCK-Banan Mountainbikeled<\/a><\/h2>\n                        <div class=\"a-card__content a-card--turid__content\">Cykla 3 km l\u00e4tt mtb bana som har&hellip;<\/div>\n                        <div class=\"a-card__bottom-wrapper a-card--turid__bottom-wrapper\" style=\"background-image:url();\">                            <div class=\"a-card__favorite a-card--turid__favorite\"><i class=\"fal fa-heart\"><\/i><\/div>\n                        <div class=\"a-card__tag a-card--turid__tag\"><!-- Button wrapper -->\n\n<a class=\"a-tag a-tag--small\" href=\"https:\/\/www.visitvarmland.com\/aktiviteter\/cykla\/leder-2\" target=\"_self\">\n    <span class='a-card--divider'>Leder<\/span>\n    <\/a><\/div>\n                        <\/div>\n            <\/article>        <\/div>\n        <button class=\"hero-scroll-icon section-scroll-side\" aria-label=\"Next\" aria-hidden=\"true\" tabindex=\"-1\">\n            <div class=\"pre-icon-dot\"><\/div>\n            <div class=\"pre-icon-dot\"><\/div>\n            <i class=\"fal fa-long-arrow-down\" aria-hidden=\"true\"><\/i>\n        <\/button>\n        <button class=\"hero-scroll-icon section-scroll-side-left section-scroll-side-left-hidden\" aria-label=\"Previous\" aria-hidden=\"true\" tabindex=\"-1\">\n            <div class=\"pre-icon-dot\"><\/div>\n            <div class=\"pre-icon-dot\"><\/div>\n            <i class=\"fal fa-long-arrow-down\" aria-hidden=\"true\"><\/i>\n        <\/button>\n    <\/section>\n\n\n<\/div>\n<\/div>\n","protected":false},"excerpt":{"rendered":"<p>Med bil I Kristinehamn \u00e4r det n\u00e4ra till allt, inte bara vattnet. Det \u00e4r bara 25 mil till Stockholm, G\u00f6teborg och Oslo. Kommer du med bilen kommer du antagligen p\u00e5 E18 eller p\u00e5 riksv\u00e4g 26 som korsas i Kristinehamn. V\u00e4lkommen hit!Var ska du parkera bilen? Studera g\u00e4rna parkeringskartan som finns p\u00e5 Kristinehamns kommuns sida. Med [&hellip;]<\/p>\n","protected":false},"author":3,"featured_media":0,"parent":0,"menu_order":0,"comment_status":"closed","ping_status":"open","template":"","meta":{"_acf_changed":false,"footnotes":""},"class_list":["post-207","page","type-page","status-publish","hentry"],"acf":[],"lang":"sv","translations":{"sv":207,"en":5423},"pll_sync_post":[],"_links":{"self":[{"href":"https:\/\/www.visitvarmland.com\/kristinehamn\/wp-json\/wp\/v2\/pages\/207","targetHints":{"allow":["GET"]}}],"collection":[{"href":"https:\/\/www.visitvarmland.com\/kristinehamn\/wp-json\/wp\/v2\/pages"}],"about":[{"href":"https:\/\/www.visitvarmland.com\/kristinehamn\/wp-json\/wp\/v2\/types\/page"}],"author":[{"embeddable":true,"href":"https:\/\/www.visitvarmland.com\/kristinehamn\/wp-json\/wp\/v2\/users\/3"}],"replies":[{"embeddable":true,"href":"https:\/\/www.visitvarmland.com\/kristinehamn\/wp-json\/wp\/v2\/comments?post=207"}],"version-history":[{"count":48,"href":"https:\/\/www.visitvarmland.com\/kristinehamn\/wp-json\/wp\/v2\/pages\/207\/revisions"}],"predecessor-version":[{"id":7377,"href":"https:\/\/www.visitvarmland.com\/kristinehamn\/wp-json\/wp\/v2\/pages\/207\/revisions\/7377"}],"wp:attachment":[{"href":"https:\/\/www.visitvarmland.com\/kristinehamn\/wp-json\/wp\/v2\/media?parent=207"}],"curies":[{"name":"wp","href":"https:\/\/api.w.org\/{rel}","templated":true}]}}