{"id":5964,"date":"2024-07-15T18:13:23","date_gmt":"2024-07-15T16:13:23","guid":{"rendered":"https:\/\/www.visitvarmland.com\/kristinehamn\/?page_id=5964"},"modified":"2026-04-16T15:00:30","modified_gmt":"2026-04-16T13:00:30","slug":"anmal-ditt-evenemang","status":"publish","type":"page","link":"https:\/\/www.visitvarmland.com\/kristinehamn\/anmal-ditt-evenemang\/","title":{"rendered":"Anm\u00e4l ditt evenemang"},"content":{"rendered":"\n<p class=\"has-text-align-left\"><strong>Har du ett sp\u00e4nnande evenemang p\u00e5 g\u00e5ng i Kristinehamn?<\/strong><\/p>\n\n\n\n<p>Vi vill hj\u00e4lpa dig att n\u00e5 ut till fler! Anm\u00e4l ditt evenemang och det kommer med i den digitala evenemangskalendern p\u00e5 visitkristinehamn.se. Evenemanget m\u00e5ste<strong> \u00e4ga rum i Kristinehamns kommun<\/strong>, vara<strong> \u00f6ppet f\u00f6r allm\u00e4nheten<\/strong>, vara <strong>intressant f\u00f6r bes\u00f6kare<\/strong> till Kristinehamn, <strong>inte vara <\/strong>religi\u00f6st\/partipolitiskt\/kurs.<\/p>\n\n\n\n<p><strong>Bilden <\/strong>du bifogar ska vara liggande och minst 640 x 480 pixlar. Av bilden syns sedan 335 pixlar i h\u00f6jd. Det ska inte vara n\u00e5gon logga eller liknande text p\u00e5 bilden.<\/p>\n\n\n\n<p>Har du n\u00e5gra fr\u00e5gor eller beh\u00f6ver hj\u00e4lp med att anm\u00e4la ditt evenemang? Du kan n\u00e5 oss via e-post p\u00e5 <a>turist@kristinehamn.se<\/a> eller ringa oss p\u00e5 0550-881 87.<\/p>\n\n\n\n<div class=\"wp-block-buttons is-layout-flex wp-block-buttons-is-layout-flex\">\n<div class=\"wp-block-button\"><a class=\"wp-block-button__link wp-element-button\" href=\"https:\/\/www.visitvarmland.com\/kristinehamn\/anmal-ditt-evenemang-formular\/\">Tryck h\u00e4r f\u00f6r att anm\u00e4la ditt evenemang<\/a><\/div>\n<\/div>\n\n\n\n<div class=\"wp-block-atheme-component-collage-3 atheme-collage\"><div class=\"atheme-collage--triple\"><div class=\"atheme-collage--image\" style=\"background-image:url( https:\/\/www.visitvarmland.com\/kristinehamn\/wp-content\/uploads\/sites\/13\/2024\/07\/24.jpg )\"><div id=\"BjMQokPFrGDbUcto\" class=\"atheme-collage--infobox\"><p><\/p><\/div><div class=\"atheme-collage--action\"><div class=\"atheme-collage--action-btn\"><i class=\"fal fa-ellipsis-h\"><\/i><\/div><\/div><\/div><div class=\"atheme-collage--image\" style=\"background-image:url( https:\/\/www.visitvarmland.com\/kristinehamn\/wp-content\/uploads\/sites\/13\/2024\/07\/IMG_4864.jpg )\"><div id=\"BrcZTvDtKToAuVdO\" class=\"atheme-collage--infobox\"><p><\/p><\/div><div class=\"atheme-collage--action\"><div class=\"atheme-collage--action-btn\"><i class=\"fal fa-ellipsis-h\"><\/i><\/div><\/div><\/div><div class=\"atheme-collage--image\" style=\"background-image:url( https:\/\/www.visitvarmland.com\/kristinehamn\/wp-content\/uploads\/sites\/13\/2024\/07\/Fastingen-2023-BJ-1.jpg )\"><div id=\"isYheKNqXzkPuBax\" class=\"atheme-collage--infobox\"><p><\/p><\/div><div class=\"atheme-collage--action\"><div class=\"atheme-collage--action-btn\"><i class=\"fal fa-ellipsis-h\"><\/i><\/div><\/div><\/div><\/div><\/div>\n","protected":false},"excerpt":{"rendered":"<p>Har du ett sp\u00e4nnande evenemang p\u00e5 g\u00e5ng i Kristinehamn? Vi vill hj\u00e4lpa dig att n\u00e5 ut till fler! Anm\u00e4l ditt evenemang och det kommer med i den digitala evenemangskalendern p\u00e5 visitkristinehamn.se. Evenemanget m\u00e5ste \u00e4ga rum i Kristinehamns kommun, vara \u00f6ppet f\u00f6r allm\u00e4nheten, vara intressant f\u00f6r bes\u00f6kare till Kristinehamn, inte vara religi\u00f6st\/partipolitiskt\/kurs. Bilden du bifogar ska [&hellip;]<\/p>\n","protected":false},"author":33,"featured_media":0,"parent":0,"menu_order":0,"comment_status":"closed","ping_status":"closed","template":"","meta":{"_acf_changed":false,"footnotes":""},"class_list":["post-5964","page","type-page","status-publish","hentry"],"acf":[],"lang":"sv","translations":{"sv":5964},"pll_sync_post":[],"_links":{"self":[{"href":"https:\/\/www.visitvarmland.com\/kristinehamn\/wp-json\/wp\/v2\/pages\/5964","targetHints":{"allow":["GET"]}}],"collection":[{"href":"https:\/\/www.visitvarmland.com\/kristinehamn\/wp-json\/wp\/v2\/pages"}],"about":[{"href":"https:\/\/www.visitvarmland.com\/kristinehamn\/wp-json\/wp\/v2\/types\/page"}],"author":[{"embeddable":true,"href":"https:\/\/www.visitvarmland.com\/kristinehamn\/wp-json\/wp\/v2\/users\/33"}],"replies":[{"embeddable":true,"href":"https:\/\/www.visitvarmland.com\/kristinehamn\/wp-json\/wp\/v2\/comments?post=5964"}],"version-history":[{"count":5,"href":"https:\/\/www.visitvarmland.com\/kristinehamn\/wp-json\/wp\/v2\/pages\/5964\/revisions"}],"predecessor-version":[{"id":9834,"href":"https:\/\/www.visitvarmland.com\/kristinehamn\/wp-json\/wp\/v2\/pages\/5964\/revisions\/9834"}],"wp:attachment":[{"href":"https:\/\/www.visitvarmland.com\/kristinehamn\/wp-json\/wp\/v2\/media?parent=5964"}],"curies":[{"name":"wp","href":"https:\/\/api.w.org\/{rel}","templated":true}]}}