{"id":9838,"date":"2026-04-16T15:44:53","date_gmt":"2026-04-16T13:44:53","guid":{"rendered":"https:\/\/www.visitvarmland.com\/kristinehamn\/?page_id=9838"},"modified":"2026-04-21T16:17:14","modified_gmt":"2026-04-21T14:17:14","slug":"praktisk-information-for-dig-som-besoker-kristinehamn","status":"publish","type":"page","link":"https:\/\/www.visitvarmland.com\/kristinehamn\/praktisk-information-for-dig-som-besoker-kristinehamn\/","title":{"rendered":"Bra att veta f\u00f6r dig som bes\u00f6ker Kristinehamn"},"content":{"rendered":"\n<div class=\"wp-block-atheme-component-cta atheme-wrapperu002du002dfull atheme-wrapper--full\"><div class=\"atheme-components-cta--decoration-right\"><\/div><div class=\"atheme-components-cta--decoration-left\"><\/div><div class=\"atheme-components-cta\" style=\"height:600px;min-height:300px;background-image:url( https:\/\/www.visitvarmland.com\/kristinehamn\/wp-content\/uploads\/sites\/13\/2022\/08\/IJ_juni2022.web_.jpg );background-size:cover;background-position:center center;background-repeat:no-repeat;background-attachment:scroll\"><div class=\"atheme-components-cta--overlay\" style=\"opacity:0\"> <\/div><div class=\"atheme-components-cta--text\"><div><h3><strong>Bra att veta inf\u00f6r ditt bes\u00f6k i Kristinehamn<\/strong><\/h3><p>Praktisk information om service, transport, sjukv\u00e5rd, biluthyrning och mer \u2013 allt samlat p\u00e5 ett st\u00e4lle.<\/p><div class=\"atheme-components-cta--text-border\"><\/div><\/div><\/div><\/div><\/div>\n\n\n\n<h2 class=\"wp-block-heading\"><strong>Service &amp; samh\u00e4llsinformation<\/strong><\/h2>\n\n\n\n<p>Beh\u00f6ver du hitta en toalett, bankomat eller Systembolaget? H\u00e4r finns viktig service samlad f\u00f6r dig som bes\u00f6ker Kristinehamn.<\/p>\n\n\n\n<p><\/p>\n\n\n\n<h4 class=\"wp-block-heading\">\ud83d\udebb&nbsp;<strong>Toaletter<\/strong><\/h4>\n\n\n\n<p><strong>Centrum:<\/strong><\/p>\n\n\n\n<ul class=\"wp-block-list\">\n<li>I&nbsp;<strong>Merkuriushuset<\/strong>&nbsp;vid S\u00f6dra Torget, bortom Caf\u00e9 Paus (mynttoalett, 5 kr)<\/li>\n\n\n\n<li>Vid parkeringen&nbsp;<strong>Spelmansgatan\/Kungsgatan<\/strong>&nbsp;(kortl\u00e4sare, 5 kr)<\/li>\n\n\n\n<li>I&nbsp;<strong>Stationshuset<\/strong>&nbsp;vid Kristinehamns resecentrum (kortl\u00e4sare)<\/li>\n\n\n\n<li>I <strong>Vintergatan<\/strong> vid Kungsgatan n\u00e4ra &#8221;Gretas&#8221; (mynttoalett, 5 kr)<\/li>\n\n\n\n<li>I Stadsparken finns bajamaja vid lekplatsen under sommars\u00e4songen<\/li>\n<\/ul>\n\n\n\n<p><\/p>\n\n\n\n<p><strong>Sk\u00e4rg\u00e5rden med omnejd:<\/strong><\/p>\n\n\n\n<ul class=\"wp-block-list\">\n<li>Tv\u00e5 s\u00e4songs\u00f6ppna toaletter i sk\u00e4rg\u00e5rden:&nbsp;<strong>Skymningens badplats<\/strong>,&nbsp;<strong>Kapurja<\/strong>&nbsp;<\/li>\n\n\n\n<li>Toalett finns ute vid Picassoskulpturen som \u00e4r \u00f6ppen \u00e5ret runt.<\/li>\n\n\n\n<li>Toaletter\/torrdass\/bajamaja finns \u00e4ven vid de&nbsp;<strong>kommunala badplatserna<\/strong><\/li>\n<\/ul>\n\n\n\n<p><\/p>\n\n\n\n<h4 class=\"wp-block-heading\">\ud83d\udecd\ufe0f&nbsp;<strong>Systembolaget<\/strong><\/h4>\n\n\n\n<ul class=\"wp-block-list\">\n<li>Finns i&nbsp;<strong>centrum<\/strong>&nbsp;p\u00e5&nbsp;<strong>Kungsgatan 43<\/strong><\/li>\n<\/ul>\n\n\n\n<p><\/p>\n\n\n\n<h4 class=\"wp-block-heading\">\ud83d\udcb3&nbsp;<strong>Bankomater<\/strong><\/h4>\n\n\n\n<ul class=\"wp-block-list\">\n<li><strong>Vintergatans k\u00f6pcenter<\/strong> (inne vid Gretas)&nbsp;\u2013 Nya Kyrkogatan 19<\/li>\n\n\n\n<li><strong>Stora Coop<\/strong>&nbsp;\u2013 Albinv\u00e4gen 2<\/li>\n\n\n\n<li><strong>ICA Maxi<\/strong>&nbsp;\u2013 N\u00e4rkev\u00e4gen 28<\/li>\n<\/ul>\n\n\n\n<p><\/p>\n\n\n\n<h4 class=\"wp-block-heading\">\ud83d\udcda&nbsp;<strong>Bibliotek<\/strong><\/h4>\n\n\n\n<ul class=\"wp-block-list\">\n<li><strong>Kristinehamns Bibliotek<\/strong>&nbsp;\u2013 Tullportsgatan 13<br>Telefon: 0550-880 80<br>\u00d6ppettider varierar \u2013 se <a href=\"https:\/\/www.bibliotekvarmland.se\/-\/kristinehamns-bibliotek#\/?location=Kristinehamns%20bibliotek\" target=\"_blank\" rel=\"noopener\">V\u00e4rmlands biblioteks webbplats.<\/a><br><em>Tj\u00e4nster: l\u00e5n av b\u00f6cker, dator, surfplatta, Wi-Fi, kopiering, scanning &amp; utskrift.<\/em><\/li>\n<\/ul>\n\n\n\n<h4 class=\"wp-block-heading\">\ud83c\udfe2 Kristinehamns kommun<\/h4>\n\n\n\n<ul class=\"wp-block-list\">\n<li>Kommunhuset med kontaktcenter \u2013 Kungsgatan 31<br>Telefon: V\u00e4xel 0550-88000<br><a href=\"https:\/\/www.kristinehamn.se\/\" target=\"_blank\" rel=\"noopener\">www.kristinehamn.se<\/a><br><br>\u00d6ppettider kontaktcenter och telefonv\u00e4xel:<br>M\u00e5- To 8.00 &#8211; 16.30, Fr 8.00-16.00 samt st\u00e4ngt f\u00f6r lunch 12.00-13.00.<\/li>\n\n\n\n<li>Kristinehamns turistbyr\u00e5 (Visit Kristinehamn) &#8211; S\u00f6dra Torget 3<br><a href=\"https:\/\/www.visitvarmland.com\/kristinehamn\/kristinehamns-turistbyra\/\">Klicka h\u00e4r f\u00f6r mer information om turistbyr\u00e5n.<\/a><\/li>\n<\/ul>\n\n\n\n<h4 class=\"wp-block-heading\">\ud83e\uddf5&nbsp;<strong>Tv\u00e4tt &amp; service<\/strong><\/h4>\n\n\n\n<ul class=\"wp-block-list\">\n<li><strong>Tyger &amp; sytillbeh\u00f6r<\/strong>&nbsp;\u2013 Kungsgatan 35<br>Telefon: +46-76-315 35 44<br><em>Tj\u00e4nster: tyger, sytillbeh\u00f6r, <strong>kemtv\u00e4tt<\/strong>, nyckelservice och skomakeri<\/em><\/li>\n<\/ul>\n\n\n\n<p><\/p>\n\n\n\n<h3 class=\"wp-block-heading\"><strong>Transport &amp; parkering<\/strong><\/h3>\n\n\n\n<p><\/p>\n\n\n\n<h4 class=\"wp-block-heading\">\ud83d\ude8c&nbsp;<strong>Kollektivtrafik<\/strong><\/h4>\n\n\n\n<ul class=\"wp-block-list\">\n<li><strong>V\u00e4rmlandstrafik<\/strong>&nbsp;\u2013 T\u00e5g, buss och b\u00e5t i Kristinehamn och V\u00e4rmland<br>Biljetter och trafikupplysning: 0771-32 32 00<br><a href=\"http:\/\/www.varmlandstrafik.se\" target=\"_blank\" rel=\"noopener\">www.varmlandstrafik.se<\/a><br><br>Kristinehamns turistbyr\u00e5 \u00e4r officiellt ombud f\u00f6r V\u00e4rmlandstrafik.<br><br><\/li>\n\n\n\n<li><strong>SJ<\/strong>&nbsp;\u2013 Statens J\u00e4rnv\u00e4gar<br>Biljetter och trafikupplysning: 0771-75 75 75<br><a href=\"http:\/\/www.sj.se\" target=\"_blank\" rel=\"noopener\">www.sj.se<\/a><\/li>\n\n\n\n<li><strong>T\u00e5g\u00e5keriet i Bergslagen AB (T\u00e5gab)<\/strong><br>Tel: 0550-875 61<br><a href=\"http:\/\/www.tagakeriet.se\" target=\"_blank\" rel=\"noopener\">www.tagakeriet.se<\/a><\/li>\n\n\n\n<li><strong>Bus4You<\/strong><br>Biljetter och kundtj\u00e4nst: 0771-151515<br><a href=\"http:\/\/www.bus4you.se\" target=\"_blank\" rel=\"noopener\">www.bus4you.se<\/a><\/li>\n\n\n\n<li><strong>Flixbus<\/strong><br>Biljetter:&nbsp;<a href=\"http:\/\/www.flixbus.se\" target=\"_blank\" rel=\"noopener\">www.flixbus.se<\/a><\/li>\n\n\n\n<li><strong>Inlandsbanan<\/strong><br>Info: 0771- 53 53 53 eller&nbsp;<a href=\"mailto:boka@inlandsbanan.se\" target=\"_blank\" rel=\"noreferrer noopener\">boka@inlandsbanan.se<\/a><br><a href=\"http:\/\/www.inlandsbanan.se\" target=\"_blank\" rel=\"noopener\">https:\/\/res.inlandsbanan.se<\/a><\/li>\n<\/ul>\n\n\n\n<p><\/p>\n\n\n\n<h4 class=\"wp-block-heading\">\ud83d\ude95&nbsp;<strong>Taxi<\/strong><\/h4>\n\n\n\n<ul class=\"wp-block-list\">\n<li><strong>Taxi Kristinehamn<\/strong><br>Tel: 0550-150 45<br><a href=\"http:\/\/\ud83d\ude95 Taxi Taxi Kristinehamn Tel: 0550-150 45 www.taxikristinehamn.se\">www.taxikristinehamn.se<\/a><\/li>\n<\/ul>\n\n\n\n<p><\/p>\n\n\n\n<h4 class=\"wp-block-heading\">\ud83c\udd7f\ufe0f&nbsp;<strong>Parkering<\/strong><\/h4>\n\n\n\n<ul class=\"wp-block-list\">\n<li><strong>L\u00e5ngtidsparkering<\/strong>&nbsp;finns vid resecentrum, bortom taxi. M\u00e5ste meddelas till turistbyr\u00e5n!<\/li>\n\n\n\n<li><strong>P-skiva kr\u00e4vs endast<\/strong>&nbsp;vid parkering vid&nbsp;<strong>Rusta<\/strong>&nbsp;och&nbsp;<strong>Dollarstore<\/strong>. I \u00f6vrigt beh\u00f6vs ingen P-skiva, s\u00e5vida det inte \u00e4r&nbsp;<strong>betalparkering<\/strong>&nbsp;\u2013 f\u00f6lj skyltning p\u00e5 plats.<\/li>\n\n\n\n<li><a href=\"https:\/\/www.kristinehamn.se\/trafik-och-miljo\/gator-och-trafik\/parkering\/hitta-parkeringsplats\/\" target=\"_blank\" rel=\"noopener\">Mer information om kommunala parkeringar i Kristinehamn finner du h\u00e4r.<\/a><\/li>\n<\/ul>\n\n\n\n<p><\/p>\n\n\n\n<h4 class=\"wp-block-heading\">\u26fd Tanka<\/h4>\n\n\n\n<ul class=\"wp-block-list\">\n<li>Qstar- Fastingsg. 41<\/li>\n\n\n\n<li>St1- Karlstadsv. 51<\/li>\n\n\n\n<li>Ingo- Stationsg. 13, Stationsg. 6 och Stolpen 1 i \u00d6lme<\/li>\n\n\n\n<li>OKQ8- V\u00e4sterl\u00e5ngg. 4<\/li>\n\n\n\n<li>Tanka- V\u00e4stg\u00f6tag. 45<\/li>\n<\/ul>\n\n\n\n<p><\/p>\n\n\n\n<h4 class=\"wp-block-heading\">\ud83d\udd0c&nbsp;St\u00f6rre<strong> laddstationer f\u00f6r elbil<\/strong><\/h4>\n\n\n\n<p>Laddstationer med fler \u00e4n 2 laddare finns p\u00e5 f\u00f6ljande platser:<\/p>\n\n\n\n<ul class=\"wp-block-list\">\n<li><strong>Burger House<\/strong> \u2013 Stolpen 1<\/li>\n\n\n\n<li><strong>ICA Maxi<\/strong>&nbsp;\u2013 S\u00f6r\u00e5sgatan 1<\/li>\n\n\n\n<li><strong>McDonald&#8217;s<\/strong>&nbsp;\u2013 Bartilsbrov\u00e4gen 5 (Tesla + \u00f6vrig)<\/li>\n\n\n\n<li><strong>Stora Coop<\/strong>&nbsp;\u2013  Albinv\u00e4gen 2<\/li>\n<\/ul>\n\n\n\n<p>Mer information om laddstationer hittar du ex. p\u00e5:<br><a href=\"https:\/\/chargefinder.com\/se\" target=\"_blank\" rel=\"noopener\">www.chargefinder.com\/se<\/a><br><a href=\"http:\/\/www.plugshare.com\" target=\"_blank\" rel=\"noopener\">www.plugshare.com<\/a><br><a href=\"http:\/\/www.chargemap.com\/map\" target=\"_blank\" rel=\"noopener\">www.chargemap.com\/map<\/a><\/p>\n\n\n\n<p><\/p>\n\n\n\n<h4 class=\"wp-block-heading\">\ud83d\ude97&nbsp;<strong>Biluthyrning<\/strong><\/h4>\n\n\n\n<p>Beh\u00f6ver du hyra bil under ditt bes\u00f6k i Kristinehamn? H\u00e4r hittar du lokala biluthyrare:<\/p>\n\n\n\n<ul class=\"wp-block-list\">\n<li><strong>Avis Biluthyrning<\/strong><br>Tuvetgatan 2<br>Tel: 0586-400 83<br><a href=\"http:\/\/www.avis.se\" target=\"_blank\" rel=\"noopener\">www.avis.se<\/a><\/li>\n\n\n\n<li><strong>Carab<\/strong><br>Stationsgatan 6<br>Tel: 0550-159 80<br><a href=\"http:\/\/www.carab.se\" target=\"_blank\" rel=\"noopener\">www.carab.se<\/a><\/li>\n\n\n\n<li><strong>Europcar Kristinehamn<\/strong><br>Kungsgatan 27<br>Tel: 0550-50 00 55<br><a href=\"http:\/\/www.europcar.se\" target=\"_blank\" rel=\"noopener\">www.europcar.se<\/a><\/li>\n\n\n\n<li><strong>MABI Hyrbilar<\/strong><br>F\u00f6rsta Industrigatan 9<br>Tel: 0550-40 20 79<br><a href=\"http:\/\/www.mabi.se\" target=\"_blank\" rel=\"noopener\">www.mabi.se<\/a><\/li>\n\n\n\n<li><strong>OKQ8 Kristinehamn<\/strong>&nbsp;<em>(endast sl\u00e4puthyrning)<\/em><br>V\u00e4sterl\u00e5nggatan 4<br>Tel: 0550-41 16 25<br><a href=\"http:\/\/www.okq8.se\" target=\"_blank\" rel=\"noopener\">www.okq8.se<\/a><\/li>\n<\/ul>\n\n\n\n<p><\/p>\n\n\n\n<h3 class=\"wp-block-heading\"><strong>Uthyrning &amp; fritid<\/strong><\/h3>\n\n\n\n<p><\/p>\n\n\n\n<h4 class=\"wp-block-heading\">\ud83d\udeb2&nbsp;<strong>Cykeluthyrning<\/strong><\/h4>\n\n\n\n<ul class=\"wp-block-list\">\n<li><strong>Stadshotellet i Kristinehamn<\/strong><br>Kungsgatan 27<br>Tel: 0550-122 00<\/li>\n\n\n\n<li><strong>First Camp Herrg\u00e5rdsliv<\/strong><br>Presterudsall\u00e9n 2<br>Tel: 0550-102 80<\/li>\n<\/ul>\n\n\n\n<p><\/p>\n\n\n\n<h4 class=\"wp-block-heading\">\ud83e\uddba&nbsp;<strong>Flytv\u00e4st<\/strong><\/h4>\n\n\n\n<ul class=\"wp-block-list\">\n<li><strong>Fritidsbanken<\/strong><br>Brandk\u00e5rsv\u00e4gen 11 i Parkmagasinet, Kristinehamns stadspark<br>Tel: 0550-868 22<br><a href=\"http:\/\/www.fritidsbanken.se\/fritidsbank\/kristinehamn\" target=\"_blank\" rel=\"noopener\">www.fritidsbanken.se\/fritidsbank\/kristinehamn<\/a><br><em>Utl\u00e5ning av flytv\u00e4star samt annan sportutrustning.<\/em><\/li>\n\n\n\n<li><strong>R\u00e4ddningstj\u00e4nsten Bergslagen<\/strong><br>Brandk\u00e5rsv\u00e4gen 2<br>Tel: 0550-636 00<br><em>Uthyrning av flytv\u00e4star.<\/em><\/li>\n<\/ul>\n\n\n\n<p><\/p>\n\n\n\n<h4 class=\"wp-block-heading\">\u26f8 Utl\u00e5ning av sport- &amp; fritidsutrustning<\/h4>\n\n\n\n<ul class=\"wp-block-list\">\n<li><strong>Fritidsbanken<\/strong><br>Brandk\u00e5rsv\u00e4gen 11 i Parkmagasinet, Kristinehamns stadspark<br>Tel: 0550-868 22<br><a href=\"http:\/\/www.fritidsbanken.se\/fritidsbank\/kristinehamn\" target=\"_blank\" rel=\"noopener\">www.fritidsbanken.se\/fritidsbank\/kristinehamn<\/a><br><em>Gratis utl\u00e5ning av olika typer av sport utrustning som skridskor, skidor, flytv\u00e4star, hj\u00e4lmar, bollar och mycket mer! <\/em><\/li>\n<\/ul>\n\n\n\n<p><\/p>\n\n\n\n<h4 class=\"wp-block-heading\">\ud83d\ude90&nbsp;<strong>Latrint\u00f6mning<\/strong><\/h4>\n\n\n\n<ul class=\"wp-block-list\">\n<li><strong>Kristinehamns G\u00e4sthamn<\/strong><br>Hamngatan 9<br>Tel: 073-040 64 75<br><em>T\u00f6mning av latrinkassett och gr\u00e5vattentank fr\u00e5n fritidsb\u00e5t, husvagn och husb\u00e5t.<br>Kostnad f\u00f6r den som inte bor i g\u00e4sthamnen.<\/em><\/li>\n\n\n\n<li><strong>First Camp Herrg\u00e5rdsliv<\/strong><br>Presterudsall\u00e9n 2<br>Tel: 0550-102 80<br><em>T\u00f6mning av latrin. Kostnad f\u00f6r den som inte bor p\u00e5 campingen.<\/em><\/li>\n<\/ul>\n\n\n\n<p><\/p>\n\n\n\n<h4 class=\"wp-block-heading\">\ud83d\udea2&nbsp;<strong>Septitankt\u00f6mning<\/strong><\/h4>\n\n\n\n<ul class=\"wp-block-list\">\n<li><strong>Kapurja<\/strong>&nbsp;\u2013 V\u00e5l\u00f6sundsv\u00e4gen 78A<\/li>\n\n\n\n<li><strong>Elvina Marin<\/strong>&nbsp;\u2013 B\u00e5tbryggarev\u00e4gen 3<\/li>\n\n\n\n<li><strong>Kristinehamns G\u00e4sthamn<\/strong>&nbsp;\u2013 Hamngatan 9<\/li>\n<\/ul>\n\n\n\n<p><\/p>\n\n\n\n<h3 class=\"wp-block-heading\"><strong>Trygghet &amp; h\u00e4lsa<\/strong><\/h3>\n\n\n\n<p><\/p>\n\n\n\n<h4 class=\"wp-block-heading\">\ud83d\udc6e\u200d\u2640\ufe0f&nbsp;<strong>Polis<\/strong><\/h4>\n\n\n\n<ul class=\"wp-block-list\">\n<li><strong>Adress:<\/strong>&nbsp;Kungsgatan 30<\/li>\n\n\n\n<li><strong>Telefon:<\/strong>&nbsp;114 14 (fr\u00e5n utlandet: +46 77 114 14 00)<\/li>\n\n\n\n<li><strong>Vid n\u00f6dsituation:<\/strong>&nbsp;Ring&nbsp;<strong>SOS 112<\/strong><\/li>\n<\/ul>\n\n\n\n<p><\/p>\n\n\n\n<h4 class=\"wp-block-heading\">\ud83c\udfe5&nbsp;<strong>Sjukv\u00e5rd<\/strong><\/h4>\n\n\n\n<ul class=\"wp-block-list\">\n<li><strong>Capio V\u00e5rdcentralen Vintergatan Kristinehamn<\/strong><br>Kungsgatan 31<br>Tel: 0550-77 50 00<\/li>\n\n\n\n<li><strong>V\u00e5rdcentralen Kristinehamn<\/strong><br>Solrosbacken 1<br>Tel: 010-838 63 03<\/li>\n\n\n\n<li><strong>Kv\u00e4llar, n\u00e4tter och helger:<\/strong>&nbsp;Ring&nbsp;<strong>1177<\/strong>&nbsp;f\u00f6r sjukv\u00e5rdsr\u00e5dgivning<\/li>\n\n\n\n<li><strong>Vid akuta tillst\u00e5nd:<\/strong>&nbsp;Ring&nbsp;<strong>SOS 112<\/strong><\/li>\n<\/ul>\n\n\n\n<p><\/p>\n\n\n\n<h4 class=\"wp-block-heading\">\ud83e\uddb7 Tandl\u00e4kare<\/h4>\n\n\n\n<ul class=\"wp-block-list\">\n<li><strong>Brotandl\u00e4karna<\/strong><br>S\u00f6dra Torget 1<br>Tel: 0550-14 456<\/li>\n\n\n\n<li><strong>Folktandv\u00e5rden Kristinehamn<\/strong><br>Sandb\u00e4cksgr\u00e4nd 2 (Kristinehamns V\u00e5rdcentral)<br>Tel: 010-838 66 40<\/li>\n\n\n\n<li><strong>Smile Tandv\u00e5rd<\/strong><br>Kungsgatan 31<br>Tel: 0550-144 84<\/li>\n\n\n\n<li><strong>Tandcentrum Kristinehamn<\/strong><br>Kungsgatan 46<br>Tel: 0550- 57 57 50<br><br>Vid akuta besv\u00e4r ring 1177 f\u00f6r jourhavande tandl\u00e4kare i V\u00e4rmland.<\/li>\n<\/ul>\n\n\n\n<p><\/p>\n\n\n\n<h4 class=\"wp-block-heading\">\ud83d\udc3e&nbsp;<strong>Veterin\u00e4r<\/strong><\/h4>\n\n\n\n<ul class=\"wp-block-list\">\n<li><strong>Distriktsveterin\u00e4rerna Kristinehamn<\/strong><br>Stampbrogatan 8<br>Tel: 010-122 87 20<\/li>\n\n\n\n<li><strong>Solstaden Kristinehamn Sm\u00e5djursklinik<\/strong><br>Metallv\u00e4gen 5<br>Tel: 0550-22 14 70<\/li>\n\n\n\n<li><strong>Evidensia Kristinehamns Sm\u00e5djursklinik<\/strong><br>Garagev\u00e4gen 1<br>Tel: 0550-145 40<\/li>\n<\/ul>\n\n\n\n<p><\/p>\n\n\n\n<p>\u00c4r det n\u00e5got du saknar i denna lista h\u00f6r g\u00e4rna av dig till oss p\u00e5 mail turist@kristniehamn.se s\u00e5 kan vi l\u00e4gga in informationen!<\/p>\n\n\n\n<div class=\"wp-block-atheme-component-action-button atheme-wrapper--action-button-single\"><a href=\"https:\/\/www.visitvarmland.com\/kristinehamn\/\" target=\"_self\" class=\"a-action a-action--arrow\" rel=\"noopener\"><span>Startsida visitkristinehamn.se<\/span><\/a><\/div>\n\n\n\n<p><\/p>\n","protected":false},"excerpt":{"rendered":"<p>Service &amp; samh\u00e4llsinformation Beh\u00f6ver du hitta en toalett, bankomat eller Systembolaget? H\u00e4r finns viktig service samlad f\u00f6r dig som bes\u00f6ker Kristinehamn. \ud83d\udebb&nbsp;Toaletter Centrum: Sk\u00e4rg\u00e5rden med omnejd: \ud83d\udecd\ufe0f&nbsp;Systembolaget \ud83d\udcb3&nbsp;Bankomater \ud83d\udcda&nbsp;Bibliotek \ud83c\udfe2 Kristinehamns kommun \ud83e\uddf5&nbsp;Tv\u00e4tt &amp; service Transport &amp; parkering \ud83d\ude8c&nbsp;Kollektivtrafik \ud83d\ude95&nbsp;Taxi \ud83c\udd7f\ufe0f&nbsp;Parkering \u26fd Tanka \ud83d\udd0c&nbsp;St\u00f6rre laddstationer f\u00f6r elbil Laddstationer med fler \u00e4n 2 laddare finns p\u00e5 [&hellip;]<\/p>\n","protected":false},"author":10,"featured_media":0,"parent":0,"menu_order":0,"comment_status":"closed","ping_status":"closed","template":"","meta":{"_acf_changed":false,"footnotes":""},"class_list":["post-9838","page","type-page","status-publish","hentry"],"acf":[],"lang":"sv","translations":{"sv":2576,"en":5851},"pll_sync_post":[],"_links":{"self":[{"href":"https:\/\/www.visitvarmland.com\/kristinehamn\/wp-json\/wp\/v2\/pages\/9838","targetHints":{"allow":["GET"]}}],"collection":[{"href":"https:\/\/www.visitvarmland.com\/kristinehamn\/wp-json\/wp\/v2\/pages"}],"about":[{"href":"https:\/\/www.visitvarmland.com\/kristinehamn\/wp-json\/wp\/v2\/types\/page"}],"author":[{"embeddable":true,"href":"https:\/\/www.visitvarmland.com\/kristinehamn\/wp-json\/wp\/v2\/users\/10"}],"replies":[{"embeddable":true,"href":"https:\/\/www.visitvarmland.com\/kristinehamn\/wp-json\/wp\/v2\/comments?post=9838"}],"version-history":[{"count":9,"href":"https:\/\/www.visitvarmland.com\/kristinehamn\/wp-json\/wp\/v2\/pages\/9838\/revisions"}],"predecessor-version":[{"id":9888,"href":"https:\/\/www.visitvarmland.com\/kristinehamn\/wp-json\/wp\/v2\/pages\/9838\/revisions\/9888"}],"wp:attachment":[{"href":"https:\/\/www.visitvarmland.com\/kristinehamn\/wp-json\/wp\/v2\/media?parent=9838"}],"curies":[{"name":"wp","href":"https:\/\/api.w.org\/{rel}","templated":true}]}}