{"id":314,"date":"2021-10-01T15:37:05","date_gmt":"2021-10-01T13:37:05","guid":{"rendered":"https:\/\/www.visitvarmland.com\/munkfors\/?page_id=314"},"modified":"2026-04-29T16:12:49","modified_gmt":"2026-04-29T14:12:49","slug":"besoksinformation-2","status":"publish","type":"page","link":"https:\/\/www.visitvarmland.com\/munkfors\/besoksinformation-2\/","title":{"rendered":"Bes\u00f6ksinformation"},"content":{"rendered":"\n<div class=\"wp-block-atheme-component-cta atheme-wrapper\">\r\n<div class=\"atheme-components-cta--decoration-right\">\u00a0<\/div>\r\n<div class=\"atheme-components-cta--decoration-left\">\u00a0<\/div>\r\n<div class=\"atheme-components-cta\" style=\"height: 600px;min-height: 300px;background-image: url('https:\/\/www.visitvarmland.com\/munkfors\/wp-content\/uploads\/sites\/14\/2021\/09\/Turistbyran-Foto-Sandra-Nilssn-scaled.jpg');background-size: cover;background-position: center center;background-attachment: scroll\">\r\n<div class=\"atheme-components-cta--overlay\">\u00a0<\/div>\r\n<div class=\"atheme-components-cta--text\">\r\n<div>\r\n<h3>V\u00e4lkommen till <br \/>Munkfors-Rans\u00e4ter!<\/h3>\r\n<p>Kom in eller h\u00f6r av dig till oss f\u00f6r tips &amp; information!<\/p>\r\n<div class=\"atheme-components-cta--text-border\">\u00a0<\/div>\r\n<\/div>\r\n<\/div>\r\n<\/div>\r\n<\/div>\n\n\n\n<h2 class=\"wp-block-heading\">Hej och v\u00e4lkommen till oss!<\/h2>\n\n\n\n<p>Kom g\u00e4rna in eller kontakta oss p\u00e5 turistinformationen s\u00e5 hj\u00e4lper vi dig att hitta r\u00e4tt bland evenemang, sev\u00e4rdheter och aktiviteter med mera. <br>H\u00e4r finns ocks\u00e5 tillg\u00e5ng till kostnadsfritt WiFi. &nbsp;<\/p>\n\n\n\n<div class=\"wp-block-atheme-component-facts atheme-wrapper\"><div class=\"atheme-facts\"><h3>\u00d6ppettider 2026<\/h3><p><strong>Avvikande \u00f6ppettider<\/strong><br>Torsdag 7 maj, \u00f6ppet 10.00-12.00<br><br><strong>Ordinarie \u00f6ppettider<\/strong><br>8 januari\u2013tills vidare<br>M\u00e5ndag, tisdag och torsdag<br>10.00\u201314.30, lunchst\u00e4ngt 12.00\u201313.00<br><br><strong>Telefontid:<\/strong><br>Telefonsamtal besvaras normalt under vardagar 10.00\u201314.30, lunchst\u00e4ngt 12.00\u201313.00. <br>Om vi inte kan ta emot ditt samtal ber vi dig \u00e5terkomma senare eller kontakta oss via e-post  <a href=\"mailto:tourist@munkfors.se\">tourist@munkfors.se<\/a>.<br><br>Med reservation f\u00f6r \u00e4ndringar. <br>G\u00e4ller helgfria vardagar.<br><br>Kom ih\u00e5g att du kan <a href=\"mailto:tourist@munkfors.se\">mejla<\/a> oss, vi \u00e5terkommer snarast m\u00f6jligt!<\/p><\/div><\/div>\n\n\n\n<div class=\"wp-block-columns is-layout-flex wp-container-core-columns-is-layout-9d6595d7 wp-block-columns-is-layout-flex\">\n<div class=\"wp-block-column is-layout-flow wp-block-column-is-layout-flow\" style=\"flex-basis:100%\">\n<h2 class=\"wp-block-heading\">I butiken<\/h2>\n\n\n\n<div class=\"wp-block-group\"><div class=\"wp-block-group__inner-container is-layout-flow wp-block-group-is-layout-flow\">\n<ul class=\"wp-block-list\">\n<li>Souvenirer &amp; presenter<\/li>\n\n\n\n<li>Vykort<\/li>\n\n\n\n<li>Fiskekort<\/li>\n\n\n\n<li>Terr\u00e4ngkartor &amp; vandringsbroschyr<\/li>\n\n\n\n<li>B\u00f6cker<\/li>\n\n\n\n<li>Information; lokalt, V\u00e4rmland och \u00f6vriga Sverige<\/li>\n<\/ul>\n\n\n\n<div class=\"wp-block-atheme-component-facts atheme-wrapper\"><div class=\"atheme-facts\"><h3>Kontakt<\/h3><p><strong>Telefon:<\/strong>\u00a0<a href=\"tel:+46563541081\">+46 (0) 563-54 10 81<\/a><br><strong>E-post:<\/strong>\u00a0<a href=\"mailto:tourist@munkfors.se\">tourist@munkfors.se<\/a>\u00a0<br><br><strong>Bes\u00f6ksadress<\/strong><br>Tall\u00e5sv\u00e4gen 12<br>684 31 Munkfors<br>GPS: Latitud 59.834449 Longitud 13.546315<br><br><strong>Post- och faktureringsadress<\/strong><br>Munkfors kommun<br>Att: Turistinformationen<br>Box 13<br>684 21 Munkfors<br><strong>OBS!<\/strong> Ange alltid referens 100300 vid fakturering.<\/p><\/div><\/div>\n<\/div><\/div>\n<\/div>\n<\/div>\n\n\n\n<p>&nbsp;<\/p>\n\n\n\n<div class=\"wp-block-media-text alignwide is-stacked-on-mobile\" style=\"grid-template-columns: 17% auto\">\r\n<figure class=\"wp-block-media-text__media\"><img loading=\"lazy\" decoding=\"async\" class=\"wp-image-637 \" src=\"https:\/\/www.visitvarmland.com\/munkfors\/wp-content\/uploads\/sites\/14\/2023\/04\/ibyragroncmyk.jpg\" alt=\"\" width=\"148\" height=\"149\" srcset=\"https:\/\/www.visitvarmland.com\/app\/uploads\/sites\/14\/2023\/04\/ibyragroncmyk.jpg 282w, https:\/\/www.visitvarmland.com\/app\/uploads\/sites\/14\/2023\/04\/ibyragroncmyk-150x150.jpg 150w, https:\/\/www.visitvarmland.com\/app\/uploads\/sites\/14\/2023\/04\/ibyragroncmyk-12x12.jpg 12w\" sizes=\"auto, (max-width: 148px) 100vw, 148px\" \/><\/figure>\r\n<div class=\"wp-block-media-text__content\">\n\n<p>Munkfors-Rans\u00e4ter turistinformation \u00e4r medlem i och auktoriserade av <a href=\"https:\/\/visita.se\/\" target=\"_blank\" rel=\"noreferrer noopener\">Visita<\/a>.<\/p>\n\n<\/div>\r\n<\/div>\n\n\n\n<p>&nbsp;<\/p>\n\n\n\n<p><strong>Sidan \u00e4r under uppbyggnad.<\/strong><br>Saknar du n\u00e5got? V\u00e4nligen kontakta oss p\u00e5 <a href=\"mailto:tourist@munkfors.se\">mejl<\/a> eller <a href=\"tel:0563-541081\">telefon<\/a>.<\/p>\n","protected":false},"excerpt":{"rendered":"<p>Hej och v\u00e4lkommen till oss! Kom g\u00e4rna in eller kontakta oss p\u00e5 turistinformationen s\u00e5 hj\u00e4lper vi dig att hitta r\u00e4tt bland evenemang, sev\u00e4rdheter och aktiviteter med mera. H\u00e4r finns ocks\u00e5 tillg\u00e5ng till kostnadsfritt WiFi. &nbsp; I butiken &nbsp; Munkfors-Rans\u00e4ter turistinformation \u00e4r medlem i och auktoriserade av Visita. &nbsp; Sidan \u00e4r under uppbyggnad.Saknar du n\u00e5got? V\u00e4nligen [&hellip;]<\/p>\n","protected":false},"author":3,"featured_media":0,"parent":0,"menu_order":0,"comment_status":"closed","ping_status":"closed","template":"","meta":{"_acf_changed":false,"footnotes":""},"class_list":["post-314","page","type-page","status-publish","hentry"],"acf":[],"lang":"sv","translations":{"sv":314},"pll_sync_post":[],"_links":{"self":[{"href":"https:\/\/www.visitvarmland.com\/munkfors\/wp-json\/wp\/v2\/pages\/314","targetHints":{"allow":["GET"]}}],"collection":[{"href":"https:\/\/www.visitvarmland.com\/munkfors\/wp-json\/wp\/v2\/pages"}],"about":[{"href":"https:\/\/www.visitvarmland.com\/munkfors\/wp-json\/wp\/v2\/types\/page"}],"author":[{"embeddable":true,"href":"https:\/\/www.visitvarmland.com\/munkfors\/wp-json\/wp\/v2\/users\/3"}],"replies":[{"embeddable":true,"href":"https:\/\/www.visitvarmland.com\/munkfors\/wp-json\/wp\/v2\/comments?post=314"}],"version-history":[{"count":9,"href":"https:\/\/www.visitvarmland.com\/munkfors\/wp-json\/wp\/v2\/pages\/314\/revisions"}],"predecessor-version":[{"id":1104,"href":"https:\/\/www.visitvarmland.com\/munkfors\/wp-json\/wp\/v2\/pages\/314\/revisions\/1104"}],"wp:attachment":[{"href":"https:\/\/www.visitvarmland.com\/munkfors\/wp-json\/wp\/v2\/media?parent=314"}],"curies":[{"name":"wp","href":"https:\/\/api.w.org\/{rel}","templated":true}]}}