{"id":592,"date":"2022-11-28T15:02:27","date_gmt":"2022-11-28T14:02:27","guid":{"rendered":"https:\/\/www.visitvarmland.com\/munkfors\/?page_id=592"},"modified":"2024-11-20T15:26:28","modified_gmt":"2024-11-20T14:26:28","slug":"evenemangsanmalan","status":"publish","type":"page","link":"https:\/\/www.visitvarmland.com\/munkfors\/evenemangsanmalan\/","title":{"rendered":"Evenemangsanm\u00e4lan"},"content":{"rendered":"\n<p>Har du ett evenemang p\u00e5 g\u00e5ng och vill f\u00e5 kostnadsfri hj\u00e4lp att marknadsf\u00f6ra det via v\u00e5r evenemangskalender?<br>Anv\u00e4nd formul\u00e4ret nedan f\u00f6r att f\u00f6rmedla ditt evenemang till oss.<\/p>\n\n\n\n<p><strong>\u00c4ndrat eller inst\u00e4llt evenemang<\/strong><br>Det \u00e4r viktigt att du kontaktar oss\u00a0om det blir \u00e4ndringar i ditt evenemang eller om det st\u00e4lls in! Se kontaktuppgifter h\u00e4r nedan.<\/p>\n\n\n\n<p>Har du fr\u00e5gor? <br>Tveka inte att kontakta oss p\u00e5&nbsp;<a href=\"mailto:tourist@munkfors.se\">tourist@munkfors.se<\/a> eller <a href=\"tel:+46563-541081\">0563-54 10 81<\/a>.<\/p>\n\n\n\n<div class=\"wp-block-columns is-layout-flex wp-container-core-columns-is-layout-9d6595d7 wp-block-columns-is-layout-flex\">\n<div class=\"wp-block-column is-layout-flow wp-block-column-is-layout-flow\" style=\"flex-basis:100%\">\n<div class=\"wp-block-group\"><div class=\"wp-block-group__inner-container is-layout-flow wp-block-group-is-layout-flow\"><script>\nvar gform;gform||(document.addEventListener(\"gform_main_scripts_loaded\",function(){gform.scriptsLoaded=!0}),document.addEventListener(\"gform\/theme\/scripts_loaded\",function(){gform.themeScriptsLoaded=!0}),window.addEventListener(\"DOMContentLoaded\",function(){gform.domLoaded=!0}),gform={domLoaded:!1,scriptsLoaded:!1,themeScriptsLoaded:!1,isFormEditor:()=>\"function\"==typeof InitializeEditor,callIfLoaded:function(o){return!(!gform.domLoaded||!gform.scriptsLoaded||!gform.themeScriptsLoaded&&!gform.isFormEditor()||(gform.isFormEditor()&&console.warn(\"The use of gform.initializeOnLoaded() is deprecated in the form editor context and will be removed in Gravity Forms 3.1.\"),o(),0))},initializeOnLoaded:function(o){gform.callIfLoaded(o)||(document.addEventListener(\"gform_main_scripts_loaded\",()=>{gform.scriptsLoaded=!0,gform.callIfLoaded(o)}),document.addEventListener(\"gform\/theme\/scripts_loaded\",()=>{gform.themeScriptsLoaded=!0,gform.callIfLoaded(o)}),window.addEventListener(\"DOMContentLoaded\",()=>{gform.domLoaded=!0,gform.callIfLoaded(o)}))},hooks:{action:{},filter:{}},addAction:function(o,r,e,t){gform.addHook(\"action\",o,r,e,t)},addFilter:function(o,r,e,t){gform.addHook(\"filter\",o,r,e,t)},doAction:function(o){gform.doHook(\"action\",o,arguments)},applyFilters:function(o){return gform.doHook(\"filter\",o,arguments)},removeAction:function(o,r){gform.removeHook(\"action\",o,r)},removeFilter:function(o,r,e){gform.removeHook(\"filter\",o,r,e)},addHook:function(o,r,e,t,n){null==gform.hooks[o][r]&&(gform.hooks[o][r]=[]);var d=gform.hooks[o][r];null==n&&(n=r+\"_\"+d.length),gform.hooks[o][r].push({tag:n,callable:e,priority:t=null==t?10:t})},doHook:function(r,o,e){var t;if(e=Array.prototype.slice.call(e,1),null!=gform.hooks[r][o]&&((o=gform.hooks[r][o]).sort(function(o,r){return o.priority-r.priority}),o.forEach(function(o){\"function\"!=typeof(t=o.callable)&&(t=window[t]),\"action\"==r?t.apply(null,e):e[0]=t.apply(null,e)})),\"filter\"==r)return e[0]},removeHook:function(o,r,t,n){var e;null!=gform.hooks[o][r]&&(e=(e=gform.hooks[o][r]).filter(function(o,r,e){return!!(null!=n&&n!=o.tag||null!=t&&t!=o.priority)}),gform.hooks[o][r]=e)}});\n<\/script>\n\n                <div class='gf_browser_gecko gform_wrapper gform_legacy_markup_wrapper gform-theme--no-framework' data-form-theme='legacy' data-form-index='0' id='gform_wrapper_1' >\n                        <div class='gform_heading'>\n                            <h3 class=\"gform_title\">Evenemangsanm\u00e4lan<\/h3>\n                            <p class='gform_description'><\/p>\n                        <\/div><form method='post' enctype='multipart\/form-data'  id='gform_1'  action='\/munkfors\/wp-json\/wp\/v2\/pages\/592' data-formid='1' novalidate>\n                        <div class='gform-body gform_body'><ul id='gform_fields_1' class='gform_fields top_label form_sublabel_below description_below validation_below'><li id=\"field_1_1\" class=\"gfield gfield--type-text gfield_contains_required field_sublabel_below gfield--no-description field_description_above field_validation_below gfield_visibility_visible\"  ><label class='gfield_label gform-field-label' for='input_1_1'>TITEL P\u00c5 EVENEMANG<span class=\"gfield_required\"><span class=\"gfield_required gfield_required_asterisk\">*<\/span><\/span><\/label><div class='ginput_container ginput_container_text'><input name='input_1' id='input_1_1' type='text' value='' class='medium'     aria-required=\"true\" aria-invalid=\"false\"   \/><\/div><\/li><li id=\"field_1_21\" class=\"gfield gfield--type-textarea gfield_contains_required field_sublabel_below gfield--no-description field_description_below field_validation_below gfield_visibility_visible\"  ><label class='gfield_label gform-field-label' for='input_1_21'>KORT S\u00c4LJANDE BESKRIVNING AV EVENEMANGET<span class=\"gfield_required\"><span class=\"gfield_required gfield_required_asterisk\">*<\/span><\/span><\/label><div class='ginput_container ginput_container_textarea'><textarea name='input_21' id='input_1_21' class='textarea medium'     aria-required=\"true\" aria-invalid=\"false\"   rows='10' cols='50'><\/textarea><\/div><\/li><li id=\"field_1_17\" class=\"gfield gfield--type-textarea gfield_contains_required field_sublabel_below gfield--has-description field_description_below field_validation_below gfield_visibility_visible\"  ><label class='gfield_label gform-field-label' for='input_1_17'>BESKRIVNING (AV EVENEMANGET I HELHET)<span class=\"gfield_required\"><span class=\"gfield_required gfield_required_asterisk\">*<\/span><\/span><\/label><div class='ginput_container ginput_container_textarea'><textarea name='input_17' id='input_1_17' class='textarea medium'  aria-describedby=\"gfield_description_1_17\"   aria-required=\"true\" aria-invalid=\"false\"   rows='10' cols='50'><\/textarea><\/div><div class='gfield_description' id='gfield_description_1_17'>H\u00e4r har du m\u00f6jlighet att mer utf\u00f6rligt beskriva evenemanget f\u00f6r bes\u00f6karen. M\u00e5let \u00e4r att f\u00e5 bes\u00f6karen att vilja komma till ditt evenemang. Vad kan bes\u00f6karen f\u00f6rv\u00e4nta sig av evenemanget? Exempel: vem upptr\u00e4der, vilka tekniker anv\u00e4nder konstn\u00e4ren, aktiviteter, servering, f\u00f6rs\u00e4ljning med mera.<\/div><\/li><li id=\"field_1_16\" class=\"gfield gfield--type-textarea gfield_contains_required field_sublabel_below gfield--has-description field_description_below field_validation_below gfield_visibility_visible\"  ><label class='gfield_label gform-field-label' for='input_1_16'>TILLF\u00c4LLE (DATUM OCH TID)<span class=\"gfield_required\"><span class=\"gfield_required gfield_required_asterisk\">*<\/span><\/span><\/label><div class='ginput_container ginput_container_textarea'><textarea name='input_16' id='input_1_16' class='textarea medium'  aria-describedby=\"gfield_description_1_16\"   aria-required=\"true\" aria-invalid=\"false\"   rows='10' cols='50'><\/textarea><\/div><div class='gfield_description' id='gfield_description_1_16'>Ange start- och slutdatum: \u00c5\u00c5MMDD-\u00c5\u00c5MMDD.\nAnge minst starttid, sluttid om det finns: till exempel 10.00-16.00.<\/div><\/li><li id=\"field_1_5\" class=\"gfield gfield--type-text gfield_contains_required field_sublabel_below gfield--has-description field_description_below field_validation_below gfield_visibility_visible\"  ><label class='gfield_label gform-field-label' for='input_1_5'>PRIS<span class=\"gfield_required\"><span class=\"gfield_required gfield_required_asterisk\">*<\/span><\/span><\/label><div class='ginput_container ginput_container_text'><input name='input_5' id='input_1_5' type='text' value='' class='medium'  aria-describedby=\"gfield_description_1_5\"   aria-required=\"true\" aria-invalid=\"false\"   \/><\/div><div class='gfield_description' id='gfield_description_1_5'>Ange \u00e4ven eventuell prisbeskrivning, till exempel: per person, vuxen, barn, pris per dag, flera dagar. Ange 0 (noll) om det \u00e4r fritt intr\u00e4de.<\/div><\/li><li id=\"field_1_6\" class=\"gfield gfield--type-text field_sublabel_below gfield--has-description field_description_below field_validation_below gfield_visibility_visible\"  ><label class='gfield_label gform-field-label' for='input_1_6'>BILJETTINFORMATION<\/label><div class='ginput_container ginput_container_text'><input name='input_6' id='input_1_6' type='text' value='' class='medium'  aria-describedby=\"gfield_description_1_6\"    aria-invalid=\"false\"   \/><\/div><div class='gfield_description' id='gfield_description_1_6'>Ange var biljetterna k\u00f6ps, till exempel: entr\u00e9n, f\u00f6rk\u00f6p, online. Ange eventuell \u00f6vrig viktig information s\u00e5som datum f\u00f6r biljettsl\u00e4pp.<\/div><\/li><li id=\"field_1_7\" class=\"gfield gfield--type-text gfield_contains_required field_sublabel_below gfield--has-description field_description_below field_validation_below gfield_visibility_visible\"  ><label class='gfield_label gform-field-label' for='input_1_7'>PLATS<span class=\"gfield_required\"><span class=\"gfield_required gfield_required_asterisk\">*<\/span><\/span><\/label><div class='ginput_container ginput_container_text'><input name='input_7' id='input_1_7' type='text' value='' class='medium'  aria-describedby=\"gfield_description_1_7\"   aria-required=\"true\" aria-invalid=\"false\"   \/><\/div><div class='gfield_description' id='gfield_description_1_7'>Ange platsen f\u00f6r evenemanget: gatuadress, postnummer, ort.<\/div><\/li><li id=\"field_1_15\" class=\"gfield gfield--type-textarea gfield_contains_required field_sublabel_below gfield--has-description field_description_below field_validation_below gfield_visibility_visible\"  ><label class='gfield_label gform-field-label' for='input_1_15'>ARRANG\u00d6R<span class=\"gfield_required\"><span class=\"gfield_required gfield_required_asterisk\">*<\/span><\/span><\/label><div class='ginput_container ginput_container_textarea'><textarea name='input_15' id='input_1_15' class='textarea medium'  aria-describedby=\"gfield_description_1_15\"   aria-required=\"true\" aria-invalid=\"false\"   rows='10' cols='50'><\/textarea><\/div><div class='gfield_description' id='gfield_description_1_15'>Ange: arrang\u00f6rens namn, kontaktperson, gatuadress, postnummer och ort, telefon\/mobiltelefon, e-postadress, webbplats och\/eller annan social media t.ex. Facebook.<\/div><\/li><li id=\"field_1_9\" class=\"gfield gfield--type-text field_sublabel_below gfield--has-description field_description_below field_validation_below gfield_visibility_visible\"  ><label class='gfield_label gform-field-label' for='input_1_9'>\u00d6VRIGT<\/label><div class='ginput_container ginput_container_text'><input name='input_9' id='input_1_9' type='text' value='' class='medium'  aria-describedby=\"gfield_description_1_9\"    aria-invalid=\"false\"   \/><\/div><div class='gfield_description' id='gfield_description_1_9'>Om evenemanget har andra kontaktuppgifter \u00e4n arrang\u00f6rens, uppge de h\u00e4r. Till exempel kontaktperson, webbsida, e-post med mera.<\/div><\/li><li id=\"field_1_13\" class=\"gfield gfield--type-fileupload field_sublabel_below gfield--has-description field_description_below field_validation_below gfield_visibility_visible\"  ><label class='gfield_label gform-field-label' for='gform_browse_button_1_13'>BILDER<\/label><div class='ginput_container ginput_container_fileupload'><div id='gform_multifile_upload_1_13' data-settings='{&quot;runtimes&quot;:&quot;html5,flash,html4&quot;,&quot;browse_button&quot;:&quot;gform_browse_button_1_13&quot;,&quot;container&quot;:&quot;gform_multifile_upload_1_13&quot;,&quot;drop_element&quot;:&quot;gform_drag_drop_area_1_13&quot;,&quot;filelist&quot;:&quot;gform_preview_1_13&quot;,&quot;unique_names&quot;:true,&quot;file_data_name&quot;:&quot;file&quot;,&quot;url&quot;:&quot;https:\\\/\\\/www.visitvarmland.com\\\/munkfors\\\/?gf_page=1f98f505b69b3fe&quot;,&quot;flash_swf_url&quot;:&quot;https:\\\/\\\/www.visitvarmland.com\\\/munkfors\\\/wp-includes\\\/js\\\/plupload\\\/plupload.flash.swf&quot;,&quot;silverlight_xap_url&quot;:&quot;https:\\\/\\\/www.visitvarmland.com\\\/munkfors\\\/wp-includes\\\/js\\\/plupload\\\/plupload.silverlight.xap&quot;,&quot;filters&quot;:{&quot;mime_types&quot;:[{&quot;title&quot;:&quot;Till\\u00e5tna filer&quot;,&quot;extensions&quot;:&quot;jpg,png,pdf&quot;}],&quot;max_file_size&quot;:&quot;40960000b&quot;},&quot;multipart&quot;:true,&quot;urlstream_upload&quot;:false,&quot;multipart_params&quot;:{&quot;form_id&quot;:1,&quot;field_id&quot;:13},&quot;gf_vars&quot;:{&quot;max_files&quot;:0,&quot;message_id&quot;:&quot;gform_multifile_messages_1_13&quot;,&quot;disallowed_extensions&quot;:[&quot;php&quot;,&quot;asp&quot;,&quot;aspx&quot;,&quot;cmd&quot;,&quot;csh&quot;,&quot;bat&quot;,&quot;html&quot;,&quot;htm&quot;,&quot;hta&quot;,&quot;jar&quot;,&quot;exe&quot;,&quot;com&quot;,&quot;js&quot;,&quot;lnk&quot;,&quot;htaccess&quot;,&quot;phtml&quot;,&quot;ps1&quot;,&quot;ps2&quot;,&quot;php3&quot;,&quot;php4&quot;,&quot;php5&quot;,&quot;php6&quot;,&quot;py&quot;,&quot;rb&quot;,&quot;tmp&quot;]}}' class='gform_fileupload_multifile'>\n\t\t\t\t\t\t\t\t\t\t<div id='gform_drag_drop_area_1_13' class='gform_drop_area gform-theme-field-control'>\n\t\t\t\t\t\t\t\t\t\t\t<span class='gform_drop_instructions'>Dra filer hit eller <\/span>\n\t\t\t\t\t\t\t\t\t\t\t<button type='button' id='gform_browse_button_1_13' class='button gform_button_select_files gform-theme-button gform-theme-button--control' aria-describedby=\"gfield_upload_rules_1_13 gfield_description_1_13\"  >V\u00e4lj filer<\/button>\n\t\t\t\t\t\t\t\t\t\t<\/div>\n\t\t\t\t\t\t\t\t\t<\/div><span class='gfield_description gform_fileupload_rules' id='gfield_upload_rules_1_13'>Godk\u00e4nda filtyper: jpg, png, pdf, Max filstorlek: 39 MB.<\/span><ul class='validation_message--hidden-on-empty gform-ul-reset' id='gform_multifile_messages_1_13'><\/ul> <div id='gform_preview_1_13' class='ginput_preview_list'><\/div><\/div><div class='gfield_description' id='gfield_description_1_13'>Bilder \u00e4r viktiga i marknadsf\u00f6ringen! Inga evenemang publiceras utan bild p\u00e5 webbplatsen. Det finns generella bilder som vi kan anv\u00e4nda men vi ser g\u00e4rna att ni skickar in egna bilder.\nBilden b\u00f6r vara minst 600&#215;640 pixlar och i JPG-format. I listor visas de skalade till 300&#215;210 pixlar. En bra bild har lite luft runt sj\u00e4lva huvudmotivet.\nAnge fotografens namn. F\u00f6r inl\u00e4mnat material ansvarar arrang\u00f6ren\/du sj\u00e4lv att bilden \u00e4r godk\u00e4nd f\u00f6r publicering med eventuella avtal och samtycken.\n\nH\u00e4r kan du ocks\u00e5 bifoga eventuell affisch eller program.<\/div><\/li><li id=\"field_1_10\" class=\"gfield gfield--type-text gfield_contains_required field_sublabel_below gfield--has-description field_description_below field_validation_below gfield_visibility_visible\"  ><label class='gfield_label gform-field-label' for='input_1_10'>UPPGIFTSL\u00c4MNARE<span class=\"gfield_required\"><span class=\"gfield_required gfield_required_asterisk\">*<\/span><\/span><\/label><div class='ginput_container ginput_container_text'><input name='input_10' id='input_1_10' type='text' value='' class='medium'  aria-describedby=\"gfield_description_1_10\"   aria-required=\"true\" aria-invalid=\"false\"   \/><\/div><div class='gfield_description' id='gfield_description_1_10'>Ange ditt f\u00f6r- och efternamn samt e-postadress.<\/div><\/li><li id=\"field_1_12\" class=\"gfield gfield--type-checkbox gfield--type-choice gfield_contains_required field_sublabel_below gfield--has-description field_description_below field_validation_below gfield_visibility_visible\"  ><label class='gfield_label gform-field-label gfield_label_before_complex' >VILLKOR<span class=\"gfield_required\"><span class=\"gfield_required gfield_required_asterisk\">*<\/span><\/span><\/label><div class='ginput_container ginput_container_checkbox'><ul class='gfield_checkbox' id='input_1_12'><li class='gchoice gchoice_1_12_1'>\n\t\t\t\t\t\t\t\t<input class='gfield-choice-input' name='input_12.1' type='checkbox'  value='Jag samtycker.'  id='choice_1_12_1'   aria-describedby=\"gfield_description_1_12\"\/>\n\t\t\t\t\t\t\t\t<label for='choice_1_12_1' id='label_1_12_1' class='gform-field-label gform-field-label--type-inline'>Jag samtycker.<\/label>\n\t\t\t\t\t\t\t<\/li><li class='gchoice gchoice_1_12_2'>\n\t\t\t\t\t\t\t\t<input class='gfield-choice-input' name='input_12.2' type='checkbox'  value='Jag samtycker inte.'  id='choice_1_12_2'   \/>\n\t\t\t\t\t\t\t\t<label for='choice_1_12_2' id='label_1_12_2' class='gform-field-label gform-field-label--type-inline'>Jag samtycker inte.<\/label>\n\t\t\t\t\t\t\t<\/li><\/ul><\/div><div class='gfield_description' id='gfield_description_1_12'>Jag samtycker till att Visit Munkfors-Rans\u00e4ter anv\u00e4nder, sparar och publicerar mina personuppgifter i syfte att marknadsf\u00f6ra det evenemang jag anm\u00e4ler. Mina uppgifter f\u00e5r publiceras p\u00e5 webbplatsen och andra f\u00f6r Visit Munkfors-Rans\u00e4ter relevanta marknadsf\u00f6ringskanaler samt l\u00e4mnas ut till tredje part. \n\nJag har f\u00f6rst\u00e5tt att jag \u00e4r ansvarig f\u00f6r de evenemangsuppgifter jag l\u00e4mnar samt att bilder \u00e4r godk\u00e4nda f\u00f6r publicering med eventuella avtal och samtycken. Jag \u00e4r inf\u00f6rst\u00e5dd med att uppgifter och bilder \u00e4ven l\u00e4mnas ut till tredje part.<\/div><\/li><\/ul><\/div>\n        <div class='gform-footer gform_footer top_label'> <input type='submit' id='gform_submit_button_1' class='gform_button button' onclick='gform.submission.handleButtonClick(this);' data-submission-type='submit' value='Skicka'  \/> \n            <input type='hidden' class='gform_hidden' name='gform_submission_method' data-js='gform_submission_method_1' value='postback' \/>\n            <input type='hidden' class='gform_hidden' name='gform_theme' data-js='gform_theme_1' id='gform_theme_1' value='legacy' \/>\n            <input type='hidden' class='gform_hidden' name='gform_style_settings' data-js='gform_style_settings_1' id='gform_style_settings_1' value='{&quot;inputPrimaryColor&quot;:&quot;#204ce5&quot;}' \/>\n            <input type='hidden' class='gform_hidden' name='is_submit_1' value='1' \/>\n            <input type='hidden' class='gform_hidden' name='gform_submit' value='1' \/>\n            \n            <input type='hidden' class='gform_hidden' name='gform_unique_id' value='' \/>\n            <input type='hidden' class='gform_hidden' name='state_1' value='WyJbXSIsIjczNzFkMTliMzYyODU5MjA2YWI2MjBmMmNmYjBkNzNlIl0=' \/>\n            <input type='hidden' autocomplete='off' class='gform_hidden' name='gform_target_page_number_1' id='gform_target_page_number_1' value='0' \/>\n            <input type='hidden' autocomplete='off' class='gform_hidden' name='gform_source_page_number_1' id='gform_source_page_number_1' value='1' \/>\n            <input type='hidden' name='gform_field_values' value='' \/>\n            <input type='hidden' name='gform_uploaded_files' id='gform_uploaded_files_1' value='' \/>\n        <\/div>\n                        <\/form>\n                        <\/div><script>\ngform.initializeOnLoaded( function() {gformInitSpinner( 1, 'https:\/\/www.visitvarmland.com\/app\/plugins\/gravityforms\/images\/spinner.svg', true );jQuery('#gform_ajax_frame_1').on('load',function(){var contents = jQuery(this).contents().find('*').html();var is_postback = contents.indexOf('GF_AJAX_POSTBACK') >= 0;if(!is_postback){return;}var form_content = jQuery(this).contents().find('#gform_wrapper_1');var is_confirmation = jQuery(this).contents().find('#gform_confirmation_wrapper_1').length > 0;var is_redirect = contents.indexOf('gformRedirect(){') >= 0;var is_form = form_content.length > 0 && ! is_redirect && ! is_confirmation;var mt = parseInt(jQuery('html').css('margin-top'), 10) + parseInt(jQuery('body').css('margin-top'), 10) + 100;if(is_form){jQuery('#gform_wrapper_1').html(form_content.html());if(form_content.hasClass('gform_validation_error')){jQuery('#gform_wrapper_1').addClass('gform_validation_error');} else {jQuery('#gform_wrapper_1').removeClass('gform_validation_error');}setTimeout( function() { \/* delay the scroll by 50 milliseconds to fix a bug in chrome *\/  }, 50 );if(window['gformInitDatepicker']) {gformInitDatepicker();}if(window['gformInitPriceFields']) {gformInitPriceFields();}var current_page = jQuery('#gform_source_page_number_1').val();gformInitSpinner( 1, 'https:\/\/www.visitvarmland.com\/app\/plugins\/gravityforms\/images\/spinner.svg', true );jQuery(document).trigger('gform_page_loaded', [1, current_page]);window['gf_submitting_1'] = false;}else if(!is_redirect){var confirmation_content = jQuery(this).contents().find('.GF_AJAX_POSTBACK').html();if(!confirmation_content){confirmation_content = contents;}jQuery('#gform_wrapper_1').replaceWith(confirmation_content);jQuery(document).trigger('gform_confirmation_loaded', [1]);window['gf_submitting_1'] = false;wp.a11y.speak(jQuery('#gform_confirmation_message_1').text());}else{jQuery('#gform_1').append(contents);if(window['gformRedirect']) {gformRedirect();}}jQuery(document).trigger(\"gform_pre_post_render\", [{ formId: \"1\", currentPage: \"current_page\", abort: function() { this.preventDefault(); } }]);        if (event && event.defaultPrevented) {                return;        }        const gformWrapperDiv = document.getElementById( \"gform_wrapper_1\" );        if ( gformWrapperDiv ) {            const visibilitySpan = document.createElement( \"span\" );            visibilitySpan.id = \"gform_visibility_test_1\";            gformWrapperDiv.insertAdjacentElement( \"afterend\", visibilitySpan );        }        const visibilityTestDiv = document.getElementById( \"gform_visibility_test_1\" );        let postRenderFired = false;        function triggerPostRender() {            if ( postRenderFired ) {                return;            }            postRenderFired = true;            gform.core.triggerPostRenderEvents( 1, current_page );            if ( visibilityTestDiv ) {                visibilityTestDiv.parentNode.removeChild( visibilityTestDiv );            }        }        function debounce( func, wait, immediate ) {            var timeout;            return function() {                var context = this, args = arguments;                var later = function() {                    timeout = null;                    if ( !immediate ) func.apply( context, args );                };                var callNow = immediate && !timeout;                clearTimeout( timeout );                timeout = setTimeout( later, wait );                if ( callNow ) func.apply( context, args );            };        }        const debouncedTriggerPostRender = debounce( function() {            triggerPostRender();        }, 200 );        if ( visibilityTestDiv && visibilityTestDiv.offsetParent === null ) {            const observer = new MutationObserver( ( mutations ) => {                mutations.forEach( ( mutation ) => {                    if ( mutation.type === 'attributes' && visibilityTestDiv.offsetParent !== null ) {                        debouncedTriggerPostRender();                        observer.disconnect();                    }                });            });            observer.observe( document.body, {                attributes: true,                childList: false,                subtree: true,                attributeFilter: [ 'style', 'class' ],            });        } else {            triggerPostRender();        }    } );} );\n<\/script>\n<\/div><\/div>\n<\/div>\n<\/div>\n\n\n\n<p><\/p>\n","protected":false},"excerpt":{"rendered":"<p>Har du ett evenemang p\u00e5 g\u00e5ng och vill f\u00e5 kostnadsfri hj\u00e4lp att marknadsf\u00f6ra det via v\u00e5r evenemangskalender?Anv\u00e4nd formul\u00e4ret nedan f\u00f6r att f\u00f6rmedla ditt evenemang till oss. \u00c4ndrat eller inst\u00e4llt evenemangDet \u00e4r viktigt att du kontaktar oss\u00a0om det blir \u00e4ndringar i ditt evenemang eller om det st\u00e4lls in! Se kontaktuppgifter h\u00e4r nedan. Har du fr\u00e5gor? Tveka [&hellip;]<\/p>\n","protected":false},"author":16,"featured_media":0,"parent":0,"menu_order":0,"comment_status":"closed","ping_status":"closed","template":"","meta":{"_acf_changed":false,"footnotes":""},"class_list":["post-592","page","type-page","status-publish","hentry"],"acf":[],"lang":"sv","translations":{"sv":592},"pll_sync_post":[],"_links":{"self":[{"href":"https:\/\/www.visitvarmland.com\/munkfors\/wp-json\/wp\/v2\/pages\/592","targetHints":{"allow":["GET"]}}],"collection":[{"href":"https:\/\/www.visitvarmland.com\/munkfors\/wp-json\/wp\/v2\/pages"}],"about":[{"href":"https:\/\/www.visitvarmland.com\/munkfors\/wp-json\/wp\/v2\/types\/page"}],"author":[{"embeddable":true,"href":"https:\/\/www.visitvarmland.com\/munkfors\/wp-json\/wp\/v2\/users\/16"}],"replies":[{"embeddable":true,"href":"https:\/\/www.visitvarmland.com\/munkfors\/wp-json\/wp\/v2\/comments?post=592"}],"version-history":[{"count":9,"href":"https:\/\/www.visitvarmland.com\/munkfors\/wp-json\/wp\/v2\/pages\/592\/revisions"}],"predecessor-version":[{"id":1032,"href":"https:\/\/www.visitvarmland.com\/munkfors\/wp-json\/wp\/v2\/pages\/592\/revisions\/1032"}],"wp:attachment":[{"href":"https:\/\/www.visitvarmland.com\/munkfors\/wp-json\/wp\/v2\/media?parent=592"}],"curies":[{"name":"wp","href":"https:\/\/api.w.org\/{rel}","templated":true}]}}