{"id":209,"date":"2021-05-21T13:59:25","date_gmt":"2021-05-21T11:59:25","guid":{"rendered":"https:\/\/www.visitvarmland.com\/storfors\/?page_id=209"},"modified":"2023-05-22T13:26:50","modified_gmt":"2023-05-22T11:26:50","slug":"om-storfors","status":"publish","type":"page","link":"https:\/\/www.visitvarmland.com\/storfors\/om-storfors\/","title":{"rendered":"Om Storfors"},"content":{"rendered":"\n<h2 class=\"wp-block-heading\">Stortrivs i Storfors<\/h2>\n\n\n\n<p>Storfors \u00e4r fr\u00e4mst k\u00e4nt f\u00f6r att innefatta V\u00e4rmlands st\u00f6rsta \u00f6 och f\u00f6r den vackra naturen. H\u00e4r kan du f\u00e4rdas p\u00e5 Bergslagskanalen, ett sj\u00f6system som str\u00e4cker sig 6 mil och kopplar samman fyra kommuner. Du kan hyra en kanot eller roddb\u00e5t f\u00f6r att ta dig runt p\u00e5 Bergslagskanalen p\u00e5\u00a0<a href=\"https:\/\/www.visitvarmland.se\/sv\/gora\/batuthyrning-bjurbackens-slussar-bergslagskanalen-29575%20\" target=\"_blank\" rel=\"noopener\">b\u00e5tuthyrningen<\/a> vid\u00a0<a href=\"https:\/\/www.visitvarmland.se\/sv\/gora\/bjurbackens-slussar-bergslagskanalen-28269%20\" target=\"_blank\" rel=\"noopener\">Bjurb\u00e4ckens slussar<\/a>. <br>H\u00e4r finns ocks\u00e5 st\u00e4llplatser f\u00f6r husbilar och l\u00e5nga och korta vandringsleder. Dessutom fungerar platsen som g\u00e4sthamn\u00a0och p\u00e5 sommaren finns ett slusscaf\u00e9.\u00a0<\/p>\n\n\n\n<h2 class=\"wp-block-heading\">Restauranger och aktiviteter<\/h2>\n\n\n\n<p>M\u00e5nga lockas till Storfors av vandringen och vildmarkslivet. Runt Bjurb\u00e4ckens slussar finns m\u00e5nga fina vandringsleder och dessutom kan du bes\u00f6ka\u00a0<a href=\"https:\/\/www.visitvarmland.se\/sv\/gora\/bjurbackens-bruksomrade-30296%20\" target=\"_blank\" rel=\"noopener\">bruksomr\u00e5det<\/a>\u00a0f\u00f6r en upplevelse ut\u00f6ver <br>det vanliga. H\u00e4r uppf\u00f6rdes en st\u00e5ngj\u00e4rnshammare redan 1602. Idag hittar du m\u00e5nga sev\u00e4rdheter i omr\u00e5det. Den gamla bron till exempel, och en smedja fr\u00e5n 1700-talet.\u00a0<\/p>\n\n\n\n<div class=\"wp-block-atheme-component-cta atheme-wrapper\"><div class=\"atheme-components-cta--decoration-right\"><\/div><div class=\"atheme-components-cta--decoration-left\"><\/div><div class=\"atheme-components-cta\" style=\"height:592px;min-height:300px;background-image:url( https:\/\/www.visitvarmland.com\/storfors\/wp-content\/uploads\/sites\/15\/2021\/05\/Storfors-toppbild-1.jpg );background-size:cover;background-position:center center;background-repeat:no-repeat;background-attachment:scroll\"><div class=\"atheme-components-cta--overlay\" style=\"background-color:rgb(0,0,0);opacity:0\"> <\/div><div class=\"atheme-components-cta--text\"><div><h3>Storfors<\/h3><p>Storfors \u00e4r fr\u00e4mst k\u00e4nt f\u00f6r att innefatta V\u00e4rmlands st\u00f6rsta \u00d6 och f\u00f6r den vackra naturen<\/p><div class=\"atheme-components-cta--text-border\"><\/div><\/div><\/div><\/div><\/div>\n\n\n\n<p><\/p>\n\n\n\n<p>F\u00f6r en lite mer nymodig upplevelse kan du g\u00e5 p\u00e5 den toppmoderna biografen som ocks\u00e5 \u00e4r en av V\u00e4rmlands st\u00f6rsta med sina 215 sittplatser. H\u00e4r visas de senaste filmerna med 4K-uppl\u00f6sning och sprillans nytt ljudsystem. Efter bion kan du bes\u00f6ka&nbsp;<a href=\"https:\/\/www.visitvarmland.se\/sv\/ata\/restaurang-pizzeria-folkets-hus-33355%20\" target=\"_blank\" rel=\"noopener\">restaurangen&nbsp;<\/a>&nbsp;och pizzerian eller&nbsp;<a href=\"https:\/\/www.visitvarmland.se\/sv\/ata\/kulturcafe-46018%20\" target=\"_blank\" rel=\"noopener\">kulturcaf\u00e9et&nbsp;<\/a>&nbsp;i Folkets hus.&nbsp;<\/p>\n\n\n\n<p>P\u00e5 sommaren kan du bada i n\u00e5gon av de m\u00e5nga\u00a0<a href=\"https:\/\/www.visitvarmland.se\/sv\/gora\/badplatser-i-storfors-27390%20\" target=\"_blank\" rel=\"noopener\">badplatserna<\/a>\u00a0i och runt Storfors. M\u00e5nga med sandstrand och sandbotten. Om du vill fiska finns det goda m\u00f6jligheter f\u00f6r det ocks\u00e5. V\u00e4nd dig d\u00e5 till Lungsunds\u00a0<a href=\"https:\/\/www.visitvarmland.se\/sv\/gora\/lungsunds-fiskevardsomradesforening-30687%20\" target=\"_blank\" rel=\"noopener\">fiskev\u00e5rdsomr\u00e5desf\u00f6rening<\/a>\u00a0f\u00f6r fiske i hela Bergslagskanalen.<\/p>\n\n\n\n<p>Passa p\u00e5 att spela en runda golf p\u00e5\u00a0<a href=\"https:\/\/www.visitvarmland.se\/sv\/gora\/lundsbergs-golfklubb-29469%20\" target=\"_blank\" rel=\"noopener\">Lundsbergs golfbana<\/a>. Banan har 9 h\u00e5l med park- och skogskarakt\u00e4r. En riktigt h\u00e4rlig golfupplevelse helt enkelt.<\/p>\n\n\n\n<h2 class=\"wp-block-heading\">Historia och kultur<\/h2>\n\n\n\n<p>Storfors historia str\u00e4cker sig l\u00e5ngt bak i tiden. \u00c5r 1588 bytte hertig Karl (senare Karl IX) till sig omr\u00e5det tillsammans med n\u00e5gra n\u00e4rliggande omr\u00e5den. D\u00e5 var Storfors inte mycket mer \u00e4n en g\u00e5rd och hette Fors. G\u00e5rden Fors blev senare kallad Storfors Herrg\u00e5rd.\u00a0<\/p>\n\n\n\n<p>I\u00a0<a href=\"https:\/\/www.visitvarmland.se\/sv\/gora\/kvaggeshyttan-43478%20\" target=\"_blank\" rel=\"noopener\">Kv\u00e4ggeshyttan<\/a>\u00a0finns mycket att se, hyttan var samlingsplats f\u00f6r byn i m\u00e5nga \u00e5r och h\u00e4r finns \u00e4n idag rester av den gamla masugnen fr\u00e5n 1600-talet. <br>I Kv\u00e4ggeshyttan finns ocks\u00e5 en\u00a0<a href=\"https:\/\/www.visitvarmland.se\/sv\/gora\/kvaggeshyttans-bygdegard-43328%20\" target=\"_blank\" rel=\"noopener\">bygdeg\u00e5rd\u00a0<\/a>\u00a0med mycket aktivitet \u00e4n idag.<\/p>\n\n\n\n<p><a href=\"https:\/\/www.visitvarmland.se\/sv\/gora\/asjohyttan-i-bjurtjarn-43471%20\" target=\"_blank\" rel=\"noopener\">\u00c5sj\u00f6hyttan i Bjurtj\u00e4rn<\/a>\u00a0\u00e4r en historisk plats d\u00e4r du kan se rester av den hyttplats som var i drift \u00e5r 1638 till 1881. I n\u00e4rheten av hytteplatsen ligger Hembygdsg\u00e5rden\u00a0<a href=\"https:\/\/www.visitvarmland.se\/sv\/gora\/hembygdsgarden-borjes-43271%20\" target=\"_blank\" rel=\"noopener\">B\u00f6rjes<\/a>\u00a0d\u00e4r det ocks\u00e5 anordnas aktiviteter med j\u00e4mna mellanrum.\u00a0<\/p>\n\n\n\n<p>I och runt Storfors finns flera kyrkor, b\u00e5de historiska landm\u00e4rken och modernare inslag.\u00a0<a href=\"https:\/\/www.visitvarmland.se\/sv\/gora\/bjurtjarns-kyrka-43270%20\" target=\"_blank\" rel=\"noopener\">Bjurtj\u00e4rns kyrka<\/a>\u00a0har kanske det vackraste l\u00e4get av de alla och har m\u00e5nga sev\u00e4rdheter kvar fr\u00e5n 1600- och 1700-talen. Det har ocks\u00e5\u00a0<a href=\"https:\/\/www.visitvarmland.se\/sv\/gora\/lungsunds-kyrka-43268%20\" target=\"_blank\" rel=\"noopener\">Lungsunds kyrka<\/a>\u00a0i 1700-tals karakt\u00e4r. Kyrkan i\u00a0<a href=\"https:\/\/www.visitvarmland.se\/sv\/gora\/storfors-kyrka-43266%20\" target=\"_blank\" rel=\"noopener\">Storfors\u00a0<\/a>\u00a0har ett sp\u00e4nnande utseende men detta fr\u00e5n mitten av 1900-talet utan torn och med skifferv\u00e4ggar utv\u00e4ndigt.<\/p>\n\n\n\n<h2 class=\"wp-block-heading\">N\u00e4ringsliv och utbildning<\/h2>\n\n\n\n<p>Storfors n\u00e4ringsliv \u00e4r och har l\u00e4nge varit v\u00e4lm\u00e5ende, framf\u00f6rallt j\u00e4rn- och st\u00e5lkulturen som st\u00e4ndigt \u00e4r i framkant. I Storfors finns tandl\u00e4kare, v\u00e5rdcentral och en sporthall fr\u00e5n 1998. I Storfors finns goda f\u00f6ruts\u00e4ttningar f\u00f6r ett blomstrande n\u00e4ringsliv dels f\u00f6r det fantastiska l\u00e4get. H\u00e4r \u00e4r n\u00e4ra till Stockholm, Oslo, Karlstad och \u00d6rebro. Sj\u00e4lva kommunen gr\u00e4nsar till Kristinehamn, Degerfors, Filipstad, Karlstad, Karlskoga och H\u00e4llefors.<\/p>\n\n\n\n<p>I Storfors finns introduktionsprogrammet och vuxenutbildning. D\u00e4remot har Storfors en toppmodern mellan- och h\u00f6gstadieskola, Vargbroskolan, som \u00e4r v\u00e4ldigt energisn\u00e5l.\u00a0<\/p>\n\n\n\n<p>I Storfors finns totalt sex f\u00f6rskolor varav en \u00e4r en \u00f6ppen f\u00f6rskola f\u00f6r barn och f\u00f6r\u00e4ldrar som \u00e4r lediga p\u00e5 dagtid. L\u00e5gstadieskolan i Storfors heter Kroppaskolan, dessutom finns en lantlig skola f\u00f6r l\u00e5g- och mellanstadiet som heter Bjurtj\u00e4rn d\u00e4r man ser till att tillvarata naturen i undervisningen. Barn och ungdomar \u00e4r v\u00e4l omh\u00e4ndertagna h\u00e4r och varje \u00e5r avs\u00e4tter kommunen en summa pengar som barnen f\u00e5r best\u00e4mma sj\u00e4lva hur de ska anv\u00e4ndas.&nbsp;<\/p>\n\n\n\n<h2 class=\"wp-block-heading\">Boende och camping<\/h2>\n\n\n\n<p><\/p>\n\n\n\n<p>Badsta Camping ligger i centrala Storfors intill M\u00f6gsj\u00f6n. H\u00e4r finns plats f\u00f6r husvagn, husbil och t\u00e4lt liksom campingstugor.<\/p>\n\n\n\n<p>F\u00f6r en lite annorlunda upplevelse kan du bo p\u00e5 en riktig\u00a0<a href=\"https:\/\/www.visitvarmland.se\/sv\/bo\/bo-pa-lantgardsundviks-gard-29534%20\" target=\"_blank\" rel=\"noopener\">lantg\u00e5rd<\/a>\u00a0vid Bergslagskanalen i Storfors. Upplev livet p\u00e5 familjejordbruket med djur och riktigt g\u00e5rdsliv.\u00a0<\/p>\n\n\n\n<p>Mellan tv\u00e5 sj\u00f6ar, Ullvettern och \u00d6jevettern ligger ett nyrenoverat&nbsp;<a href=\"https:\/\/www.visitvarmland.se\/sv\/bo\/lerviksangens-gard-31334\" target=\"_blank\" rel=\"noopener\">hus p\u00e5 en lantg\u00e5rd<\/a>. H\u00e4r kan du ocks\u00e5 slappna av i riktig lantmilj\u00f6 och med riktigt n\u00e4ra till den upplevelserika naturen.&nbsp;<\/p>\n\n\n\n    <div class=\"cards-section-top\">\n                <h2>Aktiviteter<\/h2>\n        <a class=\"a-button\" href=\"\/aktiviteter\">Visa alla<\/a>\n    <\/div>\n    <section class=\"cards-section-wrapper\">\n        <div class=\"cards-section-slide\">\n            <!-- Card wrapper -->\n<article class=\"a-card a-card--turid\" link-finder     >\n                <div class=\"a-card__image a-card--turid__image\">\n                <div class=\"bg-img\" style=\"background-image:url(https:\/\/img.turid.visitvarmland.com\/legacy\/Storfors\/b\u00e5thamnen%20en%20brygga.jpeg?q=80&#038;fit=crop&#038;w=300&#038;h=210&#038;v=1&#038;);\"><\/div>\n            <\/div>\n                        <h2 class=\"a-card__title a-card--turid__title\"><a href=\"https:\/\/www.visitvarmland.com\/storfors\/aktiviteter\/fiska\/platser-22\/storfors-bathamngasthamn-bergslagskanalen\" data-no-translation>Storfors B\u00e5thamn\/g\u00e4sthamn &#8211; Bergslagskanalen<\/a><\/h2>\n                        <div class=\"a-card__content a-card--turid__content\">Avgiftsfri g\u00e4sthamn.<\/div>\n                        <div class=\"a-card__bottom-wrapper a-card--turid__bottom-wrapper\" style=\"background-image:url();\">                            <div class=\"a-card__favorite a-card--turid__favorite\"><i class=\"fal fa-heart\"><\/i><\/div>\n                        <div class=\"a-card__tag a-card--turid__tag\"><!-- Button wrapper -->\n\n<a class=\"a-tag a-tag--small\" href=\"https:\/\/www.visitvarmland.com\/aktiviteter\/fiska\/platser-22\" target=\"_self\">\n    <span class='a-card--divider'>Platser<\/span>\n    <\/a><\/div>\n                        <\/div>\n            <\/article><!-- Card wrapper -->\n<article class=\"a-card a-card--turid\" link-finder     >\n                <div class=\"a-card__image a-card--turid__image\">\n                <div class=\"bg-img\" style=\"background-image:url(https:\/\/img.turid.visitvarmland.com\/legacy\/Storfors\/kyrkan.jpeg?q=80&#038;fit=crop&#038;w=300&#038;h=210&#038;v=1&#038;);\"><\/div>\n            <\/div>\n                        <h2 class=\"a-card__title a-card--turid__title\"><a href=\"https:\/\/www.visitvarmland.com\/storfors\/kultur-historia\/kyrka\/platser-48\/storfors-kyrka\" data-no-translation>Storfors kyrka<\/a><\/h2>\n                        <div class=\"a-card__content a-card--turid__content\">Kyrkan fr\u00e5n 1959 \u00e4r en enskeppig byggnad med&hellip;<\/div>\n                        <div class=\"a-card__bottom-wrapper a-card--turid__bottom-wrapper\" style=\"background-image:url();\">                            <div class=\"a-card__favorite a-card--turid__favorite\"><i class=\"fal fa-heart\"><\/i><\/div>\n                        <div class=\"a-card__tag a-card--turid__tag\"><!-- Button wrapper -->\n\n<a class=\"a-tag a-tag--small\" href=\"https:\/\/www.visitvarmland.com\/kultur-historia\/kyrka\/platser-48\" target=\"_self\">\n    <span class='a-card--divider'>Platser<\/span>\n    <\/a><\/div>\n                        <\/div>\n            <\/article><!-- Card wrapper -->\n<article class=\"a-card a-card--turid\" link-finder     >\n                <div class=\"a-card__image a-card--turid__image\">\n                <div class=\"bg-img\" style=\"background-image:url(https:\/\/img.turid.visitvarmland.com\/legacy\/Storfors\/Hembygdsg\u00e5rden%20Hagen.jpeg?q=80&#038;fit=crop&#038;w=300&#038;h=210&#038;v=1&#038;);\"><\/div>\n            <\/div>\n                        <h2 class=\"a-card__title a-card--turid__title\"><a href=\"https:\/\/www.visitvarmland.com\/storfors\/kultur-historia\/hus-kulturmiljoer\/platser-37\/storfors-hembygdsgard-hagen\" data-no-translation>Storfors Hembygdsg\u00e5rd Hagen<\/a><\/h2>\n                        <div class=\"a-card__content a-card--turid__content\">Hembygdsg\u00e5rd i centrala Storfors<\/div>\n                        <div class=\"a-card__bottom-wrapper a-card--turid__bottom-wrapper\" style=\"background-image:url();\">                            <div class=\"a-card__favorite a-card--turid__favorite\"><i class=\"fal fa-heart\"><\/i><\/div>\n                        <div class=\"a-card__tag a-card--turid__tag\"><!-- Button wrapper -->\n\n<a class=\"a-tag a-tag--small\" href=\"https:\/\/www.visitvarmland.com\/kultur-historia\/hus-kulturmiljoer\/platser-37\" target=\"_self\">\n    <span class='a-card--divider'>Platser<\/span>\n    <\/a><\/div>\n                        <\/div>\n            <\/article><!-- Card wrapper -->\n<article class=\"a-card a-card--turid\" link-finder     >\n                <div class=\"a-card__image a-card--turid__image\">\n                <div class=\"bg-img\" style=\"background-image:url(https:\/\/img.turid.visitvarmland.com\/legacy\/Storfors\/brandbil%20brandmuseet.jpeg?q=80&#038;fit=crop&#038;w=300&#038;h=210&#038;v=1&#038;);\"><\/div>\n            <\/div>\n                        <h2 class=\"a-card__title a-card--turid__title\"><a href=\"https:\/\/www.visitvarmland.com\/storfors\/kultur-historia\/museum\/platser-51\/varmlands-brandhistoriska-museum-i-storfors\" data-no-translation>V\u00e4rmlands brandhistoriska museum i Storfors<\/a><\/h2>\n                        <div class=\"a-card__content a-card--turid__content\">Vi kan \u00f6ppna f\u00f6r bes\u00f6k av grupper \u2013&hellip;<\/div>\n                        <div class=\"a-card__bottom-wrapper a-card--turid__bottom-wrapper\" style=\"background-image:url();\">                            <div class=\"a-card__favorite a-card--turid__favorite\"><i class=\"fal fa-heart\"><\/i><\/div>\n                        <div class=\"a-card__tag a-card--turid__tag\"><!-- Button wrapper -->\n\n<a class=\"a-tag a-tag--small\" href=\"https:\/\/www.visitvarmland.com\/kultur-historia\/museum\/platser-51\" target=\"_self\">\n    <span class='a-card--divider'>Platser<\/span>\n    <\/a><\/div>\n                        <\/div>\n            <\/article>        <\/div>\n        <button class=\"hero-scroll-icon section-scroll-side\" aria-label=\"Next\" aria-hidden=\"true\" tabindex=\"-1\">\n            <div class=\"pre-icon-dot\"><\/div>\n            <div class=\"pre-icon-dot\"><\/div>\n            <i class=\"fal fa-long-arrow-down\" aria-hidden=\"true\"><\/i>\n        <\/button>\n        <button class=\"hero-scroll-icon section-scroll-side-left section-scroll-side-left-hidden\" aria-label=\"Previous\" aria-hidden=\"true\" tabindex=\"-1\">\n            <div class=\"pre-icon-dot\"><\/div>\n            <div class=\"pre-icon-dot\"><\/div>\n            <i class=\"fal fa-long-arrow-down\" aria-hidden=\"true\"><\/i>\n        <\/button>\n    <\/section>\n\n\n\n\n\n<p><\/p>\n","protected":false},"excerpt":{"rendered":"<p>Stortrivs i Storfors Storfors \u00e4r fr\u00e4mst k\u00e4nt f\u00f6r att innefatta V\u00e4rmlands st\u00f6rsta \u00f6 och f\u00f6r den vackra naturen. H\u00e4r kan du f\u00e4rdas p\u00e5 Bergslagskanalen, ett sj\u00f6system som str\u00e4cker sig 6 mil och kopplar samman fyra kommuner. Du kan hyra en kanot eller roddb\u00e5t f\u00f6r att ta dig runt p\u00e5 Bergslagskanalen p\u00e5\u00a0b\u00e5tuthyrningen vid\u00a0Bjurb\u00e4ckens slussar. H\u00e4r finns [&hellip;]<\/p>\n","protected":false},"author":3,"featured_media":0,"parent":0,"menu_order":0,"comment_status":"closed","ping_status":"open","template":"","meta":{"_acf_changed":false,"footnotes":""},"class_list":["post-209","page","type-page","status-publish","hentry"],"acf":[],"lang":"sv","translations":{"sv":209},"pll_sync_post":[],"_links":{"self":[{"href":"https:\/\/www.visitvarmland.com\/storfors\/wp-json\/wp\/v2\/pages\/209","targetHints":{"allow":["GET"]}}],"collection":[{"href":"https:\/\/www.visitvarmland.com\/storfors\/wp-json\/wp\/v2\/pages"}],"about":[{"href":"https:\/\/www.visitvarmland.com\/storfors\/wp-json\/wp\/v2\/types\/page"}],"author":[{"embeddable":true,"href":"https:\/\/www.visitvarmland.com\/storfors\/wp-json\/wp\/v2\/users\/3"}],"replies":[{"embeddable":true,"href":"https:\/\/www.visitvarmland.com\/storfors\/wp-json\/wp\/v2\/comments?post=209"}],"version-history":[{"count":8,"href":"https:\/\/www.visitvarmland.com\/storfors\/wp-json\/wp\/v2\/pages\/209\/revisions"}],"predecessor-version":[{"id":275,"href":"https:\/\/www.visitvarmland.com\/storfors\/wp-json\/wp\/v2\/pages\/209\/revisions\/275"}],"wp:attachment":[{"href":"https:\/\/www.visitvarmland.com\/storfors\/wp-json\/wp\/v2\/media?parent=209"}],"curies":[{"name":"wp","href":"https:\/\/api.w.org\/{rel}","templated":true}]}}