{"id":1296,"date":"2024-12-17T14:13:18","date_gmt":"2024-12-17T13:13:18","guid":{"rendered":"https:\/\/www.visitvarmland.com\/torsby\/?page_id=1296"},"modified":"2024-12-17T14:13:21","modified_gmt":"2024-12-17T13:13:21","slug":"welcome-to-torsby","status":"publish","type":"page","link":"https:\/\/www.visitvarmland.com\/torsby\/en\/welcome-to-torsby\/","title":{"rendered":"Welcome to Torsby!"},"content":{"rendered":"\n<div class=\"wp-block-atheme-component-collage-3 atheme-collage\"><div class=\"atheme-collage--triple\"><div class=\"atheme-collage--image\" style=\"background-image:url( https:\/\/www.visitvarmland.com\/torsby\/wp-content\/uploads\/sites\/18\/2021\/06\/23I3962-scaled.jpg )\"><div id=\"jDLHRaTBBohvhBbB\" class=\"atheme-collage--infobox\"><p><a href=\"https:\/\/www.visitvarmland.com\/torsby\/en\/culture-history\/houses-cultural-environments\/hembygdsgarden-kollsberg-torsby\" data-type=\"URL\" data-id=\"https:\/\/www.visitvarmland.com\/kultur-historia\/hus-kulturmiljoer\/hembygdsgarden-kollsberg-torsby\">Discover Kollsberg<\/a><\/p><\/div><div class=\"atheme-collage--action\"><div class=\"atheme-collage--action-btn\" onclick=\"aToggleInfoBox('jDLHRaTBBohvhBbB')\"><i class=\"fal fa-ellipsis-h\"><\/i><\/div><\/div><\/div><div class=\"atheme-collage--image\" style=\"background-image:url( https:\/\/www.visitvarmland.com\/torsby\/wp-content\/uploads\/sites\/18\/2021\/06\/Tunnel-08-scaled.jpg )\"><div id=\"eOQSfdvLmSsqavjR\" class=\"atheme-collage--infobox\"><p><a href=\"https:\/\/skidtunnel.se\/\" target=\"_blank\" rel=\"noopener\">Discover Torsby Skidtunnel och sportcenter<\/a><\/p><\/div><div class=\"atheme-collage--action\"><div class=\"atheme-collage--action-btn\" onclick=\"aToggleInfoBox('eOQSfdvLmSsqavjR')\"><i class=\"fal fa-ellipsis-h\"><\/i><\/div><\/div><\/div><div class=\"atheme-collage--image\" style=\"background-image:url( https:\/\/www.visitvarmland.com\/torsby\/wp-content\/uploads\/sites\/18\/2021\/06\/23I2720-scaled.jpg )\"><div id=\"DJDlIrXKqiJeymVB\" class=\"atheme-collage--infobox\"><p><a href=\"https:\/\/www.visitvarmland.com\/torsby\/en\/culture-history\/houses-cultural-environments\/places-37\/ransbysatern\" data-type=\"URL\" data-id=\"https:\/\/www.visitvarmland.com\/kultur-historia\/hus-kulturmiljoer\/platser-37\/ransbysatern\">Discover Ransbys\u00e4tern<\/a><\/p><\/div><div class=\"atheme-collage--action\"><div class=\"atheme-collage--action-btn\" onclick=\"aToggleInfoBox('DJDlIrXKqiJeymVB')\"><i class=\"fal fa-ellipsis-h\"><\/i><\/div><\/div><\/div><\/div><\/div>\n\n\n\n<h2 class=\"wp-block-heading\"><strong>Experiences to Remember<\/strong><\/h2>\n\n\n\n<p>Old and new, rest and activity, tranquility and speed, small and large, summer and winter, spring and autumn. In Torsby, you\u2019ll find contrasts that are really just the ends of a long spectrum of fun and exciting experiences. Here, you\u2019ll find opportunities for experiences beyond the ordinary.<\/p>\n\n\n\n<h2 class=\"wp-block-heading\"><strong>History and Culture<\/strong><\/h2>\n\n\n\n<p>Do you enjoy art, museums, nature, and historical settings? Then you\u2019ve come to the right place. Explore our art farms, museums, and <em>Finn farms<\/em> with their captivating environments.<\/p>\n\n\n\n<p>Finnskogen, with its blooming meadows, the scent of smoke and coffee, is a forest filled with experiences and atmospheres from another time and culture. In the 1600s, Finnskogen was colonized by Finnish settlers. Using their perfected techniques, they harvested abundant crops from the ashes of burned forests. The memories still live on at our <em>Finn farms<\/em>, which are the best-preserved in Scandinavia, many of which are open to visitors.<\/p>\n\n\n\n<h3 class=\"wp-block-heading\"><strong>A Cultural Selection<\/strong><\/h3>\n\n\n\n<ul class=\"wp-block-list\">\n<li><strong>Finnskogscentrum<\/strong> in Lekvattnet is a visitor center featuring a museum, library, shop with a caf\u00e9, exhibitions, and events. The museum hosts an exciting permanent exhibition, and each year a new summer exhibition is created around a specific theme.<\/li>\n\n\n\n<li><strong>Sahlstr\u00f6msg\u00e5rden<\/strong> in the idyllic village of Utterbyn, holds memories of remarkable artistic destinies and strong personalities. This was home to the three artist siblings Anna, Bror, and Ida Sahlstr\u00f6m, and a gathering place for their artist friends. A unique memorial set in a turn-of-the-century environment, it showcases rich collections of art and handicrafts.<\/li>\n\n\n\n<li><strong>Utmarksmuseet<\/strong> with the <strong>Pilgrim Tapestry<\/strong> in Ransby, a 40-meter-long linen tapestry, is Sweden\u2019s answer to the French Bayeux Tapestry in Normandy. The tapestry is displayed in its own medieval-style log house and tells, through tens of thousands of stitches, the story of pilgrims\u2019 journeys from Hammar\u00f6 to Nidaros.<\/li>\n\n\n\n<li><strong>Kollsberg<\/strong> in Torsby, beautifully perched at the northern tip of Lake Fryken with sweeping views, is one of our many charming heritage farms. Here, you can experience the local history and gain insight into what life was like in days gone by.<\/li>\n<\/ul>\n\n\n\n<h2 class=\"wp-block-heading\"><strong>Where Would You Like to Stay?<\/strong><\/h2>\n\n\n\n<p>You can\u2019t experience all of Torsby in just one day \u2013 you\u2019ll need several to truly fill your senses with everything Torsby has to offer. Choose from lakeside camping, charming bed &amp; breakfasts, or perhaps a comfortable hotel, centrally located with easy access to shopping or surrounded by beautiful nature just around the corner. Find accommodation where you\u2019ll feel at home \u2013 and perhaps stay an extra night!<\/p>\n\n\n\n<h2 class=\"wp-block-heading\"><strong>What Would You Like to Eat?<\/strong><\/h2>\n\n\n\n<p>Food should taste great and be a delight for the eyes. We have restaurants and caf\u00e9s that you\u2019ll want to visit again and again. Try our specialties, <em>motti &amp; fl\u00e4sk<\/em> and <em>kolbullar<\/em>! These traditional dishes are served during the summer at our <strong>Finn farms<\/strong> and <strong>heritage farms<\/strong>.<\/p>\n\n\n\n<p>A few excellent examples of local food culture include <strong>Nederg\u00e5rdens Vilt &amp; Natur<\/strong> in Syssleb\u00e4ck, <strong>Sahlstr\u00f6msg\u00e5rden<\/strong>, and <strong>Fr\u00f6knarna Fr\u00e4s<\/strong>. At <strong>L\u00e5ngberget<\/strong>, you can enjoy dinner with a panoramic view of the mountains! Another tip: in almost every corner of Torsby center, you\u2019ll find a local pizzeria. Be aware that opening hours may vary depending on the season.<\/p>\n\n\n\n<h2 class=\"wp-block-heading\"><strong>Torsby\u2019s Friendly Yet Wild Wilderness<\/strong><\/h2>\n\n\n\n<p>A paradise for active, nature-loving visitors. Hiking, cycling, kayaking, rafting, skiing, snowshoeing, and dog sledding \u2013 there\u2019s something for everyone!<\/p>\n\n\n\n<ul class=\"wp-block-list\">\n<li>In Torsby Municipality, you\u2019ll find over 70 nature reserves with stunning landscapes. Some feature excellent hiking trails and scenic viewpoints.<\/li>\n\n\n\n<li>At <strong>Torsby Ski Tunnel and Sports Center<\/strong>, you can ski year-round! A constant -3 degrees and perfect tracks no matter the season.<\/li>\n\n\n\n<li>Explore some of our best trails, like <strong>Finnskogleden<\/strong>, <strong>Siristigen<\/strong>, <strong>Sjutorpsleden<\/strong>, <strong>Nordv\u00e4rmlandsleden<\/strong>, and <strong>Hovfj\u00e4llet<\/strong>, where you can hike through deep wilderness or cultural landscapes close to town.<\/li>\n\n\n\n<li>For cycling enthusiasts, there are <strong>MTB trails<\/strong> through forest terrain and small roads, as well as longer cycling routes perfect for multi-day adventures.<\/li>\n\n\n\n<li>Build your own timber raft and gently float down the <strong>Klar\u00e4lven River<\/strong> \u2013 a peaceful yet adventurous experience. A true <em>must-do<\/em> according to <em>National Geographic<\/em>.<\/li>\n\n\n\n<li>For canoeing and kayaking, enjoy paddling on meandering rivers and streams that flow through beautiful forested landscapes.<\/li>\n<\/ul>\n\n\n\n    <div class=\"cards-section-top\">\n                <h2>Aktiviteter<\/h2>\n        <a class=\"a-button\" href=\"\/aktiviteter\">Visa alla<\/a>\n    <\/div>\n    <section class=\"cards-section-wrapper\">\n        <div class=\"cards-section-slide\">\n            <!-- Card wrapper -->\n<article class=\"a-card a-card--turid\" link-finder     >\n                <div class=\"a-card__image a-card--turid__image\">\n                <div class=\"bg-img\" style=\"background-image:url(https:\/\/img.turid.visitvarmland.com\/legacy\/Torsby\/BR_X1A2723.jpeg?q=80&#038;fit=crop&#038;w=300&#038;h=210&#038;v=1&#038;);\"><\/div>\n            <\/div>\n                        <h2 class=\"a-card__title a-card--turid__title\"><a href=\"https:\/\/www.visitvarmland.com\/torsby\/aktiviteter\/skidakning\/branas\" data-no-translation>Bran\u00e4s<\/a><\/h2>\n                        <div class=\"a-card__content a-card--turid__content\">P\u00e5 Bran\u00e4sberget ligger en av Sveriges fj\u00e4rde st\u00f6rsta&hellip;<\/div>\n                        <div class=\"a-card__bottom-wrapper a-card--turid__bottom-wrapper\" style=\"background-image:url();\">                            <div class=\"a-card__favorite a-card--turid__favorite\"><i class=\"fal fa-heart\"><\/i><\/div>\n                        <div class=\"a-card__tag a-card--turid__tag\"><!-- Button wrapper -->\n\n<a class=\"a-tag a-tag--small\" href=\"https:\/\/www.visitvarmland.com\/aktiviteter\/skidakning\" target=\"_self\">\n    <span class='a-card--divider'>Skid\u00e5kning<\/span>\n    <\/a><\/div>\n                        <\/div>\n            <\/article><!-- Card wrapper -->\n<article class=\"a-card a-card--turid\" link-finder     >\n                <div class=\"a-card__image a-card--turid__image\">\n                <div class=\"bg-img\" style=\"background-image:url(https:\/\/img.turid.visitvarmland.com\/legacy\/Torsby\/Fin%20stuga.jpeg?q=80&#038;fit=crop&#038;w=300&#038;h=210&#038;v=1&#038;);\"><\/div>\n            <\/div>\n                        <h2 class=\"a-card__title a-card--turid__title\"><a href=\"https:\/\/www.visitvarmland.com\/torsby\/boende\/camping\/torsby-camping\" data-no-translation>Torsby Camping<\/a><\/h2>\n                        <div class=\"a-card__content a-card--turid__content\">Bo natursk\u00f6nt p\u00e5 Torsby Camping d\u00e4r det alltid&hellip;<\/div>\n                        <div class=\"a-card__bottom-wrapper a-card--turid__bottom-wrapper\" style=\"background-image:url();\">                            <div class=\"a-card__favorite a-card--turid__favorite\"><i class=\"fal fa-heart\"><\/i><\/div>\n                        <div class=\"a-card__tag a-card--turid__tag\"><!-- Button wrapper -->\n\n<a class=\"a-tag a-tag--small\" href=\"https:\/\/www.visitvarmland.com\/boende\/camping\" target=\"_self\">\n    <span class='a-card--divider'>Camping<\/span>\n    <\/a><\/div>\n                        <\/div>\n            <\/article><!-- Card wrapper -->\n<article class=\"a-card a-card--turid\" link-finder     >\n                <div class=\"a-card__image a-card--turid__image\">\n                <div class=\"bg-img\" style=\"background-image:url(https:\/\/img.turid.visitvarmland.com\/69581f37-1fd1-4d9c-af7b-9a2d9df50225\/img-8284.jpeg?q=80&#038;fit=crop&#038;w=300&#038;h=210&#038;v=1&#038;);\"><\/div>\n            <\/div>\n                        <h2 class=\"a-card__title a-card--turid__title\"><a href=\"https:\/\/www.visitvarmland.com\/torsby\/boende\/bed-breakfast\/the-lodge-torsby\" data-no-translation>The Lodge Torsby<\/a><\/h2>\n                        <div class=\"a-card__content a-card--turid__content\">The Lodge Torsby \u00e4r ett historiskt g\u00e4stgiveri vid&hellip;<\/div>\n                        <div class=\"a-card__bottom-wrapper a-card--turid__bottom-wrapper\" style=\"background-image:url();\">                            <div class=\"a-card__favorite a-card--turid__favorite\"><i class=\"fal fa-heart\"><\/i><\/div>\n                        <div class=\"a-card__tag a-card--turid__tag\"><!-- Button wrapper -->\n\n<a class=\"a-tag a-tag--small\" href=\"https:\/\/www.visitvarmland.com\/boende\/bed-breakfast\" target=\"_self\">\n    <span class='a-card--divider'>Bed &#038; breakfast<\/span>\n    <\/a><\/div>\n                        <\/div>\n            <\/article><!-- Card wrapper -->\n<article class=\"a-card a-card--turid\" link-finder     >\n                <div class=\"a-card__image a-card--turid__image\">\n                <div class=\"bg-img\" style=\"background-image:url(https:\/\/img.turid.visitvarmland.com\/legacy\/Torsby\/Strandas_ext.jpeg?q=80&#038;fit=crop&#038;w=300&#038;h=210&#038;v=1&#038;);\"><\/div>\n            <\/div>\n                        <h2 class=\"a-card__title a-card--turid__title\"><a href=\"https:\/\/www.visitvarmland.com\/torsby\/boende\/hotell-pensionat\/strandas-gastgiveri\" data-no-translation>Strand\u00e5s G\u00e4stgiveri<\/a><\/h2>\n                        <div class=\"a-card__content a-card--turid__content\">Strand\u00e5s G\u00e4stgiveri &#8211; en p\u00e4rla vid Klar\u00e4lven endast&hellip;<\/div>\n                        <div class=\"a-card__bottom-wrapper a-card--turid__bottom-wrapper\" style=\"background-image:url();\">                            <div class=\"a-card__favorite a-card--turid__favorite\"><i class=\"fal fa-heart\"><\/i><\/div>\n                        <div class=\"a-card__tag a-card--turid__tag\"><!-- Button wrapper -->\n\n<a class=\"a-tag a-tag--small\" href=\"https:\/\/www.visitvarmland.com\/boende\/hotell-pensionat\" target=\"_self\">\n    <span class='a-card--divider'>Hotell &#038; pensionat<\/span>\n    <\/a><\/div>\n                        <\/div>\n            <\/article><!-- Card wrapper -->\n<article class=\"a-card a-card--turid\" link-finder     >\n                <div class=\"a-card__image a-card--turid__image\">\n                <div class=\"bg-img\" style=\"background-image:url(https:\/\/img.turid.visitvarmland.com\/18258c17-e501-428f-b266-b1a0cecfcfa7\/img-0204-web.png?q=80&#038;fit=crop&#038;w=300&#038;h=210&#038;v=1&#038;);\"><\/div>\n            <\/div>\n                        <h2 class=\"a-card__title a-card--turid__title\"><a href=\"https:\/\/www.visitvarmland.com\/torsby\/aktiviteter\/vandra\/7-torpsleden\" data-no-translation>7-torpsleden<\/a><\/h2>\n                        <div class=\"a-card__content a-card--turid__content\">7-torpsleden \u00e4r en 7,9 km l\u00e5ng kvalitetss\u00e4krad och&hellip;<\/div>\n                        <div class=\"a-card__bottom-wrapper a-card--turid__bottom-wrapper\" style=\"background-image:url();\">                            <div class=\"a-card__favorite a-card--turid__favorite\"><i class=\"fal fa-heart\"><\/i><\/div>\n                        <div class=\"a-card__tag a-card--turid__tag\"><!-- Button wrapper -->\n\n<a class=\"a-tag a-tag--small\" href=\"https:\/\/www.visitvarmland.com\/aktiviteter\/vandra\" target=\"_self\">\n    <span class='a-card--divider'>Vandra<\/span>\n    <\/a><\/div>\n                        <\/div>\n            <\/article><!-- Card wrapper -->\n<article class=\"a-card a-card--turid\" link-finder     >\n                <div class=\"a-card__image a-card--turid__image\">\n                <div class=\"bg-img\" style=\"background-image:url(https:\/\/img.turid.visitvarmland.com\/e880393f-ed61-4554-af8c-0314269cb3f2\/ig-20231125-102331-turid.png?q=80&#038;fit=crop&#038;w=300&#038;h=210&#038;v=1&#038;);\"><\/div>\n            <\/div>\n                        <h2 class=\"a-card__title a-card--turid__title\"><a href=\"https:\/\/www.visitvarmland.com\/arvika\/aktiviteter\/vandra\/finnskogleden\" data-no-translation>Finnskogleden<\/a><\/h2>\n                        <div class=\"a-card__content a-card--turid__content\">En 240 km l\u00e5ng vandringsled som str\u00e4cker sig&hellip;<\/div>\n                        <div class=\"a-card__bottom-wrapper a-card--turid__bottom-wrapper\" style=\"background-image:url();\">                            <div class=\"a-card__favorite a-card--turid__favorite\"><i class=\"fal fa-heart\"><\/i><\/div>\n                        <div class=\"a-card__tag a-card--turid__tag\"><!-- Button wrapper -->\n\n<a class=\"a-tag a-tag--small\" href=\"https:\/\/www.visitvarmland.com\/aktiviteter\/vandra\" target=\"_self\">\n    <span class='a-card--divider'>Vandra<\/span>\n    <\/a><\/div>\n                        <\/div>\n            <\/article><!-- Card wrapper -->\n<article class=\"a-card a-card--turid\" link-finder     >\n                <div class=\"a-card__image a-card--turid__image\">\n                <div class=\"bg-img\" style=\"background-image:url(https:\/\/img.turid.visitvarmland.com\/legacy\/Torsby\/hovfj-naturbild3_alpin.jpeg?q=80&#038;fit=crop&#038;w=300&#038;h=210&#038;v=1&#038;);\"><\/div>\n            <\/div>\n                        <h2 class=\"a-card__title a-card--turid__title\"><a href=\"https:\/\/www.visitvarmland.com\/torsby\/aktiviteter\/skidakning\/hovfjallet\" data-no-translation>Hovfj\u00e4llet<\/a><\/h2>\n                        <div class=\"a-card__content a-card--turid__content\">Skid\u00e5kning f\u00f6r hela familjen i Sveriges sydligaste fj\u00e4llnatur&hellip;<\/div>\n                        <div class=\"a-card__bottom-wrapper a-card--turid__bottom-wrapper\" style=\"background-image:url();\">                            <div class=\"a-card__favorite a-card--turid__favorite\"><i class=\"fal fa-heart\"><\/i><\/div>\n                        <div class=\"a-card__tag a-card--turid__tag\"><!-- Button wrapper -->\n\n<a class=\"a-tag a-tag--small\" href=\"https:\/\/www.visitvarmland.com\/aktiviteter\/skidakning\" target=\"_self\">\n    <span class='a-card--divider'>Skid\u00e5kning<\/span>\n    <\/a><\/div>\n                        <\/div>\n            <\/article><!-- Card wrapper -->\n<article class=\"a-card a-card--turid\" link-finder     >\n                <div class=\"a-card__image a-card--turid__image\">\n                <div class=\"bg-img\" style=\"background-image:url(https:\/\/img.turid.visitvarmland.com\/legacy\/Torsby\/Tunnel-11.jpeg?q=80&#038;fit=crop&#038;w=300&#038;h=210&#038;v=1&#038;);\"><\/div>\n            <\/div>\n                        <h2 class=\"a-card__title a-card--turid__title\"><a href=\"https:\/\/www.visitvarmland.com\/torsby\/aktiviteter\/skidakning\/torsby-skidtunnel-sportcenter\" data-no-translation>Torsby Skidtunnel &#038; Sportcenter<\/a><\/h2>\n                        <div class=\"a-card__content a-card--turid__content\">\u00c5ka skidor p\u00e5 sommaren, styrketr\u00e4na utomhus, vandra, cykla,&hellip;<\/div>\n                        <div class=\"a-card__bottom-wrapper a-card--turid__bottom-wrapper\" style=\"background-image:url();\">                            <div class=\"a-card__favorite a-card--turid__favorite\"><i class=\"fal fa-heart\"><\/i><\/div>\n                        <div class=\"a-card__tag a-card--turid__tag\"><!-- Button wrapper -->\n\n<a class=\"a-tag a-tag--small\" href=\"https:\/\/www.visitvarmland.com\/aktiviteter\/skidakning\" target=\"_self\">\n    <span class='a-card--divider'>Skid\u00e5kning<\/span>\n    <\/a><\/div>\n                        <\/div>\n            <\/article><!-- Card wrapper -->\n<article class=\"a-card a-card--turid\" link-finder     >\n                <div class=\"a-card__image a-card--turid__image\">\n                <div class=\"bg-img\" style=\"background-image:url(https:\/\/img.turid.visitvarmland.com\/legacy\/Torsby\/Pilgrimstapeten9%20Jan%20Nilsson.jpeg?q=80&#038;fit=crop&#038;w=300&#038;h=210&#038;v=1&#038;);\"><\/div>\n            <\/div>\n                        <h2 class=\"a-card__title a-card--turid__title\"><a href=\"https:\/\/www.visitvarmland.com\/torsby\/kultur-historia\/konst\/utmarksmuseet\" data-no-translation>Utmarksmuseet<\/a><\/h2>\n                        <div class=\"a-card__content a-card--turid__content\">Utmarksmuseet \u00e4r en m\u00f6tesplats d\u00e4r du kan uppt\u00e4cka&hellip;<\/div>\n                        <div class=\"a-card__bottom-wrapper a-card--turid__bottom-wrapper\" style=\"background-image:url();\">                            <div class=\"a-card__favorite a-card--turid__favorite\"><i class=\"fal fa-heart\"><\/i><\/div>\n                        <div class=\"a-card__tag a-card--turid__tag\"><!-- Button wrapper -->\n\n<a class=\"a-tag a-tag--small\" href=\"https:\/\/www.visitvarmland.com\/kultur-historia\/museum\" target=\"_self\">\n    <span class='a-card--divider'>Museum<\/span>\n    <\/a><\/div>\n                        <\/div>\n            <\/article><!-- Card wrapper -->\n<article class=\"a-card a-card--turid\" link-finder     >\n                <div class=\"a-card__image a-card--turid__image\">\n                <div class=\"bg-img\" style=\"background-image:url(https:\/\/img.turid.visitvarmland.com\/legacy\/Torsby\/Ritam\u00e4ki%20med%20blomma%20Lekemark_0.JPG?q=80&#038;fit=crop&#038;w=300&#038;h=210&#038;v=1&#038;);\"><\/div>\n            <\/div>\n                        <h2 class=\"a-card__title a-card--turid__title\"><a href=\"https:\/\/www.visitvarmland.com\/torsby\/kultur-historia\/hus-kulturmiljoer\/finngarden-ritamaki\" data-no-translation>Finng\u00e5rden Ritam\u00e4ki<\/a><\/h2>\n                        <div class=\"a-card__content a-card--turid__content\">Ritam\u00e4ki utanf\u00f6r Torsby \u00e4r en av V\u00e4rmlands b\u00e4st&hellip;<\/div>\n                        <div class=\"a-card__bottom-wrapper a-card--turid__bottom-wrapper\" style=\"background-image:url();\">                            <div class=\"a-card__favorite a-card--turid__favorite\"><i class=\"fal fa-heart\"><\/i><\/div>\n                        <div class=\"a-card__tag a-card--turid__tag\"><!-- Button wrapper -->\n\n<a class=\"a-tag a-tag--small\" href=\"https:\/\/www.visitvarmland.com\/kultur-historia\/hus-kulturmiljoer\" target=\"_self\">\n    <span class='a-card--divider'>Hus &#038; kulturmilj\u00f6er<\/span>\n    <\/a><\/div>\n                        <\/div>\n            <\/article>        <\/div>\n        <button class=\"hero-scroll-icon section-scroll-side\" aria-label=\"Next\" aria-hidden=\"true\" tabindex=\"-1\">\n            <div class=\"pre-icon-dot\"><\/div>\n            <div class=\"pre-icon-dot\"><\/div>\n            <i class=\"fal fa-long-arrow-down\" aria-hidden=\"true\"><\/i>\n        <\/button>\n        <button class=\"hero-scroll-icon section-scroll-side-left section-scroll-side-left-hidden\" aria-label=\"Previous\" aria-hidden=\"true\" tabindex=\"-1\">\n            <div class=\"pre-icon-dot\"><\/div>\n            <div class=\"pre-icon-dot\"><\/div>\n            <i class=\"fal fa-long-arrow-down\" aria-hidden=\"true\"><\/i>\n        <\/button>\n    <\/section>\n\n\n","protected":false},"excerpt":{"rendered":"<p>Experiences to Remember Old and new, rest and activity, tranquility and speed, small and large, summer and winter, spring and autumn. In Torsby, you\u2019ll find contrasts that are really just the ends of a long spectrum of fun and exciting experiences. Here, you\u2019ll find opportunities for experiences beyond the ordinary. History and Culture Do you [&hellip;]<\/p>\n","protected":false},"author":400,"featured_media":0,"parent":0,"menu_order":0,"comment_status":"closed","ping_status":"open","template":"","meta":{"_acf_changed":false,"footnotes":""},"class_list":["post-1296","page","type-page","status-publish","hentry"],"acf":[],"lang":"en","translations":{"en":1296,"sv":234},"pll_sync_post":[],"_links":{"self":[{"href":"https:\/\/www.visitvarmland.com\/torsby\/wp-json\/wp\/v2\/pages\/1296","targetHints":{"allow":["GET"]}}],"collection":[{"href":"https:\/\/www.visitvarmland.com\/torsby\/wp-json\/wp\/v2\/pages"}],"about":[{"href":"https:\/\/www.visitvarmland.com\/torsby\/wp-json\/wp\/v2\/types\/page"}],"author":[{"embeddable":true,"href":"https:\/\/www.visitvarmland.com\/torsby\/wp-json\/wp\/v2\/users\/400"}],"replies":[{"embeddable":true,"href":"https:\/\/www.visitvarmland.com\/torsby\/wp-json\/wp\/v2\/comments?post=1296"}],"version-history":[{"count":1,"href":"https:\/\/www.visitvarmland.com\/torsby\/wp-json\/wp\/v2\/pages\/1296\/revisions"}],"predecessor-version":[{"id":1297,"href":"https:\/\/www.visitvarmland.com\/torsby\/wp-json\/wp\/v2\/pages\/1296\/revisions\/1297"}],"wp:attachment":[{"href":"https:\/\/www.visitvarmland.com\/torsby\/wp-json\/wp\/v2\/media?parent=1296"}],"curies":[{"name":"wp","href":"https:\/\/api.w.org\/{rel}","templated":true}]}}