{"id":1306,"date":"2024-12-17T14:57:24","date_gmt":"2024-12-17T13:57:24","guid":{"rendered":"https:\/\/www.visitvarmland.com\/torsby\/?page_id=1306"},"modified":"2024-12-17T14:57:25","modified_gmt":"2024-12-17T13:57:25","slug":"travel-to-torsby","status":"publish","type":"page","link":"https:\/\/www.visitvarmland.com\/torsby\/en\/travel-to-torsby\/","title":{"rendered":"Travel to Torsby"},"content":{"rendered":"\n<div class=\"wp-block-atheme-component-cta atheme-wrapper--full\"><div class=\"atheme-components-cta--decoration-right\"><\/div><div class=\"atheme-components-cta--decoration-left\"><\/div><div class=\"atheme-components-cta\" style=\"height:600px;min-height:300px;background-image:url( https:\/\/www.visitvarmland.com\/torsby\/wp-content\/uploads\/sites\/18\/2024\/12\/171016-Transport-08-Oyvind-Lund-utan-el-1750x700-1.jpg );background-size:cover;background-position:center center;background-attachment:scroll\"><div class=\"atheme-components-cta--overlay\"> <\/div><div class=\"atheme-components-cta--text\"><div><h3>Welcome to Torsby!<\/h3><p>Many Roads Lead to Torsby. Here you\u2019ll find information on how to travel to Torsby.<\/p><div class=\"atheme-components-cta--text-border\"><\/div><\/div><\/div><\/div><\/div>\n\n\n\n<h2 class=\"wp-block-heading\">By Car<\/h2>\n\n\n\n<p>The most traveled route is the <strong>E45<\/strong>, which runs through Torsby and V\u00e4rmland, stretching from Italy to Karesuando. Running east-west, the <strong>E16<\/strong> joins the E45 for part of its journey between Londonderry in Northern Ireland and G\u00e4vle in the east. Another major route is <strong>National Road 62<\/strong>, which passes through the Klar\u00e4lven Valley, connecting Karlstad in the south to L\u00e5ngflon and the Norwegian border in the north.<\/p>\n\n\n\n<h2 class=\"wp-block-heading\">By Plane<\/h2>\n\n\n\n<p>Fly to Torsby! It takes just one hour and fifteen minutes from Arlanda to <strong><a href=\"https:\/\/www.torsbyflygplats.se\/\" target=\"_blank\" rel=\"noopener\">Torsby Airport<\/a><\/strong>. The airport offers daily scheduled flights, as well as business and taxi flights.<\/p>\n\n\n\n<h2 class=\"wp-block-heading\">By Boat<\/h2>\n\n\n\n<p>If you\u2019re arriving in Torsby by boat, it will likely be via the lake <strong>Fryken<\/strong> &#8211; in your own boat, of course. Start in Nedre Fryken, which flows into Mellan Fryken, and finish in \u00d6vre Fryken, where Torsby lies along its northern shore.<\/p>\n\n\n\n<h2 class=\"wp-block-heading\">By Bus<\/h2>\n\n\n\n<p>To reach V\u00e4rmland, you can travel with <a href=\"https:\/\/www.flixbus.se\/\" target=\"_blank\" rel=\"noopener\"><strong>FlixBus<\/strong><\/a>. From Karlstad, continue to Torsby with <strong><a href=\"https:\/\/www.varmlandstrafik.se\/\" target=\"_blank\" rel=\"noopener\">V\u00e4rmlandstrafik<\/a><\/strong>, which serves all of V\u00e4rmland. If you\u2019re coming from Dalarna, <a href=\"https:\/\/www.dalatrafik.se\/#\/\" target=\"_blank\" rel=\"noopener\"><strong>Dalatrafik<\/strong> <\/a>stops at V\u00e4rn\u00e4s in Torsby Municipality, where buses from V\u00e4rmlandstrafik connect.<\/p>\n\n\n\n<h2 class=\"wp-block-heading\">By Train<\/h2>\n\n\n\n<p>Travel along the <strong>Fryksdalsbanan<\/strong>, Sweden&#8217;s most beautiful railway. The Fryksdalsbanan stretches between Karlstad and Torsby and is part of <strong><strong><a href=\"https:\/\/www.varmlandstrafik.se\/\" target=\"_blank\" rel=\"noopener\">V\u00e4rmlandstrafik<\/a><\/strong><\/strong>. To reach Karlstad, you can travel with <strong><a href=\"https:\/\/www.sj.se\/\" target=\"_blank\" rel=\"noopener\">SJ<\/a><\/strong>.<\/p>\n\n\n\n<h2 class=\"wp-block-heading\">By Bike<\/h2>\n\n\n\n<p>Ride your bike to Torsby! The <a href=\"https:\/\/www.visitvarmland.com\/en\/destinations\/klaralvsbanan\/\"><strong>Klar\u00e4lvsleden<\/strong> <\/a>cycle route runs from Syssleb\u00e4ck to Uddeholm, covering 120 km of country roads and gravel paths. From there, it continues as the <a href=\"https:\/\/www.visitvarmland.com\/en\/destinations\/klaralvsbanan\/\"><strong>Klar\u00e4lvsbanan<\/strong> <\/a>along an old railway embankment, offering 90 km of paved cycling trail all the way to Karlstad.<\/p>\n","protected":false},"excerpt":{"rendered":"<p>By Car The most traveled route is the E45, which runs through Torsby and V\u00e4rmland, stretching from Italy to Karesuando. Running east-west, the E16 joins the E45 for part of its journey between Londonderry in Northern Ireland and G\u00e4vle in the east. Another major route is National Road 62, which passes through the Klar\u00e4lven Valley, [&hellip;]<\/p>\n","protected":false},"author":400,"featured_media":0,"parent":0,"menu_order":0,"comment_status":"closed","ping_status":"open","template":"","meta":{"_acf_changed":false,"footnotes":""},"class_list":["post-1306","page","type-page","status-publish","hentry"],"acf":[],"lang":"en","translations":{"en":1306,"sv":207},"pll_sync_post":[],"_links":{"self":[{"href":"https:\/\/www.visitvarmland.com\/torsby\/wp-json\/wp\/v2\/pages\/1306","targetHints":{"allow":["GET"]}}],"collection":[{"href":"https:\/\/www.visitvarmland.com\/torsby\/wp-json\/wp\/v2\/pages"}],"about":[{"href":"https:\/\/www.visitvarmland.com\/torsby\/wp-json\/wp\/v2\/types\/page"}],"author":[{"embeddable":true,"href":"https:\/\/www.visitvarmland.com\/torsby\/wp-json\/wp\/v2\/users\/400"}],"replies":[{"embeddable":true,"href":"https:\/\/www.visitvarmland.com\/torsby\/wp-json\/wp\/v2\/comments?post=1306"}],"version-history":[{"count":1,"href":"https:\/\/www.visitvarmland.com\/torsby\/wp-json\/wp\/v2\/pages\/1306\/revisions"}],"predecessor-version":[{"id":1314,"href":"https:\/\/www.visitvarmland.com\/torsby\/wp-json\/wp\/v2\/pages\/1306\/revisions\/1314"}],"wp:attachment":[{"href":"https:\/\/www.visitvarmland.com\/torsby\/wp-json\/wp\/v2\/media?parent=1306"}],"curies":[{"name":"wp","href":"https:\/\/api.w.org\/{rel}","templated":true}]}}