{"id":213,"date":"2021-05-18T17:48:47","date_gmt":"2021-05-18T15:48:47","guid":{"rendered":"https:\/\/www.visitvarmland.com\/torsby\/?page_id=213"},"modified":"2025-08-21T15:07:42","modified_gmt":"2025-08-21T13:07:42","slug":"besoksinformation","status":"publish","type":"page","link":"https:\/\/www.visitvarmland.com\/torsby\/besoksinformation\/","title":{"rendered":"Torsby turistinformation"},"content":{"rendered":"\n<div class=\"wp-block-atheme-component-cta atheme-wrapper--full\"><div class=\"atheme-components-cta--decoration-right\"><\/div><div class=\"atheme-components-cta--decoration-left\"><\/div><div class=\"atheme-components-cta\" style=\"height:600px;min-height:300px;background-image:url( https:\/\/www.visitvarmland.com\/torsby\/wp-content\/uploads\/sites\/18\/2024\/12\/Tingshuset-2500px.jpg );background-size:cover;background-position:center center;background-attachment:scroll\"><div class=\"atheme-components-cta--overlay\"> <\/div><div class=\"atheme-components-cta--text\"><div><h3>Torsby Turistinformation<\/h3><p>Ni hittar oss i Tingshuset i Torsby centrum. <\/p><div class=\"atheme-components-cta--text-border\"><\/div><\/div><\/div><\/div><\/div>\n\n\n\n<h2 class=\"wp-block-heading\">Hittar du inte det du s\u00f6ker? H\u00f6r av dig till oss!<\/h2>\n\n\n\n<div class=\"wp-block-columns is-layout-flex wp-container-core-columns-is-layout-9d6595d7 wp-block-columns-is-layout-flex\">\n<div class=\"wp-block-column is-layout-flow wp-block-column-is-layout-flow\" style=\"flex-basis:66.66%\">\n<p>P\u00e5 J\u00e4rnv\u00e4gsgatan 9, i Torsby centrum hittar du Torsby turistinformation. Turistinformationen \u00e4r bemannad av personal under sommarperioden, juni-juli-aug. P\u00e5 l\u00e5gs\u00e4song n\u00e5r du oss p\u00e5 telefon 0560-160 50, \u00f6vriga tider via mail <a href=\"mailto:turist@torsby.se\">turist@torsby.se<\/a>. <\/p>\n<\/div>\n\n\n\n<div class=\"wp-block-column is-layout-flow wp-block-column-is-layout-flow\" style=\"flex-basis:33.33%\">\n<figure class=\"wp-block-image size-full is-resized\"><img loading=\"lazy\" decoding=\"async\" width=\"224\" height=\"225\" src=\"https:\/\/www.visitvarmland.com\/torsby\/wp-content\/uploads\/sites\/18\/2025\/03\/i-gron.png\" alt=\"\" class=\"wp-image-1368\" style=\"width:123px;height:auto\" srcset=\"https:\/\/www.visitvarmland.com\/app\/uploads\/sites\/18\/2025\/03\/i-gron.png 224w, https:\/\/www.visitvarmland.com\/app\/uploads\/sites\/18\/2025\/03\/i-gron-150x150.png 150w\" sizes=\"auto, (max-width: 224px) 100vw, 224px\" \/><\/figure>\n<\/div>\n<\/div>\n\n\n\n<p><strong>\u00d6ppettider h\u00f6gs\u00e4song<\/strong><br><strong>Juni &#8211; Juli &#8211; Augusti vecka 33<\/strong>:<br>M\u00e5ndag-Fredag 10.00-17.00<\/p>\n\n\n\n<p><strong>Telefontider l\u00e5gs\u00e4ssong<br>Augusti vecka 34 &#8211; Maj:<\/strong><br>M\u00e5ndag 8.00-12.00<br>Torsdag 8.00-12.00<\/p>\n\n\n\n<p>Det finns informationsmaterial att h\u00e4mta p\u00e5 J\u00e4rnv\u00e4gsgatan 9, sj\u00e4lvservice.<\/p>\n\n\n\n<p><strong>Kontakt:<\/strong><br>Telefon +46(0)560-160 50<br>Mail <a href=\"mailto:turist@torsby.se\">turist@torsby.se<\/a><br><br><strong>Vi finns ocks\u00e5 p\u00e5:<\/strong><br>Facebook: <a href=\"https:\/\/www.facebook.com\/visittorsby\" target=\"_blank\" rel=\"noopener\">@visittorsby<\/a><br>Instagram: <a href=\"https:\/\/www.instagram.com\/visittorsby\/\" data-type=\"URL\" data-id=\"https:\/\/www.instagram.com\/visittorsby\/\" target=\"_blank\" rel=\"noopener\">@visittorsby<\/a><\/p>\n\n\n\n<h2 class=\"wp-block-heading\">Bes\u00f6k n\u00e5gon av v\u00e5ra InfoPoints!<\/h2>\n\n\n\n<div class=\"wp-block-columns is-layout-flex wp-container-core-columns-is-layout-9d6595d7 wp-block-columns-is-layout-flex\">\n<div class=\"wp-block-column is-layout-flow wp-block-column-is-layout-flow\" style=\"flex-basis:66.66%\">\n<p>En InfoPoint \u00e4r en bemannad turistserviceplats med det vit\/gr\u00f6na InfoPoint m\u00e4rket. Vi har ocks\u00e5 informationsmaterial hos lanthandlarna runt om i kommunen.<\/p>\n<\/div>\n<\/div>\n\n\n\n<div class=\"wp-block-atheme-component-facts atheme-wrapper\"><div class=\"atheme-facts\"><h3>InfoPoint: Syssleb\u00e4cks Bibliotek<\/h3><p>Torget 2<br>680 60 Syssleb\u00e4ck<br>Tel. 0560-166 44<br><br><strong>\u00d6ppettider:<\/strong><br>M\u00e5ndag 13.00 &#8211; 18.00<br>Onsdag 13.00 &#8211; 18.00<br>Fredag 13.00 &#8211; 15.00<\/p><\/div><\/div>\n\n\n\n<div class=\"wp-block-atheme-component-facts atheme-wrapper\"><div class=\"atheme-facts\"><h3>InfoPoint: <strong>Utmarksmuseet<\/strong><\/h3><p><strong>Utmarksmuseet<br><\/strong>Ransby,&nbsp;Gammelv\u00e4gen 44<br>680 60 Syssleb\u00e4ck<br>Tel. 0564-431 05<br><br><strong>\u00d6ppettider 1 sep &#8211; 31 maj:<\/strong><br>Fredag &#8211; tisdag kl. 11.00-17.00<br>Onsdag och torsdag st\u00e4ngt.<br><br><strong>\u00d6ppettider 1 juni &#8211; 31 augusti<\/strong>:<br>M\u00e5ndag &#8211; s\u00f6ndag kl. 11.00-17.00<\/p><\/div><\/div>\n\n\n\n<div class=\"wp-block-atheme-component-facts atheme-wrapper\"><div class=\"atheme-facts\"><h3>Infopoint: Torsby Skidtunnel &amp; Sportcenter<\/h3><p><strong>Torsby Skidtunnel &amp; Sportcenter<\/strong><br>Torsby, Vasserudsv\u00e4gen 11<br>685 34 Torsby<br>Tel. 0560-270 00<br><br><strong>\u00d6ppettider:<\/strong><br>Se \u00f6ppettider p\u00e5 www.skidtunnel.se<\/p><\/div><\/div>\n\n\n\n<p><\/p>\n","protected":false},"excerpt":{"rendered":"<p>Hittar du inte det du s\u00f6ker? H\u00f6r av dig till oss! P\u00e5 J\u00e4rnv\u00e4gsgatan 9, i Torsby centrum hittar du Torsby turistinformation. Turistinformationen \u00e4r bemannad av personal under sommarperioden, juni-juli-aug. P\u00e5 l\u00e5gs\u00e4song n\u00e5r du oss p\u00e5 telefon 0560-160 50, \u00f6vriga tider via mail turist@torsby.se. \u00d6ppettider h\u00f6gs\u00e4songJuni &#8211; Juli &#8211; Augusti vecka 33:M\u00e5ndag-Fredag 10.00-17.00 Telefontider l\u00e5gs\u00e4ssongAugusti vecka [&hellip;]<\/p>\n","protected":false},"author":11,"featured_media":0,"parent":0,"menu_order":0,"comment_status":"closed","ping_status":"open","template":"","meta":{"_acf_changed":false,"footnotes":""},"class_list":["post-213","page","type-page","status-publish","hentry"],"acf":[],"lang":"sv","translations":{"sv":213,"en":1300},"pll_sync_post":[],"_links":{"self":[{"href":"https:\/\/www.visitvarmland.com\/torsby\/wp-json\/wp\/v2\/pages\/213","targetHints":{"allow":["GET"]}}],"collection":[{"href":"https:\/\/www.visitvarmland.com\/torsby\/wp-json\/wp\/v2\/pages"}],"about":[{"href":"https:\/\/www.visitvarmland.com\/torsby\/wp-json\/wp\/v2\/types\/page"}],"author":[{"embeddable":true,"href":"https:\/\/www.visitvarmland.com\/torsby\/wp-json\/wp\/v2\/users\/11"}],"replies":[{"embeddable":true,"href":"https:\/\/www.visitvarmland.com\/torsby\/wp-json\/wp\/v2\/comments?post=213"}],"version-history":[{"count":70,"href":"https:\/\/www.visitvarmland.com\/torsby\/wp-json\/wp\/v2\/pages\/213\/revisions"}],"predecessor-version":[{"id":1569,"href":"https:\/\/www.visitvarmland.com\/torsby\/wp-json\/wp\/v2\/pages\/213\/revisions\/1569"}],"wp:attachment":[{"href":"https:\/\/www.visitvarmland.com\/torsby\/wp-json\/wp\/v2\/media?parent=213"}],"curies":[{"name":"wp","href":"https:\/\/api.w.org\/{rel}","templated":true}]}}